{"id":1437,"date":"2018-01-12T00:52:19","date_gmt":"2018-01-11T22:52:19","guid":{"rendered":"http:\/\/www.arteflamenco.ee\/esinemisprogrammid\/"},"modified":"2024-02-14T16:22:23","modified_gmt":"2024-02-14T14:22:23","slug":"esinemisprogrammid","status":"publish","type":"page","link":"https:\/\/www.arteflamenco.ee\/en\/esinemisprogrammid\/","title":{"rendered":"SHOW PROGRAMS"},"content":{"rendered":"\n<style type=\"text\/css\" data-created_by=\"avia_inline_auto\" id=\"style-css-av-av_heading-46cb24974ecfedf635d7e8bd10b6e3a1\">\n#top .av-special-heading.av-av_heading-46cb24974ecfedf635d7e8bd10b6e3a1{\npadding-bottom:10px;\n}\nbody .av-special-heading.av-av_heading-46cb24974ecfedf635d7e8bd10b6e3a1 .av-special-heading-tag .heading-char{\nfont-size:25px;\n}\n.av-special-heading.av-av_heading-46cb24974ecfedf635d7e8bd10b6e3a1 .av-subheading{\nfont-size:15px;\n}\n<\/style>\n<div  class='av-special-heading av-av_heading-46cb24974ecfedf635d7e8bd10b6e3a1 av-special-heading-h1 blockquote modern-quote  avia-builder-el-0  el_before_av_hr  avia-builder-el-first '><h1 class='av-special-heading-tag '  itemprop=\"headline\"  >SHOW PROGRAMS<\/h1><div class=\"special-heading-border\"><div class=\"special-heading-inner-border\"><\/div><\/div><\/div>\n\n<style type=\"text\/css\" data-created_by=\"avia_inline_auto\" id=\"style-css-av-av_hr-741ab06d0690c1111415ef58b6e9dc92\">\n#top .hr.hr-invisible.av-av_hr-741ab06d0690c1111415ef58b6e9dc92{\nheight:40px;\n}\n<\/style>\n<div  class='hr av-av_hr-741ab06d0690c1111415ef58b6e9dc92 hr-invisible  avia-builder-el-1  el_after_av_heading  el_before_av_one_full '><span class='hr-inner '><span class=\"hr-inner-style\"><\/span><\/span><\/div>\n\n<style type=\"text\/css\" data-created_by=\"avia_inline_auto\" id=\"style-css-av-av_one_full-15d750bd1b332b34c6e70b077ebbccdf\">\n.flex_column.av-av_one_full-15d750bd1b332b34c6e70b077ebbccdf{\nborder-radius:0px 0px 0px 0px;\npadding:0px 0px 0px 0px;\n}\n<\/style>\n<div  class='flex_column av-av_one_full-15d750bd1b332b34c6e70b077ebbccdf av_one_full  avia-builder-el-2  el_after_av_hr  avia-builder-el-last  first flex_column_div av-zero-column-padding  '     ><section  class='av_textblock_section av-av_textblock-2de302bf1aa3cf4c9157dbe6f50ac7eb '   itemscope=\"itemscope\" itemtype=\"https:\/\/schema.org\/CreativeWork\" ><div class='avia_textblock'  itemprop=\"text\" ><p class=\"p1\"><span class=\"s1\">Arte Flamenco studio has its own professional show group. It is possible to <strong><a href=\"http:\/\/www.arteflamenco.ee\/en\/kontakt\/\">invite the group to perform<\/a><\/strong> during an event. Group repertoire includes traditional flamenco, classical Spanish dance and very popular flamenco nuevo, which is influenced by different dance and music styles. <\/span><\/p>\n<p class=\"p2\"><span class=\"s2\">Show group consists of <strong><a href=\"http:\/\/www.arteflamenco.ee\/en\/meist\/maria-raak\/\">Maria R\u00e4\u00e4k<\/a><\/strong>, <strong>Elisa Ritsing, Margot Salumets, Carmen Frei, Evelina Esolainen, Kirke Kaldoja, Marion Kaldoja, Sofia Bolsakova, Veronika Esolainen<\/strong><\/span><span class=\"s2\">.<\/span><\/p>\n<p class=\"p2\"><span class=\"s2\">Music is provided by <!-- <\/span><span class=\"s3\">Jorge Arena (guitar), --><strong>Indrek Kruusimaa<\/strong> (guitar), <strong>Adrian Bravo<\/strong> (violin), <strong>Ruber Veliz<\/strong> (song), <strong>Reigo Ahven<\/strong> (cajon), <strong>Maria R\u00e4\u00e4k<\/strong> (song, castanets).<\/span><\/p>\n<p class=\"p1\"><span class=\"s1\">It is possible to order a show program with recorded music or with live music. Duration of program and number of dancers depend on your choice. Flamenco is good for gala evening (family events, corporate events), for events in theatre or concert halls (conferences, presentations, anniversaries).<\/span><\/p>\n<p class=\"p1\"><span class=\"s1\">Price of show program depends on the number of performers and the type of music (recorded or live).<\/span><\/p>\n<p class=\"p1\"><span class=\"s1\"><strong><a href=\"http:\/\/www.arteflamenco.ee\/en\/kontakt\/\">Contact us and<\/a> <\/strong>we will compose the most suitable program for you!<\/span><\/p>\n<\/div><\/section><br \/>\n\n<style type=\"text\/css\" data-created_by=\"avia_inline_auto\" id=\"style-css-av-av_hr-616cd310f4c6bf63bbd1f033802c1165\">\n#top .hr.hr-invisible.av-av_hr-616cd310f4c6bf63bbd1f033802c1165{\nheight:20px;\n}\n<\/style>\n<div  class='hr av-av_hr-616cd310f4c6bf63bbd1f033802c1165 hr-invisible  avia-builder-el-4  el_after_av_textblock  el_before_av_button '><span class='hr-inner '><span class=\"hr-inner-style\"><\/span><\/span><\/div><br \/>\n<div  class='avia-button-wrap av-av_button-da5dd64a471d8ded722391cea7bccf8e-wrap avia-button-center  avia-builder-el-5  el_after_av_hr  el_before_av_hr '><a href='https:\/\/www.arteflamenco.ee\/en\/kontakt\/'  class='avia-button av-av_button-da5dd64a471d8ded722391cea7bccf8e av-link-btn avia-icon_select-no avia-size-large avia-position-center avia-color-theme-color-highlight'   aria-label=\"Invite to perform\"><span class='avia_iconbox_title' >Invite to perform<\/span><\/a><\/div><br \/>\n\n<style type=\"text\/css\" data-created_by=\"avia_inline_auto\" id=\"style-css-av-av_hr-741ab06d0690c1111415ef58b6e9dc92\">\n#top .hr.hr-invisible.av-av_hr-741ab06d0690c1111415ef58b6e9dc92{\nheight:40px;\n}\n<\/style>\n<div  class='hr av-av_hr-741ab06d0690c1111415ef58b6e9dc92 hr-invisible  avia-builder-el-6  el_after_av_button  el_before_av_image '><span class='hr-inner '><span class=\"hr-inner-style\"><\/span><\/span><\/div><br \/>\n\n<style type=\"text\/css\" data-created_by=\"avia_inline_auto\" id=\"style-css-av-av_image-b071cbbf667909ef0d9c8762f1e7d9bf\">\n.avia-image-container.av-av_image-b071cbbf667909ef0d9c8762f1e7d9bf img.avia_image{\nbox-shadow:none;\n}\n.avia-image-container.av-av_image-b071cbbf667909ef0d9c8762f1e7d9bf .av-image-caption-overlay-center{\ncolor:#ffffff;\n}\n<\/style>\n<div  class='avia-image-container av-av_image-b071cbbf667909ef0d9c8762f1e7d9bf av-styling-no-styling avia-align-center  avia-builder-el-7  el_after_av_hr  avia-builder-el-last '   itemprop=\"image\" itemscope=\"itemscope\" itemtype=\"https:\/\/schema.org\/ImageObject\" ><div class=\"avia-image-container-inner\"><div class=\"avia-image-overlay-wrap\"><img decoding=\"async\" fetchpriority=\"high\" class='wp-image-392 avia-img-lazy-loading-not-392 avia_image ' src=\"https:\/\/www.arteflamenco.ee\/wp-content\/uploads\/DSC_6003_\u00a9indrek-arula-1500x994.jpg\" alt='Esinemisprogramm' title='Arteflamenco esinemisr\u00fchm'  height=\"994\" width=\"1500\"  itemprop=\"thumbnailUrl\" srcset=\"https:\/\/www.arteflamenco.ee\/wp-content\/uploads\/DSC_6003_\u00a9indrek-arula-1500x994.jpg 1500w, https:\/\/www.arteflamenco.ee\/wp-content\/uploads\/DSC_6003_\u00a9indrek-arula-400x265.jpg 400w, https:\/\/www.arteflamenco.ee\/wp-content\/uploads\/DSC_6003_\u00a9indrek-arula-768x509.jpg 768w, https:\/\/www.arteflamenco.ee\/wp-content\/uploads\/DSC_6003_\u00a9indrek-arula-1200x795.jpg 1200w, https:\/\/www.arteflamenco.ee\/wp-content\/uploads\/DSC_6003_\u00a9indrek-arula-705x467.jpg 705w, https:\/\/www.arteflamenco.ee\/wp-content\/uploads\/DSC_6003_\u00a9indrek-arula-450x298.jpg 450w\" sizes=\"(max-width: 1500px) 100vw, 1500px\" \/><\/div><\/div><\/div><\/p><\/div>\n","protected":false},"excerpt":{"rendered":"","protected":false},"author":1,"featured_media":0,"parent":0,"menu_order":0,"comment_status":"closed","ping_status":"closed","template":"","meta":{"footnotes":""},"yoast_head":"<!-- This site is optimized with the Yoast SEO plugin v23.5 - https:\/\/yoast.com\/wordpress\/plugins\/seo\/ -->\n<title>Arte Flameco Stuudio esinemisprogrammide tutvustus. Kutsu esinema!<\/title>\n<meta name=\"description\" content=\"Stuudio professionaalset tantsutruppi on v\u00f5imalik oma \u00fcritustele esinema kutsuda. V\u00f5imalik on tellida eeskava salvestatud muusikaga v\u00f5i elava muusikaga, programmi pikkus ja trupi suurus vastavalt tellija soovile. V\u00f5ta meiega \u00fchendust - loome just Sinu \u00fcritusele sobiva eeskava! info +372 51 46 223, maria@arteflamenco.ee\" \/>\n<meta name=\"robots\" content=\"index, follow, max-snippet:-1, max-image-preview:large, max-video-preview:-1\" \/>\n<link rel=\"canonical\" href=\"https:\/\/www.arteflamenco.ee\/en\/esinemisprogrammid\/\" \/>\n<meta property=\"og:locale\" content=\"en_US\" \/>\n<meta property=\"og:type\" content=\"article\" \/>\n<meta property=\"og:title\" content=\"Arte Flameco Stuudio esinemisprogrammide tutvustus. Kutsu esinema!\" \/>\n<meta property=\"og:description\" content=\"Stuudio professionaalset tantsutruppi on v\u00f5imalik oma \u00fcritustele esinema kutsuda. V\u00f5imalik on tellida eeskava salvestatud muusikaga v\u00f5i elava muusikaga, programmi pikkus ja trupi suurus vastavalt tellija soovile. V\u00f5ta meiega \u00fchendust - loome just Sinu \u00fcritusele sobiva eeskava! info +372 51 46 223, maria@arteflamenco.ee\" \/>\n<meta property=\"og:url\" content=\"https:\/\/www.arteflamenco.ee\/en\/esinemisprogrammid\/\" \/>\n<meta property=\"og:site_name\" content=\"arteflamenco\" \/>\n<meta property=\"article:modified_time\" content=\"2024-02-14T14:22:23+00:00\" \/>\n<meta name=\"twitter:card\" content=\"summary_large_image\" \/>\n<meta name=\"twitter:label1\" content=\"Est. reading time\" \/>\n\t<meta name=\"twitter:data1\" content=\"2 minutes\" \/>\n<script type=\"application\/ld+json\" class=\"yoast-schema-graph\">{\"@context\":\"https:\/\/schema.org\",\"@graph\":[{\"@type\":\"WebPage\",\"@id\":\"https:\/\/www.arteflamenco.ee\/en\/esinemisprogrammid\/\",\"url\":\"https:\/\/www.arteflamenco.ee\/en\/esinemisprogrammid\/\",\"name\":\"Arte Flameco Stuudio esinemisprogrammide tutvustus. Kutsu esinema!\",\"isPartOf\":{\"@id\":\"https:\/\/www.arteflamenco.ee\/#website\"},\"datePublished\":\"2018-01-11T22:52:19+00:00\",\"dateModified\":\"2024-02-14T14:22:23+00:00\",\"description\":\"Stuudio professionaalset tantsutruppi on v\u00f5imalik oma \u00fcritustele esinema kutsuda. V\u00f5imalik on tellida eeskava salvestatud muusikaga v\u00f5i elava muusikaga, programmi pikkus ja trupi suurus vastavalt tellija soovile. V\u00f5ta meiega \u00fchendust - loome just Sinu \u00fcritusele sobiva eeskava! info +372 51 46 223, maria@arteflamenco.ee\",\"breadcrumb\":{\"@id\":\"https:\/\/www.arteflamenco.ee\/en\/esinemisprogrammid\/#breadcrumb\"},\"inLanguage\":\"en-US\",\"potentialAction\":[{\"@type\":\"ReadAction\",\"target\":[\"https:\/\/www.arteflamenco.ee\/en\/esinemisprogrammid\/\"]}]},{\"@type\":\"BreadcrumbList\",\"@id\":\"https:\/\/www.arteflamenco.ee\/en\/esinemisprogrammid\/#breadcrumb\",\"itemListElement\":[{\"@type\":\"ListItem\",\"position\":1,\"name\":\"Home\",\"item\":\"https:\/\/www.arteflamenco.ee\/en\/\"},{\"@type\":\"ListItem\",\"position\":2,\"name\":\"SHOW PROGRAMS\"}]},{\"@type\":\"WebSite\",\"@id\":\"https:\/\/www.arteflamenco.ee\/#website\",\"url\":\"https:\/\/www.arteflamenco.ee\/\",\"name\":\"arteflamenco\",\"description\":\"Stuudio Arteflamenco koduleht\",\"potentialAction\":[{\"@type\":\"SearchAction\",\"target\":{\"@type\":\"EntryPoint\",\"urlTemplate\":\"https:\/\/www.arteflamenco.ee\/?s={search_term_string}\"},\"query-input\":{\"@type\":\"PropertyValueSpecification\",\"valueRequired\":true,\"valueName\":\"search_term_string\"}}],\"inLanguage\":\"en-US\"}]}<\/script>\n<!-- \/ Yoast SEO plugin. -->","yoast_head_json":{"title":"Arte Flameco Stuudio esinemisprogrammide tutvustus. Kutsu esinema!","description":"Stuudio professionaalset tantsutruppi on v\u00f5imalik oma \u00fcritustele esinema kutsuda. V\u00f5imalik on tellida eeskava salvestatud muusikaga v\u00f5i elava muusikaga, programmi pikkus ja trupi suurus vastavalt tellija soovile. V\u00f5ta meiega \u00fchendust - loome just Sinu \u00fcritusele sobiva eeskava! info +372 51 46 223, maria@arteflamenco.ee","robots":{"index":"index","follow":"follow","max-snippet":"max-snippet:-1","max-image-preview":"max-image-preview:large","max-video-preview":"max-video-preview:-1"},"canonical":"https:\/\/www.arteflamenco.ee\/en\/esinemisprogrammid\/","og_locale":"en_US","og_type":"article","og_title":"Arte Flameco Stuudio esinemisprogrammide tutvustus. Kutsu esinema!","og_description":"Stuudio professionaalset tantsutruppi on v\u00f5imalik oma \u00fcritustele esinema kutsuda. V\u00f5imalik on tellida eeskava salvestatud muusikaga v\u00f5i elava muusikaga, programmi pikkus ja trupi suurus vastavalt tellija soovile. V\u00f5ta meiega \u00fchendust - loome just Sinu \u00fcritusele sobiva eeskava! info +372 51 46 223, maria@arteflamenco.ee","og_url":"https:\/\/www.arteflamenco.ee\/en\/esinemisprogrammid\/","og_site_name":"arteflamenco","article_modified_time":"2024-02-14T14:22:23+00:00","twitter_card":"summary_large_image","twitter_misc":{"Est. reading time":"2 minutes"},"schema":{"@context":"https:\/\/schema.org","@graph":[{"@type":"WebPage","@id":"https:\/\/www.arteflamenco.ee\/en\/esinemisprogrammid\/","url":"https:\/\/www.arteflamenco.ee\/en\/esinemisprogrammid\/","name":"Arte Flameco Stuudio esinemisprogrammide tutvustus. Kutsu esinema!","isPartOf":{"@id":"https:\/\/www.arteflamenco.ee\/#website"},"datePublished":"2018-01-11T22:52:19+00:00","dateModified":"2024-02-14T14:22:23+00:00","description":"Stuudio professionaalset tantsutruppi on v\u00f5imalik oma \u00fcritustele esinema kutsuda. V\u00f5imalik on tellida eeskava salvestatud muusikaga v\u00f5i elava muusikaga, programmi pikkus ja trupi suurus vastavalt tellija soovile. V\u00f5ta meiega \u00fchendust - loome just Sinu \u00fcritusele sobiva eeskava! info +372 51 46 223, maria@arteflamenco.ee","breadcrumb":{"@id":"https:\/\/www.arteflamenco.ee\/en\/esinemisprogrammid\/#breadcrumb"},"inLanguage":"en-US","potentialAction":[{"@type":"ReadAction","target":["https:\/\/www.arteflamenco.ee\/en\/esinemisprogrammid\/"]}]},{"@type":"BreadcrumbList","@id":"https:\/\/www.arteflamenco.ee\/en\/esinemisprogrammid\/#breadcrumb","itemListElement":[{"@type":"ListItem","position":1,"name":"Home","item":"https:\/\/www.arteflamenco.ee\/en\/"},{"@type":"ListItem","position":2,"name":"SHOW PROGRAMS"}]},{"@type":"WebSite","@id":"https:\/\/www.arteflamenco.ee\/#website","url":"https:\/\/www.arteflamenco.ee\/","name":"arteflamenco","description":"Stuudio Arteflamenco koduleht","potentialAction":[{"@type":"SearchAction","target":{"@type":"EntryPoint","urlTemplate":"https:\/\/www.arteflamenco.ee\/?s={search_term_string}"},"query-input":{"@type":"PropertyValueSpecification","valueRequired":true,"valueName":"search_term_string"}}],"inLanguage":"en-US"}]}},"_links":{"self":[{"href":"https:\/\/www.arteflamenco.ee\/en\/wp-json\/wp\/v2\/pages\/1437"}],"collection":[{"href":"https:\/\/www.arteflamenco.ee\/en\/wp-json\/wp\/v2\/pages"}],"about":[{"href":"https:\/\/www.arteflamenco.ee\/en\/wp-json\/wp\/v2\/types\/page"}],"author":[{"embeddable":true,"href":"https:\/\/www.arteflamenco.ee\/en\/wp-json\/wp\/v2\/users\/1"}],"replies":[{"embeddable":true,"href":"https:\/\/www.arteflamenco.ee\/en\/wp-json\/wp\/v2\/comments?post=1437"}],"version-history":[{"count":11,"href":"https:\/\/www.arteflamenco.ee\/en\/wp-json\/wp\/v2\/pages\/1437\/revisions"}],"predecessor-version":[{"id":3349,"href":"https:\/\/www.arteflamenco.ee\/en\/wp-json\/wp\/v2\/pages\/1437\/revisions\/3349"}],"wp:attachment":[{"href":"https:\/\/www.arteflamenco.ee\/en\/wp-json\/wp\/v2\/media?parent=1437"}],"curies":[{"name":"wp","href":"https:\/\/api.w.org\/{rel}","templated":true}]}}