{"id":1441,"date":"2018-01-12T00:53:09","date_gmt":"2018-01-11T22:53:09","guid":{"rendered":"http:\/\/www.arteflamenco.ee\/kontakt\/"},"modified":"2020-02-25T18:27:59","modified_gmt":"2020-02-25T16:27:59","slug":"kontakt","status":"publish","type":"page","link":"https:\/\/www.arteflamenco.ee\/en\/kontakt\/","title":{"rendered":"CONTACT"},"content":{"rendered":"\n<style type=\"text\/css\" data-created_by=\"avia_inline_auto\" id=\"style-css-av-av_one_half-15d750bd1b332b34c6e70b077ebbccdf\">\n.flex_column.av-av_one_half-15d750bd1b332b34c6e70b077ebbccdf{\nborder-radius:0px 0px 0px 0px;\npadding:0px 0px 0px 0px;\n}\n<\/style>\n<div  class='flex_column av-av_one_half-15d750bd1b332b34c6e70b077ebbccdf av_one_half  avia-builder-el-0  el_before_av_one_half  avia-builder-el-first  first flex_column_div av-zero-column-padding  '     ><section  class='av_textblock_section av-av_textblock-2de302bf1aa3cf4c9157dbe6f50ac7eb '   itemscope=\"itemscope\" itemtype=\"https:\/\/schema.org\/CreativeWork\" ><div class='avia_textblock'  itemprop=\"text\" ><p class=\"p1\"><span class=\"s1\">Arte Flamenco studio is located in <strong><a href=\"https:\/\/www.google.ee\/maps\/place\/Tondi+8a,+11312+Tallinn\/data=!4m2!3m1!1s0x469294bfc8c4543b:0x50890761dcb67be9?sa=X&amp;ved=0ahUKEwj7kaeGi-DYAhXJ2CwKHQRTB1AQ8gEIJTAA\">Tondi 8\u0410<\/a><\/strong>, <strong>ground floor<\/strong><\/span><\/p>\n<p class=\"p1\"><span class=\"s1\">Crossing of P\u00e4rnu road and Tondi street, Tallinn-V\u00e4ike stop (tram 3, 4; bus 5, 18, 20, 28, 36), yellow building behind Olerex gas station (enter from backyard).<\/span><\/p>\n<p>Info ph\u00a0<a href=\"tel:+3725146223\">+372 51 46 223<\/a> Maria R\u00e4\u00e4k<br \/>\ne-mail\u00a0<a href=\"mailto:maria@arteflamenco.ee\">maria@arteflamenco.ee<\/a><\/p>\n<p>Company data: Remolino O\u00dc | account EE452200221018561161 Swedbank<\/p>\n<\/div><\/section><br \/>\n<\/p><\/div>\n\n<style type=\"text\/css\" data-created_by=\"avia_inline_auto\" id=\"style-css-av-av_one_half-ecaf8cddd57777828b194e3f7635c3cc\">\n.flex_column.av-av_one_half-ecaf8cddd57777828b194e3f7635c3cc{\nborder-radius:0px 0px 0px 0px;\npadding:15px 15px 15px 15px;\nbackground-color:#ffffff;\n}\n<\/style>\n<div  class='flex_column av-av_one_half-ecaf8cddd57777828b194e3f7635c3cc av_one_half  avia-builder-el-3  el_after_av_one_half  avia-builder-el-last  flex_column_div  '     ><p>\n<style type=\"text\/css\" data-created_by=\"avia_inline_auto\" id=\"style-css-av-av_hr-6ec09fa25173fb98c0aabbac69f87068\">\n#top .hr.hr-invisible.av-av_hr-6ec09fa25173fb98c0aabbac69f87068{\nmargin-top:-20px;\nheight:1px;\n}\n<\/style>\n<div  class='hr av-av_hr-6ec09fa25173fb98c0aabbac69f87068 hr-invisible  avia-builder-el-4  el_before_av_heading  avia-builder-el-first '><span class='hr-inner '><span class=\"hr-inner-style\"><\/span><\/span><\/div><br \/>\n\n<style type=\"text\/css\" data-created_by=\"avia_inline_auto\" id=\"style-css-av-av_heading-0886155bd406b70d05e00d02833070c8\">\n#top .av-special-heading.av-av_heading-0886155bd406b70d05e00d02833070c8{\npadding-bottom:10px;\nfont-size:32px;\n}\nbody .av-special-heading.av-av_heading-0886155bd406b70d05e00d02833070c8 .av-special-heading-tag .heading-char{\nfont-size:25px;\n}\n#top #wrap_all .av-special-heading.av-av_heading-0886155bd406b70d05e00d02833070c8 .av-special-heading-tag{\nfont-size:32px;\n}\n.av-special-heading.av-av_heading-0886155bd406b70d05e00d02833070c8 .av-subheading{\nfont-size:15px;\n}\n\n@media only screen and (min-width: 480px) and (max-width: 767px){ \n#top #wrap_all .av-special-heading.av-av_heading-0886155bd406b70d05e00d02833070c8 .av-special-heading-tag{\nfont-size:0.8em;\n}\n}\n\n@media only screen and (max-width: 479px){ \n#top #wrap_all .av-special-heading.av-av_heading-0886155bd406b70d05e00d02833070c8 .av-special-heading-tag{\nfont-size:0.8em;\n}\n}\n<\/style>\n<div  class='av-special-heading av-av_heading-0886155bd406b70d05e00d02833070c8 av-special-heading-h1 blockquote modern-quote  avia-builder-el-5  el_after_av_hr  el_before_av_textblock  av-inherit-size'><h1 class='av-special-heading-tag '  itemprop=\"headline\"  >SIGN UP FOR THE COURSE THROUGH THIS FORM!<\/h1><div class=\"special-heading-border\"><div class=\"special-heading-inner-border\"><\/div><\/div><\/div><br \/>\n<section  class='av_textblock_section av-av_textblock-2de302bf1aa3cf4c9157dbe6f50ac7eb '   itemscope=\"itemscope\" itemtype=\"https:\/\/schema.org\/CreativeWork\" ><div class='avia_textblock'  itemprop=\"text\" >\n<div class=\"wpcf7 no-js\" id=\"wpcf7-f2404-o1\" lang=\"et\" dir=\"ltr\">\n<div class=\"screen-reader-response\"><p role=\"status\" aria-live=\"polite\" aria-atomic=\"true\"><\/p> <ul><\/ul><\/div>\n<form action=\"\/en\/wp-json\/wp\/v2\/pages\/1441#wpcf7-f2404-o1\" method=\"post\" class=\"wpcf7-form init\" aria-label=\"Contact form\" novalidate=\"novalidate\" data-status=\"init\">\n<div style=\"display: none;\">\n<input type=\"hidden\" name=\"_wpcf7\" value=\"2404\" \/>\n<input type=\"hidden\" name=\"_wpcf7_version\" value=\"5.9.8\" \/>\n<input type=\"hidden\" name=\"_wpcf7_locale\" value=\"et\" \/>\n<input type=\"hidden\" name=\"_wpcf7_unit_tag\" value=\"wpcf7-f2404-o1\" \/>\n<input type=\"hidden\" name=\"_wpcf7_container_post\" value=\"0\" \/>\n<input type=\"hidden\" name=\"_wpcf7_posted_data_hash\" value=\"\" \/>\n<input type=\"hidden\" name=\"_wpcf7_recaptcha_response\" value=\"\" \/>\n<\/div>\n<p><label> Name *<br \/>\n<span class=\"wpcf7-form-control-wrap\" data-name=\"your-name\"><input size=\"40\" maxlength=\"400\" class=\"wpcf7-form-control wpcf7-text wpcf7-validates-as-required\" aria-required=\"true\" aria-invalid=\"false\" value=\"\" type=\"text\" name=\"your-name\" \/><\/span> <\/label>\n<\/p>\n<p><label> E-mail *<br \/>\n<span class=\"wpcf7-form-control-wrap\" data-name=\"your-email\"><input size=\"40\" maxlength=\"400\" class=\"wpcf7-form-control wpcf7-email wpcf7-validates-as-required wpcf7-text wpcf7-validates-as-email\" aria-required=\"true\" aria-invalid=\"false\" value=\"\" type=\"email\" name=\"your-email\" \/><\/span> <\/label>\n<\/p>\n<p><label> Phone *<br \/>\n<span class=\"wpcf7-form-control-wrap\" data-name=\"tel-772\"><input size=\"40\" maxlength=\"400\" class=\"wpcf7-form-control wpcf7-tel wpcf7-validates-as-required wpcf7-text wpcf7-validates-as-tel\" aria-required=\"true\" aria-invalid=\"false\" value=\"\" type=\"tel\" name=\"tel-772\" \/><\/span><\/label>\n<\/p>\n<p><label> \u0422heme | Course<br \/>\n<span class=\"wpcf7-form-control-wrap\" data-name=\"your-subject\"><input size=\"40\" maxlength=\"400\" class=\"wpcf7-form-control wpcf7-text\" aria-invalid=\"false\" value=\"\" type=\"text\" name=\"your-subject\" \/><\/span> <\/label>\n<\/p>\n<p><label> Message *<br \/>\n<span class=\"wpcf7-form-control-wrap\" data-name=\"your-message\"><textarea cols=\"40\" rows=\"10\" maxlength=\"2000\" class=\"wpcf7-form-control wpcf7-textarea wpcf7-validates-as-required\" aria-required=\"true\" aria-invalid=\"false\" name=\"your-message\"><\/textarea><\/span> <\/label>\n<\/p>\n<p><label><br \/>\n\t<span class=\"wpcf7-form-control-wrap recaptcha\" data-name=\"recaptcha\"><span data-sitekey=\"6LcitVsUAAAAAO8EIbwDI2RmHnVTNydqqouy0Igx\" data-size=\"compact\" class=\"wpcf7-form-control wpcf7-recaptcha g-recaptcha\"><\/span>\r\n<noscript>\r\n\t<div class=\"grecaptcha-noscript\">\r\n\t\t<iframe loading=\"lazy\" src=\"https:\/\/www.recaptcha.net\/recaptcha\/api\/fallback?k=6LcitVsUAAAAAO8EIbwDI2RmHnVTNydqqouy0Igx\" frameborder=\"0\" scrolling=\"no\" width=\"310\" height=\"430\">\r\n\t\t<\/iframe>\r\n\t\t<textarea name=\"g-recaptcha-response\" rows=\"3\" cols=\"40\" placeholder=\"reCaptcha Response Here\">\r\n\t\t<\/textarea>\r\n\t<\/div>\r\n<\/noscript>\r\n<\/span> <\/label>\n<\/p>\n<p><input class=\"wpcf7-form-control wpcf7-submit has-spinner\" type=\"submit\" value=\"Send\" \/>\n<\/p><input type='hidden' class='wpcf7-pum' value='{\"closepopup\":false,\"closedelay\":0,\"openpopup\":false,\"openpopup_id\":0}' \/><div class=\"wpcf7-response-output\" aria-hidden=\"true\"><\/div>\n<\/form>\n<\/div>\n\n<\/div><\/section><\/p><\/div>\n","protected":false},"excerpt":{"rendered":"","protected":false},"author":1,"featured_media":0,"parent":0,"menu_order":0,"comment_status":"closed","ping_status":"closed","template":"","meta":{"footnotes":""},"yoast_head":"<!-- This site is optimized with the Yoast SEO plugin v23.5 - https:\/\/yoast.com\/wordpress\/plugins\/seo\/ -->\n<title>Arte Flamenco stuudio kontaktandmed, kohaletuleku juhis ja kaart<\/title>\n<meta name=\"description\" content=\"Stuudio ArteFlamenco tegutseb aadressil Tondi tn. 8A 1. korrus. P\u00e4rnu mnt ja Tondi tn ristmik, peatus Tallinn-V\u00e4ike (tramm 3, 4; buss 5, 18, 20, 28, 36), Olerex tankla taga kollane maja (sissep\u00e4\u00e4s hoovist). Info tel +372 51 46 223 Maria R\u00e4\u00e4k | e-post maria@arteflamenco.ee | Remolino O\u00dc\" \/>\n<meta name=\"robots\" content=\"index, follow, max-snippet:-1, max-image-preview:large, max-video-preview:-1\" \/>\n<link rel=\"canonical\" href=\"https:\/\/www.arteflamenco.ee\/kontakt\/\" \/>\n<meta property=\"og:locale\" content=\"en_US\" \/>\n<meta property=\"og:type\" content=\"article\" \/>\n<meta property=\"og:title\" content=\"Arte Flamenco stuudio kontaktandmed, kohaletuleku juhis ja kaart\" \/>\n<meta property=\"og:description\" content=\"Stuudio ArteFlamenco tegutseb aadressil Tondi tn. 8A 1. korrus. P\u00e4rnu mnt ja Tondi tn ristmik, peatus Tallinn-V\u00e4ike (tramm 3, 4; buss 5, 18, 20, 28, 36), Olerex tankla taga kollane maja (sissep\u00e4\u00e4s hoovist). Info tel +372 51 46 223 Maria R\u00e4\u00e4k | e-post maria@arteflamenco.ee | Remolino O\u00dc\" \/>\n<meta property=\"og:url\" content=\"https:\/\/www.arteflamenco.ee\/kontakt\/\" \/>\n<meta property=\"og:site_name\" content=\"arteflamenco\" \/>\n<meta property=\"article:modified_time\" content=\"2020-02-25T16:27:59+00:00\" \/>\n<meta name=\"twitter:card\" content=\"summary_large_image\" \/>\n<meta name=\"twitter:label1\" content=\"Est. reading time\" \/>\n\t<meta name=\"twitter:data1\" content=\"2 minutes\" \/>\n<script type=\"application\/ld+json\" class=\"yoast-schema-graph\">{\"@context\":\"https:\/\/schema.org\",\"@graph\":[{\"@type\":\"WebPage\",\"@id\":\"https:\/\/www.arteflamenco.ee\/kontakt\/\",\"url\":\"https:\/\/www.arteflamenco.ee\/kontakt\/\",\"name\":\"Arte Flamenco stuudio kontaktandmed, kohaletuleku juhis ja kaart\",\"isPartOf\":{\"@id\":\"https:\/\/www.arteflamenco.ee\/#website\"},\"datePublished\":\"2018-01-11T22:53:09+00:00\",\"dateModified\":\"2020-02-25T16:27:59+00:00\",\"description\":\"Stuudio ArteFlamenco tegutseb aadressil Tondi tn. 8A 1. korrus. P\u00e4rnu mnt ja Tondi tn ristmik, peatus Tallinn-V\u00e4ike (tramm 3, 4; buss 5, 18, 20, 28, 36), Olerex tankla taga kollane maja (sissep\u00e4\u00e4s hoovist). Info tel +372 51 46 223 Maria R\u00e4\u00e4k | e-post maria@arteflamenco.ee | Remolino O\u00dc\",\"breadcrumb\":{\"@id\":\"https:\/\/www.arteflamenco.ee\/kontakt\/#breadcrumb\"},\"inLanguage\":\"en-US\",\"potentialAction\":[{\"@type\":\"ReadAction\",\"target\":[\"https:\/\/www.arteflamenco.ee\/kontakt\/\"]}]},{\"@type\":\"BreadcrumbList\",\"@id\":\"https:\/\/www.arteflamenco.ee\/kontakt\/#breadcrumb\",\"itemListElement\":[{\"@type\":\"ListItem\",\"position\":1,\"name\":\"Home\",\"item\":\"https:\/\/www.arteflamenco.ee\/en\/\"},{\"@type\":\"ListItem\",\"position\":2,\"name\":\"CONTACT\"}]},{\"@type\":\"WebSite\",\"@id\":\"https:\/\/www.arteflamenco.ee\/#website\",\"url\":\"https:\/\/www.arteflamenco.ee\/\",\"name\":\"arteflamenco\",\"description\":\"Stuudio Arteflamenco koduleht\",\"potentialAction\":[{\"@type\":\"SearchAction\",\"target\":{\"@type\":\"EntryPoint\",\"urlTemplate\":\"https:\/\/www.arteflamenco.ee\/?s={search_term_string}\"},\"query-input\":{\"@type\":\"PropertyValueSpecification\",\"valueRequired\":true,\"valueName\":\"search_term_string\"}}],\"inLanguage\":\"en-US\"}]}<\/script>\n<!-- \/ Yoast SEO plugin. -->","yoast_head_json":{"title":"Arte Flamenco stuudio kontaktandmed, kohaletuleku juhis ja kaart","description":"Stuudio ArteFlamenco tegutseb aadressil Tondi tn. 8A 1. korrus. P\u00e4rnu mnt ja Tondi tn ristmik, peatus Tallinn-V\u00e4ike (tramm 3, 4; buss 5, 18, 20, 28, 36), Olerex tankla taga kollane maja (sissep\u00e4\u00e4s hoovist). Info tel +372 51 46 223 Maria R\u00e4\u00e4k | e-post maria@arteflamenco.ee | Remolino O\u00dc","robots":{"index":"index","follow":"follow","max-snippet":"max-snippet:-1","max-image-preview":"max-image-preview:large","max-video-preview":"max-video-preview:-1"},"canonical":"https:\/\/www.arteflamenco.ee\/kontakt\/","og_locale":"en_US","og_type":"article","og_title":"Arte Flamenco stuudio kontaktandmed, kohaletuleku juhis ja kaart","og_description":"Stuudio ArteFlamenco tegutseb aadressil Tondi tn. 8A 1. korrus. P\u00e4rnu mnt ja Tondi tn ristmik, peatus Tallinn-V\u00e4ike (tramm 3, 4; buss 5, 18, 20, 28, 36), Olerex tankla taga kollane maja (sissep\u00e4\u00e4s hoovist). Info tel +372 51 46 223 Maria R\u00e4\u00e4k | e-post maria@arteflamenco.ee | Remolino O\u00dc","og_url":"https:\/\/www.arteflamenco.ee\/kontakt\/","og_site_name":"arteflamenco","article_modified_time":"2020-02-25T16:27:59+00:00","twitter_card":"summary_large_image","twitter_misc":{"Est. reading time":"2 minutes"},"schema":{"@context":"https:\/\/schema.org","@graph":[{"@type":"WebPage","@id":"https:\/\/www.arteflamenco.ee\/kontakt\/","url":"https:\/\/www.arteflamenco.ee\/kontakt\/","name":"Arte Flamenco stuudio kontaktandmed, kohaletuleku juhis ja kaart","isPartOf":{"@id":"https:\/\/www.arteflamenco.ee\/#website"},"datePublished":"2018-01-11T22:53:09+00:00","dateModified":"2020-02-25T16:27:59+00:00","description":"Stuudio ArteFlamenco tegutseb aadressil Tondi tn. 8A 1. korrus. P\u00e4rnu mnt ja Tondi tn ristmik, peatus Tallinn-V\u00e4ike (tramm 3, 4; buss 5, 18, 20, 28, 36), Olerex tankla taga kollane maja (sissep\u00e4\u00e4s hoovist). Info tel +372 51 46 223 Maria R\u00e4\u00e4k | e-post maria@arteflamenco.ee | Remolino O\u00dc","breadcrumb":{"@id":"https:\/\/www.arteflamenco.ee\/kontakt\/#breadcrumb"},"inLanguage":"en-US","potentialAction":[{"@type":"ReadAction","target":["https:\/\/www.arteflamenco.ee\/kontakt\/"]}]},{"@type":"BreadcrumbList","@id":"https:\/\/www.arteflamenco.ee\/kontakt\/#breadcrumb","itemListElement":[{"@type":"ListItem","position":1,"name":"Home","item":"https:\/\/www.arteflamenco.ee\/en\/"},{"@type":"ListItem","position":2,"name":"CONTACT"}]},{"@type":"WebSite","@id":"https:\/\/www.arteflamenco.ee\/#website","url":"https:\/\/www.arteflamenco.ee\/","name":"arteflamenco","description":"Stuudio Arteflamenco koduleht","potentialAction":[{"@type":"SearchAction","target":{"@type":"EntryPoint","urlTemplate":"https:\/\/www.arteflamenco.ee\/?s={search_term_string}"},"query-input":{"@type":"PropertyValueSpecification","valueRequired":true,"valueName":"search_term_string"}}],"inLanguage":"en-US"}]}},"_links":{"self":[{"href":"https:\/\/www.arteflamenco.ee\/en\/wp-json\/wp\/v2\/pages\/1441"}],"collection":[{"href":"https:\/\/www.arteflamenco.ee\/en\/wp-json\/wp\/v2\/pages"}],"about":[{"href":"https:\/\/www.arteflamenco.ee\/en\/wp-json\/wp\/v2\/types\/page"}],"author":[{"embeddable":true,"href":"https:\/\/www.arteflamenco.ee\/en\/wp-json\/wp\/v2\/users\/1"}],"replies":[{"embeddable":true,"href":"https:\/\/www.arteflamenco.ee\/en\/wp-json\/wp\/v2\/comments?post=1441"}],"version-history":[{"count":5,"href":"https:\/\/www.arteflamenco.ee\/en\/wp-json\/wp\/v2\/pages\/1441\/revisions"}],"predecessor-version":[{"id":2405,"href":"https:\/\/www.arteflamenco.ee\/en\/wp-json\/wp\/v2\/pages\/1441\/revisions\/2405"}],"wp:attachment":[{"href":"https:\/\/www.arteflamenco.ee\/en\/wp-json\/wp\/v2\/media?parent=1441"}],"curies":[{"name":"wp","href":"https:\/\/api.w.org\/{rel}","templated":true}]}}