{"id":1449,"date":"2018-02-08T10:43:14","date_gmt":"2018-02-08T08:43:14","guid":{"rendered":"http:\/\/www.arteflamenco.ee\/meist\/maria-raak\/"},"modified":"2018-10-14T14:04:55","modified_gmt":"2018-10-14T11:04:55","slug":"maria-raak","status":"publish","type":"page","link":"https:\/\/www.arteflamenco.ee\/en\/meist\/maria-raak\/","title":{"rendered":"MARIA R\u00c4\u00c4K"},"content":{"rendered":"\n<style type=\"text\/css\" data-created_by=\"avia_inline_auto\" id=\"style-css-av-av_heading-6b64d678efaf01268ccf8c643888f1b5\">\n#top .av-special-heading.av-av_heading-6b64d678efaf01268ccf8c643888f1b5{\npadding-bottom:10px;\n}\nbody .av-special-heading.av-av_heading-6b64d678efaf01268ccf8c643888f1b5 .av-special-heading-tag .heading-char{\nfont-size:25px;\n}\n.av-special-heading.av-av_heading-6b64d678efaf01268ccf8c643888f1b5 .av-subheading{\nfont-size:15px;\n}\n<\/style>\n<div  class='av-special-heading av-av_heading-6b64d678efaf01268ccf8c643888f1b5 av-special-heading-h1 blockquote modern-quote  avia-builder-el-0  el_before_av_one_full  avia-builder-el-first '><h1 class='av-special-heading-tag '  itemprop=\"headline\"  >MARIA R\u00c4\u00c4K<\/h1><div class=\"special-heading-border\"><div class=\"special-heading-inner-border\"><\/div><\/div><\/div>\n\n<style type=\"text\/css\" data-created_by=\"avia_inline_auto\" id=\"style-css-av-av_one_full-b236424e9885ada0c380d675e54e9925\">\n.flex_column.av-av_one_full-b236424e9885ada0c380d675e54e9925{\nborder-radius:0px 0px 0px 0px;\npadding:30px 0px 0px 0px;\nbackground-color:#e6e6e6;\n}\n<\/style>\n<div  class='flex_column av-av_one_full-b236424e9885ada0c380d675e54e9925 av_one_full  avia-builder-el-1  el_after_av_heading  el_before_av_image  first flex_column_div  '     ><section  class='av_textblock_section av-av_textblock-2de302bf1aa3cf4c9157dbe6f50ac7eb '   itemscope=\"itemscope\" itemtype=\"https:\/\/schema.org\/CreativeWork\" ><div class='avia_textblock'  itemprop=\"text\" ><p class=\"p1\"><span class=\"s1\">Maria graduated Tallinn University, the department of choreography, professor Mait Agu\u2019s course (choreographer, dancer, dance teacher), studied flamenco in Amor de Dios flamenco academy in Madrid (AEF and Eesti Kultuurkapital grants) and in other dance studios in Seville and Jerez. <\/span><\/p>\n<p class=\"p1\"><span class=\"s1\">Maria discovered flamenco while learning Spanish language (started learning the language at the age of 9; besides dance Maria worked as a teacher of Spanish language, translator and guide).<\/span><\/p>\n<p class=\"p1\"><span class=\"s1\">Maria taught and performed flamenco in Estonia, Latvia, Lithuania, Finland, Germany and Spain. Since 2001 she has been closely cooperating with the principal dancer and choreographer of Ballet Flamenco de Madrid Ivan Gallego.<\/span><\/p>\n<\/div><\/section><\/div>\n<style type=\"text\/css\" data-created_by=\"avia_inline_auto\" id=\"style-css-av-av_image-91111549a777b76cf233623199a3ff02\">\n.avia-image-container.av-av_image-91111549a777b76cf233623199a3ff02 img.avia_image{\nbox-shadow:none;\n}\n.avia-image-container.av-av_image-91111549a777b76cf233623199a3ff02 .av-image-caption-overlay-center{\ncolor:#ffffff;\n}\n<\/style>\n<div  class='avia-image-container av-av_image-91111549a777b76cf233623199a3ff02 av-styling-no-styling avia-align-center  avia-builder-el-3  el_after_av_one_full  el_before_av_layout_row  avia-builder-el-last '   itemprop=\"image\" itemscope=\"itemscope\" itemtype=\"https:\/\/schema.org\/ImageObject\" ><div class=\"avia-image-container-inner\"><div class=\"avia-image-overlay-wrap\"><img decoding=\"async\" fetchpriority=\"high\" class='wp-image-471 avia-img-lazy-loading-not-471 avia_image ' src=\"https:\/\/www.arteflamenco.ee\/wp-content\/uploads\/Maria_BW-cropitud-1500x628.jpg\" alt='Arteflamenco' title='Maria_R\u00e4\u00e4k_salliga'  height=\"628\" width=\"1500\"  itemprop=\"thumbnailUrl\" srcset=\"https:\/\/www.arteflamenco.ee\/wp-content\/uploads\/Maria_BW-cropitud-1500x628.jpg 1500w, https:\/\/www.arteflamenco.ee\/wp-content\/uploads\/Maria_BW-cropitud-400x168.jpg 400w, https:\/\/www.arteflamenco.ee\/wp-content\/uploads\/Maria_BW-cropitud-768x322.jpg 768w, https:\/\/www.arteflamenco.ee\/wp-content\/uploads\/Maria_BW-cropitud-1200x503.jpg 1200w, https:\/\/www.arteflamenco.ee\/wp-content\/uploads\/Maria_BW-cropitud-705x295.jpg 705w, https:\/\/www.arteflamenco.ee\/wp-content\/uploads\/Maria_BW-cropitud-450x189.jpg 450w\" sizes=\"(max-width: 1500px) 100vw, 1500px\" \/><\/div><\/div><\/div><\/p>\n<\/div><\/div><\/div><!-- close content main div --><\/div><\/div><div id='av-layout-grid-1'  class='av-layout-grid-container av-av_layout_row-edf07c93594a85695fda65c20c2393d8 entry-content-wrapper main_color av-flex-cells  avia-builder-el-4  el_after_av_image  el_before_av_hr  grid-row-not-first  container_wrap fullsize'  >\n\n<style type=\"text\/css\" data-created_by=\"avia_inline_auto\" id=\"style-css-av-av_cell_one_half-614793c314fe4e65cfe82cb43be48d07\">\n.flex_cell.av-av_cell_one_half-614793c314fe4e65cfe82cb43be48d07{\nvertical-align:top;\n}\n.responsive #top #wrap_all .flex_cell.av-av_cell_one_half-614793c314fe4e65cfe82cb43be48d07{\npadding:30px 30px 30px 100px !important;\n}\n<\/style>\n<div class='flex_cell av-av_cell_one_half-614793c314fe4e65cfe82cb43be48d07 av-gridrow-cell av_one_half no_margin  avia-builder-el-5  el_before_av_cell_one_half  avia-builder-el-first '  ><div class='flex_cell_inner'><p>\n<style type=\"text\/css\" data-created_by=\"avia_inline_auto\" id=\"style-css-av-av_headline_rotator-7b92e00c9352207e30d5f11bebe9c478\">\n#top .av-rotator-container.av-av_headline_rotator-7b92e00c9352207e30d5f11bebe9c478{\ntext-align:left;\n}\n#top #wrap_all .av-rotator-container.av-av_headline_rotator-7b92e00c9352207e30d5f11bebe9c478 .av-rotator-container-inner{\nfont-size:24px;\n}\n<\/style>\n\n<style type=\"text\/css\" data-created_by=\"avia_inline_auto\" id=\"style-css-sub-av-av_headline_rotator-7b92e00c9352207e30d5f11bebe9c478\">\n#top .av-rotator-container .av-rotator-text-single.av-av_rotator_item-39ea009a09845a8b1967936b7491789c{\ncolor:#000000;\n}\n#top .av-rotator-container .av-rotator-text-single.av-av_rotator_item-fc9771c7a41a2e0d319d0b2ad7910b5f{\ncolor:#d70909;\n}\n<\/style>\n<div  class='av-rotator-container av-rotation-container-left av-av_headline_rotator-7b92e00c9352207e30d5f11bebe9c478  avia-builder-el-6  el_before_av_textblock  avia-builder-el-first ' data-interval='9' data-animation='1'><h2 class='av-rotator-container-inner'><span class='av-rotator-text av-rotator-multiline-off'>\n<span class='av-rotator-text-single av-av_rotator_item-39ea009a09845a8b1967936b7491789c av-rotator-text-single-1' >STUDIES<\/span>\n<span class='av-rotator-text-single av-av_rotator_item-fc9771c7a41a2e0d319d0b2ad7910b5f av-rotator-text-single-2' >STUDIES<\/span>\n<\/span><\/h2><\/div><br \/>\n<section  class='av_textblock_section av-av_textblock-2de302bf1aa3cf4c9157dbe6f50ac7eb '   itemscope=\"itemscope\" itemtype=\"https:\/\/schema.org\/CreativeWork\" ><div class='avia_textblock'  itemprop=\"text\" ><p>2015-2018 studied in <strong>Alicia Marquez flamenco dance studio<\/strong> in Seville: <strong>Alicia Marquez, Ramon Martinez<\/strong><br \/>\n2017 <strong>Marco Flores<\/strong> <strong>and Javier Latorre courses<\/strong> during Jerez flamenco festival<br \/>\n2010 studied in <strong>Chiqui de Jerez flamenco studio in Jerez<\/strong>, teachers: <strong>Chiqui de Jerez, Ana Maria Garcia<\/strong><br \/>\n2008-2014 studied in <strong>Manuel Betansoz flamenco studio in Seville<\/strong>, teachers: <strong>Manuel Betansoz, Rafael Campallo, Adela Campallo, Andres Pena, Pilar Ogalla<\/strong><br \/>\n2008 <strong>Adela Campallo master class<\/strong> in Manuel Betansoz flamenco studio in Seville<br \/>\n2007 <strong>La Truco master class Amor de Dios flamenco academy<\/strong> in Madrid<br \/>\n2007 <strong>Estefania Cuevas<\/strong> workshop<br \/>\n2006 <strong>Estefania Cuevas<\/strong> workshop<br \/>\n2005 <strong>La Truco master class Amor de Dios flamenco academy<\/strong> in Madrid<br \/>\n2004-2008 studied in <strong>Matilde Coral flamenco studio<\/strong> in Seville<br \/>\n2002 Farruquito master class in <strong>El Horno dance school<\/strong> in Madrid<br \/>\n2001 Manolete master class in <strong>Amor de Dios flamenco academy<\/strong> in Madrid<br \/>\n2000 Eesti Kultuurkapital grant for studies in <strong>Amor de Dios flamenco academy<\/strong> in Madrid<br \/>\n2000 Open Estonia Foundation grant for studies in <strong>Amor de Dios flamenco academy<\/strong> and <strong>University of Granada<\/strong><br \/>\n1999 <strong>\u0410ndr\u00e9s Marin master class<\/strong> in Helsinki<br \/>\n1998 studies in <strong>Alicia Vega and \u0410ndr\u00e9s Marin studios<\/strong> in Seville<br \/>\n1997-2007 studies in <strong>Amor de Dios flamenco academy in Madrid<\/strong>, teachers: <strong>Maria Magdalena, Ciro, El Guito, La China, La Tati, Tomas de Madrid, Manolete, La Truco, Rafaela Carrasco, Domingo Ortega, Belen Maya, Manuel Reyes, Antonio Reyes, Cristobal Reyes, Candela Soto, Paco Romero<\/strong><br \/>\n1993-1997 <strong>Tallinn University<\/strong> \u2013 dance and choreography department<br \/>\n1996 <strong>\u0410ndr\u00e9s Marin master class<\/strong> in Helsinki<br \/>\n1994 flamenco and classical dance course, <strong>Tallinn Pedagogical University<\/strong> choreography department, teacher <strong>Olga Socias<\/strong><br \/>\n1999-2000 <strong>Tallinn University<\/strong>, dance education<\/p>\n<\/div><\/section><\/p>\n<\/div><\/div>\n<style type=\"text\/css\" data-created_by=\"avia_inline_auto\" id=\"style-css-av-av_cell_one_half-213b3d63d4420e9b5fd9b79e59601f30\">\n.flex_cell.av-av_cell_one_half-213b3d63d4420e9b5fd9b79e59601f30{\nvertical-align:top;\n}\n.responsive #top #wrap_all .flex_cell.av-av_cell_one_half-213b3d63d4420e9b5fd9b79e59601f30{\npadding:30px 100px 0px 0px !important;\n}\n<\/style>\n<div class='flex_cell av-av_cell_one_half-213b3d63d4420e9b5fd9b79e59601f30 av-gridrow-cell av_one_half no_margin  avia-builder-el-8  el_after_av_cell_one_half  avia-builder-el-last '  ><div class='flex_cell_inner'><p>\n<style type=\"text\/css\" data-created_by=\"avia_inline_auto\" id=\"style-css-av-av_headline_rotator-b6139d8599e969fd3de57e9f50b89314\">\n#top .av-rotator-container.av-av_headline_rotator-b6139d8599e969fd3de57e9f50b89314{\ntext-align:left;\n}\n#top #wrap_all .av-rotator-container.av-av_headline_rotator-b6139d8599e969fd3de57e9f50b89314 .av-rotator-container-inner{\nfont-size:24px;\n}\n<\/style>\n\n<style type=\"text\/css\" data-created_by=\"avia_inline_auto\" id=\"style-css-sub-av-av_headline_rotator-b6139d8599e969fd3de57e9f50b89314\">\n#top .av-rotator-container .av-rotator-text-single.av-av_rotator_item-24516f5aa40a323362d3deb6a522107c{\ncolor:#000000;\n}\n#top .av-rotator-container .av-rotator-text-single.av-av_rotator_item-e1a154dd2c0838d2248dc9c14bf72dcf{\ncolor:#d70909;\n}\n<\/style>\n<div  class='av-rotator-container av-rotation-container-left av-av_headline_rotator-b6139d8599e969fd3de57e9f50b89314  avia-builder-el-9  el_before_av_textblock  avia-builder-el-first ' data-interval='9' data-animation='1'><h2 class='av-rotator-container-inner'>IMPORTANT<span class='av-rotator-text av-rotator-multiline-off'>\n<span class='av-rotator-text-single av-av_rotator_item-24516f5aa40a323362d3deb6a522107c av-rotator-text-single-1' >PROJECTS<\/span>\n<span class='av-rotator-text-single av-av_rotator_item-e1a154dd2c0838d2248dc9c14bf72dcf av-rotator-text-single-2' >PROJECTS<\/span>\n<\/span><\/h2><\/div><br \/>\n<section  class='av_textblock_section av-av_textblock-2de302bf1aa3cf4c9157dbe6f50ac7eb '   itemscope=\"itemscope\" itemtype=\"https:\/\/schema.org\/CreativeWork\" ><div class='avia_textblock'  itemprop=\"text\" ><p>2017 choreography and dancing in \u201cArte Flamenco. 20 aastat hiljem\u201d (\u00abArte Flamenco. 20 years later\u00bb) performance with Ivan Gallego, Cunco Vargas, Jorge Arena, Indrek \u041aruusimaa and Reigo Ahven<br \/>\n2016 choreography for theatre performance \u201cPr\u00fcgi\u201c (\u00abGarbage\u00bb) in Miskteater<br \/>\n2016 participating in documental \u201eFlamenco sin fronteras\u201c (\u00abFlamenco without borders\u00bb) by Filippo Ciardi<br \/>\n2015 \u201eKellas\u00fcit\u201cperformance with Ramon Martinez and Jose Torres trio<br \/>\n2015 choreography and dance in music video \u00ab\u0428\u043b\u044e\u0445\u0430\u00bb (\u201cScareltt woman\u201d) by Russian pop singer Slava<br \/>\n2014 Spanish music concert-performance with Maano M\u00e4nni, Ivan Gallego and Vaasa city orchestra<br \/>\n2013 Spanish music concert-performance with Ralf Taal<br \/>\n2012 Spanish and Russian music concert-performance with Manika-Evelina Liiv and Ralf Taal<br \/>\n2012 flamenco performance in Vision festival with Jose Torres and Karo Sampela<br \/>\n2011-2012 series of Eesti Kontsert \u201eFlamenco!\u201c school concerts with Kristo K\u00e4o and Reigo Ahven<br \/>\n2011 \u201cRomance de la Luna\u201d performance in Estonian National Opera with Ivan Gallego, Julia Menes and Antonio Santiago<br \/>\n2010 \u201eFlamencamor\u201c performance with Spanish musicians and dancers (Ivan Gallego, Gero Dominguez, Giorgio Kyrkilis, Julia Menes, Juan Murube, Ismael Chataigne, Fernando G. Rico, Luis Criado)<br \/>\n2010 \u201cIbeeria\u201d concert-performance with Kristo K\u00e4o and Reigo Ahven<br \/>\n2009 choreography for \u201eVihmatants\u201c performance staged in Estoian Drama Thearte<br \/>\n2009 \u201eMadriid 1895\u201c concert performance with Kristo K\u00e4o and Riho Ridbek<br \/>\n2008 \u201eTulin\u0435 ja kirglik flamenco\u201c concert performance with F1Guitars (Indrek Kruusimaa, Iljo Tooming, Mihkel M\u00e4lgand, Tanel Ruben)<br \/>\n2008 \u201eViva Espanol\u201c concert performance with Kristo K\u00e4o, Roland Liiv and Piina Pikan<br \/>\n2007-2009 \u201eThe Dance Album\u201c concert performance with Kristo K\u00e4o<br \/>\n2007-2009 \u201ePop-Jazz-Flamenco\u201c concert performance with F1Guitars<br \/>\n2007 \u201eFlamencomania\u201c performance with Spanish musicians and dancers (Ivan Gallego, Gero Dominguez, Hugo Alvarez, Antonio el Pola, Enrique Gonzales, Alberto Perianes, Carlos Jimenez, Enrique Jimenez)<br \/>\n2007 choreography and dance in ETV \u201eFlamencomania\u201c dance film<br \/>\n2006-2007 participation in the documentary about Dorian Supini dance \u201cEurydike otsinguteel\u201c (\u201cIn search of Eurydike\u201d)<br \/>\n2002 flamenco arrangement in IX school dance festival \u201cVikerkaar\u201d<br \/>\n2002 choreography and dance in Dave Benton\u2019s music video \u201eMas que un millon\u201c<br \/>\n1997 choreography and dance in Rakvere Theatre performance \u201eDon Juan ehk armastus geomeetria vastu\u201c (\u201cDon Juan or The Love of Geometry\u201c)<\/p>\n<\/div><\/section><\/p>\n<\/div><\/div><\/div><div id='after_grid_row_1'  class='main_color av_default_container_wrap container_wrap fullsize'  ><div class='container av-section-cont-open' ><div class='template-page content  av-content-full alpha units'><div class='post-entry post-entry-type-page post-entry-1449'><div class='entry-content-wrapper clearfix'>\n<style type=\"text\/css\" data-created_by=\"avia_inline_auto\" id=\"style-css-av-av_hr-bdbe93d6185ff7069658f733fa7aa05a\">\n#top .hr.hr-invisible.av-av_hr-bdbe93d6185ff7069658f733fa7aa05a{\nmargin-top:-20px;\nheight:1px;\n}\n<\/style>\n<div  class='hr av-av_hr-bdbe93d6185ff7069658f733fa7aa05a hr-invisible  avia-builder-el-11  el_after_av_layout_row  el_before_av_image  avia-builder-el-first  av-mini-hide'><span class='hr-inner '><span class=\"hr-inner-style\"><\/span><\/span><\/div><\/p>\n\n<style type=\"text\/css\" data-created_by=\"avia_inline_auto\" id=\"style-css-av-av_image-dfa05cf2316080a3bff74a294fe3f0ee\">\n.avia-image-container.av-av_image-dfa05cf2316080a3bff74a294fe3f0ee img.avia_image{\nbox-shadow:none;\n}\n.avia-image-container.av-av_image-dfa05cf2316080a3bff74a294fe3f0ee .av-image-caption-overlay-center{\ncolor:#ffffff;\n}\n<\/style>\n<div  class='avia-image-container av-av_image-dfa05cf2316080a3bff74a294fe3f0ee av-styling-no-styling av-hover-grow avia-align-center  avia-builder-el-12  el_after_av_hr  avia-builder-el-last '   itemprop=\"image\" itemscope=\"itemscope\" itemtype=\"https:\/\/schema.org\/ImageObject\" ><div class=\"avia-image-container-inner\"><div class=\"avia-image-overlay-wrap\"><img decoding=\"async\" fetchpriority=\"high\" class='wp-image-692 avia-img-lazy-loading-not-692 avia_image ' src=\"https:\/\/www.arteflamenco.ee\/wp-content\/uploads\/Maria_Ra\u0308a\u0308k_portree2-2-1500x1034.jpg\" alt='Maria R\u00e4\u00e4k' title='Maria_Ra\u0308a\u0308k_portree'  height=\"1034\" width=\"1500\"  itemprop=\"thumbnailUrl\" srcset=\"https:\/\/www.arteflamenco.ee\/wp-content\/uploads\/Maria_Ra\u0308a\u0308k_portree2-2.jpg 1500w, https:\/\/www.arteflamenco.ee\/wp-content\/uploads\/Maria_Ra\u0308a\u0308k_portree2-2-400x276.jpg 400w, https:\/\/www.arteflamenco.ee\/wp-content\/uploads\/Maria_Ra\u0308a\u0308k_portree2-2-768x529.jpg 768w, https:\/\/www.arteflamenco.ee\/wp-content\/uploads\/Maria_Ra\u0308a\u0308k_portree2-2-1200x827.jpg 1200w, https:\/\/www.arteflamenco.ee\/wp-content\/uploads\/Maria_Ra\u0308a\u0308k_portree2-2-705x486.jpg 705w, https:\/\/www.arteflamenco.ee\/wp-content\/uploads\/Maria_Ra\u0308a\u0308k_portree2-2-450x310.jpg 450w\" sizes=\"(max-width: 1500px) 100vw, 1500px\" \/><\/div><\/div><\/div>\n","protected":false},"excerpt":{"rendered":"","protected":false},"author":1,"featured_media":0,"parent":1445,"menu_order":0,"comment_status":"closed","ping_status":"closed","template":"","meta":{"footnotes":""},"yoast_head":"<!-- This site is optimized with the Yoast SEO plugin v23.5 - https:\/\/yoast.com\/wordpress\/plugins\/seo\/ -->\n<title>Maria R\u00e4\u00e4k - tantsu\u00f5petaja ja koreograaf<\/title>\n<meta name=\"description\" content=\"Maria R\u00e4\u00e4k CV, \u00f5pingud ja saavutused. Maria on l\u00f5petanud Tallinna \u00dclikooli koreograafia erialal prof. Mait Agu kursusel (koreograaf, tantsija , tantsupedagoog), flamenkot \u00f5ppinud Madriidi flamenkoakadeemias Amor de Dios (AEF ja Eesti Kultuurkapitali stipendiaat) ja erinevates stuudiotes Sevillas ja Jerezis.\" \/>\n<meta name=\"robots\" content=\"index, follow, max-snippet:-1, max-image-preview:large, max-video-preview:-1\" \/>\n<link rel=\"canonical\" href=\"https:\/\/www.arteflamenco.ee\/en\/meist\/maria-raak\/\" \/>\n<meta property=\"og:locale\" content=\"en_US\" \/>\n<meta property=\"og:type\" content=\"article\" \/>\n<meta property=\"og:title\" content=\"Maria R\u00e4\u00e4k - tantsu\u00f5petaja ja koreograaf\" \/>\n<meta property=\"og:description\" content=\"Maria R\u00e4\u00e4k CV, \u00f5pingud ja saavutused. Maria on l\u00f5petanud Tallinna \u00dclikooli koreograafia erialal prof. Mait Agu kursusel (koreograaf, tantsija , tantsupedagoog), flamenkot \u00f5ppinud Madriidi flamenkoakadeemias Amor de Dios (AEF ja Eesti Kultuurkapitali stipendiaat) ja erinevates stuudiotes Sevillas ja Jerezis.\" \/>\n<meta property=\"og:url\" content=\"https:\/\/www.arteflamenco.ee\/en\/meist\/maria-raak\/\" \/>\n<meta property=\"og:site_name\" content=\"arteflamenco\" \/>\n<meta property=\"article:modified_time\" content=\"2018-10-14T11:04:55+00:00\" \/>\n<meta name=\"twitter:card\" content=\"summary_large_image\" \/>\n<meta name=\"twitter:label1\" content=\"Est. reading time\" \/>\n\t<meta name=\"twitter:data1\" content=\"6 minutes\" \/>\n<script type=\"application\/ld+json\" class=\"yoast-schema-graph\">{\"@context\":\"https:\/\/schema.org\",\"@graph\":[{\"@type\":\"WebPage\",\"@id\":\"https:\/\/www.arteflamenco.ee\/en\/meist\/maria-raak\/\",\"url\":\"https:\/\/www.arteflamenco.ee\/en\/meist\/maria-raak\/\",\"name\":\"Maria R\u00e4\u00e4k - tantsu\u00f5petaja ja koreograaf\",\"isPartOf\":{\"@id\":\"https:\/\/www.arteflamenco.ee\/#website\"},\"datePublished\":\"2018-02-08T08:43:14+00:00\",\"dateModified\":\"2018-10-14T11:04:55+00:00\",\"description\":\"Maria R\u00e4\u00e4k CV, \u00f5pingud ja saavutused. Maria on l\u00f5petanud Tallinna \u00dclikooli koreograafia erialal prof. Mait Agu kursusel (koreograaf, tantsija , tantsupedagoog), flamenkot \u00f5ppinud Madriidi flamenkoakadeemias Amor de Dios (AEF ja Eesti Kultuurkapitali stipendiaat) ja erinevates stuudiotes Sevillas ja Jerezis.\",\"breadcrumb\":{\"@id\":\"https:\/\/www.arteflamenco.ee\/en\/meist\/maria-raak\/#breadcrumb\"},\"inLanguage\":\"en-US\",\"potentialAction\":[{\"@type\":\"ReadAction\",\"target\":[\"https:\/\/www.arteflamenco.ee\/en\/meist\/maria-raak\/\"]}]},{\"@type\":\"BreadcrumbList\",\"@id\":\"https:\/\/www.arteflamenco.ee\/en\/meist\/maria-raak\/#breadcrumb\",\"itemListElement\":[{\"@type\":\"ListItem\",\"position\":1,\"name\":\"Home\",\"item\":\"https:\/\/www.arteflamenco.ee\/en\/\"},{\"@type\":\"ListItem\",\"position\":2,\"name\":\"ABOUT US\",\"item\":\"https:\/\/www.arteflamenco.ee\/en\/meist\/\"},{\"@type\":\"ListItem\",\"position\":3,\"name\":\"MARIA R\u00c4\u00c4K\"}]},{\"@type\":\"WebSite\",\"@id\":\"https:\/\/www.arteflamenco.ee\/#website\",\"url\":\"https:\/\/www.arteflamenco.ee\/\",\"name\":\"arteflamenco\",\"description\":\"Stuudio Arteflamenco koduleht\",\"potentialAction\":[{\"@type\":\"SearchAction\",\"target\":{\"@type\":\"EntryPoint\",\"urlTemplate\":\"https:\/\/www.arteflamenco.ee\/?s={search_term_string}\"},\"query-input\":{\"@type\":\"PropertyValueSpecification\",\"valueRequired\":true,\"valueName\":\"search_term_string\"}}],\"inLanguage\":\"en-US\"}]}<\/script>\n<!-- \/ Yoast SEO plugin. -->","yoast_head_json":{"title":"Maria R\u00e4\u00e4k - tantsu\u00f5petaja ja koreograaf","description":"Maria R\u00e4\u00e4k CV, \u00f5pingud ja saavutused. Maria on l\u00f5petanud Tallinna \u00dclikooli koreograafia erialal prof. Mait Agu kursusel (koreograaf, tantsija , tantsupedagoog), flamenkot \u00f5ppinud Madriidi flamenkoakadeemias Amor de Dios (AEF ja Eesti Kultuurkapitali stipendiaat) ja erinevates stuudiotes Sevillas ja Jerezis.","robots":{"index":"index","follow":"follow","max-snippet":"max-snippet:-1","max-image-preview":"max-image-preview:large","max-video-preview":"max-video-preview:-1"},"canonical":"https:\/\/www.arteflamenco.ee\/en\/meist\/maria-raak\/","og_locale":"en_US","og_type":"article","og_title":"Maria R\u00e4\u00e4k - tantsu\u00f5petaja ja koreograaf","og_description":"Maria R\u00e4\u00e4k CV, \u00f5pingud ja saavutused. Maria on l\u00f5petanud Tallinna \u00dclikooli koreograafia erialal prof. Mait Agu kursusel (koreograaf, tantsija , tantsupedagoog), flamenkot \u00f5ppinud Madriidi flamenkoakadeemias Amor de Dios (AEF ja Eesti Kultuurkapitali stipendiaat) ja erinevates stuudiotes Sevillas ja Jerezis.","og_url":"https:\/\/www.arteflamenco.ee\/en\/meist\/maria-raak\/","og_site_name":"arteflamenco","article_modified_time":"2018-10-14T11:04:55+00:00","twitter_card":"summary_large_image","twitter_misc":{"Est. reading time":"6 minutes"},"schema":{"@context":"https:\/\/schema.org","@graph":[{"@type":"WebPage","@id":"https:\/\/www.arteflamenco.ee\/en\/meist\/maria-raak\/","url":"https:\/\/www.arteflamenco.ee\/en\/meist\/maria-raak\/","name":"Maria R\u00e4\u00e4k - tantsu\u00f5petaja ja koreograaf","isPartOf":{"@id":"https:\/\/www.arteflamenco.ee\/#website"},"datePublished":"2018-02-08T08:43:14+00:00","dateModified":"2018-10-14T11:04:55+00:00","description":"Maria R\u00e4\u00e4k CV, \u00f5pingud ja saavutused. Maria on l\u00f5petanud Tallinna \u00dclikooli koreograafia erialal prof. Mait Agu kursusel (koreograaf, tantsija , tantsupedagoog), flamenkot \u00f5ppinud Madriidi flamenkoakadeemias Amor de Dios (AEF ja Eesti Kultuurkapitali stipendiaat) ja erinevates stuudiotes Sevillas ja Jerezis.","breadcrumb":{"@id":"https:\/\/www.arteflamenco.ee\/en\/meist\/maria-raak\/#breadcrumb"},"inLanguage":"en-US","potentialAction":[{"@type":"ReadAction","target":["https:\/\/www.arteflamenco.ee\/en\/meist\/maria-raak\/"]}]},{"@type":"BreadcrumbList","@id":"https:\/\/www.arteflamenco.ee\/en\/meist\/maria-raak\/#breadcrumb","itemListElement":[{"@type":"ListItem","position":1,"name":"Home","item":"https:\/\/www.arteflamenco.ee\/en\/"},{"@type":"ListItem","position":2,"name":"ABOUT US","item":"https:\/\/www.arteflamenco.ee\/en\/meist\/"},{"@type":"ListItem","position":3,"name":"MARIA R\u00c4\u00c4K"}]},{"@type":"WebSite","@id":"https:\/\/www.arteflamenco.ee\/#website","url":"https:\/\/www.arteflamenco.ee\/","name":"arteflamenco","description":"Stuudio Arteflamenco koduleht","potentialAction":[{"@type":"SearchAction","target":{"@type":"EntryPoint","urlTemplate":"https:\/\/www.arteflamenco.ee\/?s={search_term_string}"},"query-input":{"@type":"PropertyValueSpecification","valueRequired":true,"valueName":"search_term_string"}}],"inLanguage":"en-US"}]}},"_links":{"self":[{"href":"https:\/\/www.arteflamenco.ee\/en\/wp-json\/wp\/v2\/pages\/1449"}],"collection":[{"href":"https:\/\/www.arteflamenco.ee\/en\/wp-json\/wp\/v2\/pages"}],"about":[{"href":"https:\/\/www.arteflamenco.ee\/en\/wp-json\/wp\/v2\/types\/page"}],"author":[{"embeddable":true,"href":"https:\/\/www.arteflamenco.ee\/en\/wp-json\/wp\/v2\/users\/1"}],"replies":[{"embeddable":true,"href":"https:\/\/www.arteflamenco.ee\/en\/wp-json\/wp\/v2\/comments?post=1449"}],"version-history":[{"count":3,"href":"https:\/\/www.arteflamenco.ee\/en\/wp-json\/wp\/v2\/pages\/1449\/revisions"}],"predecessor-version":[{"id":1490,"href":"https:\/\/www.arteflamenco.ee\/en\/wp-json\/wp\/v2\/pages\/1449\/revisions\/1490"}],"up":[{"embeddable":true,"href":"https:\/\/www.arteflamenco.ee\/en\/wp-json\/wp\/v2\/pages\/1445"}],"wp:attachment":[{"href":"https:\/\/www.arteflamenco.ee\/en\/wp-json\/wp\/v2\/media?parent=1449"}],"curies":[{"name":"wp","href":"https:\/\/api.w.org\/{rel}","templated":true}]}}