{"id":1456,"date":"2018-01-18T13:15:49","date_gmt":"2018-01-18T11:15:49","guid":{"rendered":"http:\/\/www.arteflamenco.ee\/tunniplaan\/hinnakiri\/"},"modified":"2019-10-12T14:09:08","modified_gmt":"2019-10-12T11:09:08","slug":"hinnakiri","status":"publish","type":"page","link":"https:\/\/www.arteflamenco.ee\/en\/tunniplaan\/hinnakiri\/","title":{"rendered":"PRICE OF COURSES"},"content":{"rendered":"\n<style type=\"text\/css\" data-created_by=\"avia_inline_auto\" id=\"style-css-av-av_heading-8e8b8c8ef86a4adc0083d3ee2edf838a\">\n#top .av-special-heading.av-av_heading-8e8b8c8ef86a4adc0083d3ee2edf838a{\npadding-bottom:10px;\n}\nbody .av-special-heading.av-av_heading-8e8b8c8ef86a4adc0083d3ee2edf838a .av-special-heading-tag .heading-char{\nfont-size:25px;\n}\n.av-special-heading.av-av_heading-8e8b8c8ef86a4adc0083d3ee2edf838a .av-subheading{\nfont-size:15px;\n}\n\n@media only screen and (min-width: 768px) and (max-width: 989px){ \n#top #wrap_all .av-special-heading.av-av_heading-8e8b8c8ef86a4adc0083d3ee2edf838a .av-special-heading-tag{\nfont-size:30px;\n}\n}\n\n@media only screen and (min-width: 480px) and (max-width: 767px){ \n#top #wrap_all .av-special-heading.av-av_heading-8e8b8c8ef86a4adc0083d3ee2edf838a .av-special-heading-tag{\nfont-size:28px;\n}\n}\n\n@media only screen and (max-width: 479px){ \n#top #wrap_all .av-special-heading.av-av_heading-8e8b8c8ef86a4adc0083d3ee2edf838a .av-special-heading-tag{\nfont-size:24px;\n}\n}\n<\/style>\n<div  class='av-special-heading av-av_heading-8e8b8c8ef86a4adc0083d3ee2edf838a av-special-heading-h1 blockquote modern-quote  avia-builder-el-0  el_before_av_hr  avia-builder-el-first '><h1 class='av-special-heading-tag '  itemprop=\"headline\"  >PRICES<\/h1><div class=\"special-heading-border\"><div class=\"special-heading-inner-border\"><\/div><\/div><\/div>\n\n<style type=\"text\/css\" data-created_by=\"avia_inline_auto\" id=\"style-css-av-av_hr-741ab06d0690c1111415ef58b6e9dc92\">\n#top .hr.hr-invisible.av-av_hr-741ab06d0690c1111415ef58b6e9dc92{\nheight:40px;\n}\n<\/style>\n<div  class='hr av-av_hr-741ab06d0690c1111415ef58b6e9dc92 hr-invisible  avia-builder-el-1  el_after_av_heading  el_before_av_one_full '><span class='hr-inner '><span class=\"hr-inner-style\"><\/span><\/span><\/div>\n\n<style type=\"text\/css\" data-created_by=\"avia_inline_auto\" id=\"style-css-av-av_one_full-15d750bd1b332b34c6e70b077ebbccdf\">\n.flex_column.av-av_one_full-15d750bd1b332b34c6e70b077ebbccdf{\nborder-radius:0px 0px 0px 0px;\npadding:0px 0px 0px 0px;\n}\n<\/style>\n<div  class='flex_column av-av_one_full-15d750bd1b332b34c6e70b077ebbccdf av_one_full  avia-builder-el-2  el_after_av_hr  el_before_av_image  first flex_column_div av-zero-column-padding  '     ><p><div  class='togglecontainer av-av_toggle_container-8812a63cbc37bcd0d66199109d348345  avia-builder-el-3  el_before_av_hr  avia-builder-el-first ' >\n<section class='av_toggle_section av-av_toggle-12abe29f68c6662111833fd49caa877e'  itemscope=\"itemscope\" itemtype=\"https:\/\/schema.org\/CreativeWork\" ><div role=\"tablist\" class=\"single_toggle\" data-tags=\"{All} \"  ><p id='toggle-toggle-id-1' data-fake-id='#toggle-id-1' class='toggler  av-title-above '  itemprop=\"headline\"  role='tab' tabindex='0' aria-controls='toggle-id-1' data-slide-speed=\"200\" data-title=\"&lt;strong&gt; Children\/youngsters &lt;\/strong&gt;\" data-title-open=\"\" data-aria_collapsed=\"Click to expand: &lt;strong&gt; Children\/youngsters &lt;\/strong&gt;\" data-aria_expanded=\"Click to collapse: &lt;strong&gt; Children\/youngsters &lt;\/strong&gt;\"><strong> Children\/youngsters <\/strong><span class=\"toggle_icon\"><span class=\"vert_icon\"><\/span><span class=\"hor_icon\"><\/span><\/span><\/p><div id='toggle-id-1' aria-labelledby='toggle-toggle-id-1' role='region' class='toggle_wrap  av-title-above'  ><div class='toggle_content invers-color '  itemprop=\"text\" ><p class=\"p1\"><span style=\"font-size: 14pt;\"><strong><span class=\"s1\">BACIS COURSE 2 TIMES A WEEK<\/span><\/strong><strong> &#8211;\u00a0<span style=\"color: #d70909;\">45\u20ac\/month<\/span><\/strong><\/span><\/p>\n<\/div><\/div><\/div><\/section>\n<section class='av_toggle_section av-av_toggle-5f1992993247ab8ec5666519314cd749'  itemscope=\"itemscope\" itemtype=\"https:\/\/schema.org\/CreativeWork\" ><div role=\"tablist\" class=\"single_toggle\" data-tags=\"{All} \"  ><p id='toggle-toggle-id-2' data-fake-id='#toggle-id-2' class='toggler  av-title-above '  itemprop=\"headline\"  role='tab' tabindex='0' aria-controls='toggle-id-2' data-slide-speed=\"200\" data-title=\"&lt;strong&gt;Adults&lt;\/strong&gt;\" data-title-open=\"\" data-aria_collapsed=\"Click to expand: &lt;strong&gt;Adults&lt;\/strong&gt;\" data-aria_expanded=\"Click to collapse: &lt;strong&gt;Adults&lt;\/strong&gt;\"><strong>Adults<\/strong><span class=\"toggle_icon\"><span class=\"vert_icon\"><\/span><span class=\"hor_icon\"><\/span><\/span><\/p><div id='toggle-id-2' aria-labelledby='toggle-toggle-id-2' role='region' class='toggle_wrap  av-title-above'  ><div class='toggle_content invers-color '  itemprop=\"text\" ><p class=\"p1\"><span style=\"font-size: 14pt;\"><strong><span class=\"s1\">BASIC COURSE 2 TIMES A WEEK\u00a0<\/span><\/strong><\/span><strong style=\"font-size: 14pt;\">&#8211; <span style=\"color: #d70909;\">50\u20ac\/kuu<\/span><\/strong><\/p>\n<p><!--\n\n\n\n\n\n\n<p class=\"p1\"><strong><span class=\"s1\" style=\"font-size: 14pt;\">FLAMENCO COURSE WITH LIVE MUSIC (guitar, singer)<\/span><\/strong><span style=\"font-size: 14pt;\"><strong>\u00a0- <span style=\"color: #d70909;\">65\u20ac\/kuu<\/span><\/strong><\/span><\/p>\n\n\n\n\n\n\n<span style=\"font-size: 14pt;\"><strong><span class=\"s1\" style=\"font-size: 14pt;\">FLAMENCO COURSE WITH LIVE MUSIC (guitar)<\/span> - <span style=\"color: #d70909;\">60\u20ac\/kuu<\/span><\/strong><\/span> --><\/p>\n<p><span style=\"font-size: 14pt;\"><strong><span class=\"s1\" style=\"font-size: 14pt;\">FLAMENCO TECHNIQUE\u00a0COURSE<\/span> &#8211;\u00a0<span style=\"color: #d70909;\">40\u20ac\/kuu<\/span><\/strong><\/span><\/p>\n<p><span style=\"font-size: 14pt;\"><strong>SINGLE LESSON &#8211;\u00a0<span style=\"color: #d70909;\">15\u20ac (\u00e0 60 min)<\/span><\/strong><\/span><\/p>\n<p><span style=\"font-size: 14pt;\"><strong>INDIVIDUAL LESSON &#8211;\u00a0<span style=\"color: #d70909;\">50\u20ac (\u00e0 60 min)<\/span><\/strong><\/span><\/p>\n<p><span style=\"font-size: 14pt;\"><strong>CASTANETS*<\/strong><\/span> \u2013 <span style=\"font-size: 14pt;\"><strong><span style=\"color: #d70909;\">35 \u20ac\/month\u00a0(4 lessons 45 min each)<\/span><\/strong><\/span><\/p>\n<p><span style=\"font-size: 14pt;\"><strong>SINGLE CASTANETS LESSON*<\/strong><\/span> &#8211; <strong><span style=\"color: #d70909; font-size: 14pt;\">10 \u20ac (ca 45 min)<\/span><\/strong><\/p>\n<p><strong><span style=\"font-size: 14pt;\">INDIVIDUAL CASTANETS LESSON*<\/span><\/strong> &#8211; <span style=\"font-size: 14pt;\"><strong><span style=\"color: #d70909;\">30 \u20ac (ca 45 min)<\/span><\/strong><\/span><\/p>\n<hr \/>\n<p><strong>*NB!<\/strong> If a student does not have his\/her own castanets, they can be rented in the studio \u2013 <strong>2 \u20ac\/<\/strong><strong>lesson, 10 \u20ac\/week, 25 \u20ac\/month.<\/strong><\/p>\n<\/div><\/div><\/div><\/section>\n<section class='av_toggle_section av-av_toggle-2d4dc2f2f7de4e7dc0d1303e095a9258'  itemscope=\"itemscope\" itemtype=\"https:\/\/schema.org\/CreativeWork\" ><div role=\"tablist\" class=\"single_toggle\" data-tags=\"{All} \"  ><p id='toggle-toggle-id-3' data-fake-id='#toggle-id-3' class='toggler  av-title-above '  itemprop=\"headline\"  role='tab' tabindex='0' aria-controls='toggle-id-3' data-slide-speed=\"200\" data-title=\"&lt;strong&gt;Discounts&lt;\/strong&gt;\" data-title-open=\"\" data-aria_collapsed=\"Click to expand: &lt;strong&gt;Discounts&lt;\/strong&gt;\" data-aria_expanded=\"Click to collapse: &lt;strong&gt;Discounts&lt;\/strong&gt;\"><strong>Discounts<\/strong><span class=\"toggle_icon\"><span class=\"vert_icon\"><\/span><span class=\"hor_icon\"><\/span><\/span><\/p><div id='toggle-id-3' aria-labelledby='toggle-toggle-id-3' role='region' class='toggle_wrap  av-title-above'  ><div class='toggle_content invers-color '  itemprop=\"text\" ><p><strong>10% discount<\/strong> for the additional course when attending several courses.<\/p>\n<p><strong>10% discount<\/strong> for courses for members of the same family.<\/p>\n<p>Discounts are not summed up.<\/p>\n<\/div><\/div><\/div><\/section>\n<section class='av_toggle_section av-av_toggle-ba3ea14690d0067ae07e455a6a3134d4'  itemscope=\"itemscope\" itemtype=\"https:\/\/schema.org\/CreativeWork\" ><div role=\"tablist\" class=\"single_toggle\" data-tags=\"{All} \"  ><p id='toggle-toggle-id-4' data-fake-id='#toggle-id-4' class='toggler  av-title-above '  itemprop=\"headline\"  role='tab' tabindex='0' aria-controls='toggle-id-4' data-slide-speed=\"200\" data-title=\"&lt;strong&gt; Classes out of ArteFlamenco Studio&lt;\/strong&gt;\" data-title-open=\"\" data-aria_collapsed=\"Click to expand: &lt;strong&gt; Classes out of ArteFlamenco Studio&lt;\/strong&gt;\" data-aria_expanded=\"Click to collapse: &lt;strong&gt; Classes out of ArteFlamenco Studio&lt;\/strong&gt;\"><strong> Classes out of ArteFlamenco Studio<\/strong><span class=\"toggle_icon\"><span class=\"vert_icon\"><\/span><span class=\"hor_icon\"><\/span><\/span><\/p><div id='toggle-id-4' aria-labelledby='toggle-toggle-id-4' role='region' class='toggle_wrap  av-title-above'  ><div class='toggle_content invers-color '  itemprop=\"text\" ><p><span class=\"s1\">You can order a <strong>Flamenco class<\/strong> (dance lessons for beginners, playing castanets, rhythmic clapping etc.) for summer days, camps, theme events etc.<\/span><\/p>\n<h3><strong>PRICE OF THE COURSE &#8211;\u00a0<span style=\"color: #d70909;\">150\u20ac\/h<\/span><\/strong><\/h3>\n<p class=\"p1\"><span class=\"s1\">Starting from 2<\/span><span class=\"s1\">\u00a0hours &#8211;\u00a0<\/span><strong><span style=\"color: #d70909;\">125\u20ac\/h<\/span><\/strong><\/p>\n<p><span class=\"s1\">Starting from 3<\/span><span class=\"s1\">\u00a0hours &#8211;\u00a0<\/span><strong><span style=\"color: #d70909;\">100\u20ac\/h<\/span><\/strong><\/p>\n<p class=\"p1\"><span class=\"s1\">Starting from 5<\/span><span class=\"s1\">\u00a0hours &#8211;\u00a0<\/span><strong><span style=\"color: #d70909;\">80\u20ac\/th<\/span><\/strong><\/p>\n<\/div><\/div><\/div><\/section>\n<\/div><br \/>\n\n<style type=\"text\/css\" data-created_by=\"avia_inline_auto\" id=\"style-css-av-av_hr-e51f6258d6b52ff5dc673cbd0df88b0f\">\n#top .hr.hr-invisible.av-av_hr-e51f6258d6b52ff5dc673cbd0df88b0f{\nheight:60px;\n}\n<\/style>\n<div  class='hr av-av_hr-e51f6258d6b52ff5dc673cbd0df88b0f hr-invisible  avia-builder-el-4  el_after_av_toggle_container  el_before_av_button '><span class='hr-inner '><span class=\"hr-inner-style\"><\/span><\/span><\/div><br \/>\n<div  class='avia-button-wrap av-av_button-c0c532890bf0b6c1db1a6cb1ff3cfde8-wrap avia-button-center  avia-builder-el-5  el_after_av_hr  el_before_av_hr '>\n<style type=\"text\/css\" data-created_by=\"avia_inline_auto\" id=\"style-css-av-av_button-c0c532890bf0b6c1db1a6cb1ff3cfde8\">\n#top #wrap_all .avia-button.av-av_button-c0c532890bf0b6c1db1a6cb1ff3cfde8{\nbackground-color:#d70909;\nborder-color:#d70909;\ncolor:#ffffff;\ntransition:all 0.4s ease-in-out;\n}\n<\/style>\n<a href='https:\/\/www.arteflamenco.ee\/en\/kontakt\/'  class='avia-button av-av_button-c0c532890bf0b6c1db1a6cb1ff3cfde8 av-link-btn avia-icon_select-no avia-size-large avia-position-center'   aria-label=\"Register for a course\"><span class='avia_iconbox_title' >Register for a course<\/span><\/a><\/div><br \/>\n\n<style type=\"text\/css\" data-created_by=\"avia_inline_auto\" id=\"style-css-av-av_hr-e51f6258d6b52ff5dc673cbd0df88b0f\">\n#top .hr.hr-invisible.av-av_hr-e51f6258d6b52ff5dc673cbd0df88b0f{\nheight:60px;\n}\n<\/style>\n<div  class='hr av-av_hr-e51f6258d6b52ff5dc673cbd0df88b0f hr-invisible  avia-builder-el-6  el_after_av_button  avia-builder-el-last '><span class='hr-inner '><span class=\"hr-inner-style\"><\/span><\/span><\/div><\/p><\/div>\n<style type=\"text\/css\" data-created_by=\"avia_inline_auto\" id=\"style-css-av-av_image-355042f7fb2d88f17b13c7454fa2305b\">\n.avia-image-container.av-av_image-355042f7fb2d88f17b13c7454fa2305b img.avia_image{\nbox-shadow:none;\n}\n.avia-image-container.av-av_image-355042f7fb2d88f17b13c7454fa2305b .av-image-caption-overlay-center{\ncolor:#ffffff;\n}\n<\/style>\n<div  class='avia-image-container av-av_image-355042f7fb2d88f17b13c7454fa2305b av-styling-no-styling av-hover-grow avia-align-center  avia-builder-el-7  el_after_av_one_full  avia-builder-el-last '   itemprop=\"image\" itemscope=\"itemscope\" itemtype=\"https:\/\/schema.org\/ImageObject\" ><div class=\"avia-image-container-inner\"><div class=\"avia-image-overlay-wrap\"><img decoding=\"async\" fetchpriority=\"high\" class='wp-image-669 avia-img-lazy-loading-not-669 avia_image ' src=\"https:\/\/www.arteflamenco.ee\/wp-content\/uploads\/HINNAKIRI-arteflameco-1.jpg\" alt='Arteflamenco-kitarrim\u00e4ng' title='HINNAKIRI-arteflameco'  height=\"377\" width=\"1754\"  itemprop=\"thumbnailUrl\" srcset=\"https:\/\/www.arteflamenco.ee\/wp-content\/uploads\/HINNAKIRI-arteflameco-1.jpg 1754w, https:\/\/www.arteflamenco.ee\/wp-content\/uploads\/HINNAKIRI-arteflameco-1-400x86.jpg 400w, https:\/\/www.arteflamenco.ee\/wp-content\/uploads\/HINNAKIRI-arteflameco-1-768x165.jpg 768w, https:\/\/www.arteflamenco.ee\/wp-content\/uploads\/HINNAKIRI-arteflameco-1-1200x258.jpg 1200w, https:\/\/www.arteflamenco.ee\/wp-content\/uploads\/HINNAKIRI-arteflameco-1-1500x322.jpg 1500w, https:\/\/www.arteflamenco.ee\/wp-content\/uploads\/HINNAKIRI-arteflameco-1-705x152.jpg 705w, https:\/\/www.arteflamenco.ee\/wp-content\/uploads\/HINNAKIRI-arteflameco-1-450x97.jpg 450w\" sizes=\"(max-width: 1754px) 100vw, 1754px\" \/><\/div><\/div><\/div><\/p>\n","protected":false},"excerpt":{"rendered":"","protected":false},"author":1,"featured_media":0,"parent":1452,"menu_order":0,"comment_status":"closed","ping_status":"closed","template":"","meta":{"footnotes":""},"yoast_head":"<!-- This site is optimized with the Yoast SEO plugin v23.5 - https:\/\/yoast.com\/wordpress\/plugins\/seo\/ -->\n<title>ArteFlamenco stuudio hinnakiri<\/title>\n<meta name=\"description\" content=\"Hinnakirjast leiate k\u00f5ikide kursuste kohta infot: kursused lastele ja t\u00e4iskasvanutele, ka tehnikakursustele. Samuti leiab hinnakirjast infot koolituste ja temaatiliste s\u00fcnnip\u00e4evade pidamise kohta v\u00e4ljaspool Arte Flamenco Stuudiot.\" \/>\n<meta name=\"robots\" content=\"index, follow, max-snippet:-1, max-image-preview:large, max-video-preview:-1\" \/>\n<link rel=\"canonical\" href=\"https:\/\/www.arteflamenco.ee\/tunniplaan\/hinnakiri\/\" \/>\n<meta property=\"og:locale\" content=\"en_US\" \/>\n<meta property=\"og:type\" content=\"article\" \/>\n<meta property=\"og:title\" content=\"ArteFlamenco stuudio hinnakiri\" \/>\n<meta property=\"og:description\" content=\"Hinnakirjast leiate k\u00f5ikide kursuste kohta infot: kursused lastele ja t\u00e4iskasvanutele, ka tehnikakursustele. Samuti leiab hinnakirjast infot koolituste ja temaatiliste s\u00fcnnip\u00e4evade pidamise kohta v\u00e4ljaspool Arte Flamenco Stuudiot.\" \/>\n<meta property=\"og:url\" content=\"https:\/\/www.arteflamenco.ee\/tunniplaan\/hinnakiri\/\" \/>\n<meta property=\"og:site_name\" content=\"arteflamenco\" \/>\n<meta property=\"article:modified_time\" content=\"2019-10-12T11:09:08+00:00\" \/>\n<meta name=\"twitter:card\" content=\"summary_large_image\" \/>\n<meta name=\"twitter:label1\" content=\"Est. reading time\" \/>\n\t<meta name=\"twitter:data1\" content=\"3 minutes\" \/>\n<script type=\"application\/ld+json\" class=\"yoast-schema-graph\">{\"@context\":\"https:\/\/schema.org\",\"@graph\":[{\"@type\":\"WebPage\",\"@id\":\"https:\/\/www.arteflamenco.ee\/tunniplaan\/hinnakiri\/\",\"url\":\"https:\/\/www.arteflamenco.ee\/tunniplaan\/hinnakiri\/\",\"name\":\"ArteFlamenco stuudio hinnakiri\",\"isPartOf\":{\"@id\":\"https:\/\/www.arteflamenco.ee\/#website\"},\"datePublished\":\"2018-01-18T11:15:49+00:00\",\"dateModified\":\"2019-10-12T11:09:08+00:00\",\"description\":\"Hinnakirjast leiate k\u00f5ikide kursuste kohta infot: kursused lastele ja t\u00e4iskasvanutele, ka tehnikakursustele. Samuti leiab hinnakirjast infot koolituste ja temaatiliste s\u00fcnnip\u00e4evade pidamise kohta v\u00e4ljaspool Arte Flamenco Stuudiot.\",\"breadcrumb\":{\"@id\":\"https:\/\/www.arteflamenco.ee\/tunniplaan\/hinnakiri\/#breadcrumb\"},\"inLanguage\":\"en-US\",\"potentialAction\":[{\"@type\":\"ReadAction\",\"target\":[\"https:\/\/www.arteflamenco.ee\/tunniplaan\/hinnakiri\/\"]}]},{\"@type\":\"BreadcrumbList\",\"@id\":\"https:\/\/www.arteflamenco.ee\/tunniplaan\/hinnakiri\/#breadcrumb\",\"itemListElement\":[{\"@type\":\"ListItem\",\"position\":1,\"name\":\"Home\",\"item\":\"https:\/\/www.arteflamenco.ee\/en\/\"},{\"@type\":\"ListItem\",\"position\":2,\"name\":\"TIMETABLE\",\"item\":\"https:\/\/www.arteflamenco.ee\/tunniplaan\/\"},{\"@type\":\"ListItem\",\"position\":3,\"name\":\"PRICE OF COURSES\"}]},{\"@type\":\"WebSite\",\"@id\":\"https:\/\/www.arteflamenco.ee\/#website\",\"url\":\"https:\/\/www.arteflamenco.ee\/\",\"name\":\"arteflamenco\",\"description\":\"Stuudio Arteflamenco koduleht\",\"potentialAction\":[{\"@type\":\"SearchAction\",\"target\":{\"@type\":\"EntryPoint\",\"urlTemplate\":\"https:\/\/www.arteflamenco.ee\/?s={search_term_string}\"},\"query-input\":{\"@type\":\"PropertyValueSpecification\",\"valueRequired\":true,\"valueName\":\"search_term_string\"}}],\"inLanguage\":\"en-US\"}]}<\/script>\n<!-- \/ Yoast SEO plugin. -->","yoast_head_json":{"title":"ArteFlamenco stuudio hinnakiri","description":"Hinnakirjast leiate k\u00f5ikide kursuste kohta infot: kursused lastele ja t\u00e4iskasvanutele, ka tehnikakursustele. Samuti leiab hinnakirjast infot koolituste ja temaatiliste s\u00fcnnip\u00e4evade pidamise kohta v\u00e4ljaspool Arte Flamenco Stuudiot.","robots":{"index":"index","follow":"follow","max-snippet":"max-snippet:-1","max-image-preview":"max-image-preview:large","max-video-preview":"max-video-preview:-1"},"canonical":"https:\/\/www.arteflamenco.ee\/tunniplaan\/hinnakiri\/","og_locale":"en_US","og_type":"article","og_title":"ArteFlamenco stuudio hinnakiri","og_description":"Hinnakirjast leiate k\u00f5ikide kursuste kohta infot: kursused lastele ja t\u00e4iskasvanutele, ka tehnikakursustele. Samuti leiab hinnakirjast infot koolituste ja temaatiliste s\u00fcnnip\u00e4evade pidamise kohta v\u00e4ljaspool Arte Flamenco Stuudiot.","og_url":"https:\/\/www.arteflamenco.ee\/tunniplaan\/hinnakiri\/","og_site_name":"arteflamenco","article_modified_time":"2019-10-12T11:09:08+00:00","twitter_card":"summary_large_image","twitter_misc":{"Est. reading time":"3 minutes"},"schema":{"@context":"https:\/\/schema.org","@graph":[{"@type":"WebPage","@id":"https:\/\/www.arteflamenco.ee\/tunniplaan\/hinnakiri\/","url":"https:\/\/www.arteflamenco.ee\/tunniplaan\/hinnakiri\/","name":"ArteFlamenco stuudio hinnakiri","isPartOf":{"@id":"https:\/\/www.arteflamenco.ee\/#website"},"datePublished":"2018-01-18T11:15:49+00:00","dateModified":"2019-10-12T11:09:08+00:00","description":"Hinnakirjast leiate k\u00f5ikide kursuste kohta infot: kursused lastele ja t\u00e4iskasvanutele, ka tehnikakursustele. Samuti leiab hinnakirjast infot koolituste ja temaatiliste s\u00fcnnip\u00e4evade pidamise kohta v\u00e4ljaspool Arte Flamenco Stuudiot.","breadcrumb":{"@id":"https:\/\/www.arteflamenco.ee\/tunniplaan\/hinnakiri\/#breadcrumb"},"inLanguage":"en-US","potentialAction":[{"@type":"ReadAction","target":["https:\/\/www.arteflamenco.ee\/tunniplaan\/hinnakiri\/"]}]},{"@type":"BreadcrumbList","@id":"https:\/\/www.arteflamenco.ee\/tunniplaan\/hinnakiri\/#breadcrumb","itemListElement":[{"@type":"ListItem","position":1,"name":"Home","item":"https:\/\/www.arteflamenco.ee\/en\/"},{"@type":"ListItem","position":2,"name":"TIMETABLE","item":"https:\/\/www.arteflamenco.ee\/tunniplaan\/"},{"@type":"ListItem","position":3,"name":"PRICE OF COURSES"}]},{"@type":"WebSite","@id":"https:\/\/www.arteflamenco.ee\/#website","url":"https:\/\/www.arteflamenco.ee\/","name":"arteflamenco","description":"Stuudio Arteflamenco koduleht","potentialAction":[{"@type":"SearchAction","target":{"@type":"EntryPoint","urlTemplate":"https:\/\/www.arteflamenco.ee\/?s={search_term_string}"},"query-input":{"@type":"PropertyValueSpecification","valueRequired":true,"valueName":"search_term_string"}}],"inLanguage":"en-US"}]}},"_links":{"self":[{"href":"https:\/\/www.arteflamenco.ee\/en\/wp-json\/wp\/v2\/pages\/1456"}],"collection":[{"href":"https:\/\/www.arteflamenco.ee\/en\/wp-json\/wp\/v2\/pages"}],"about":[{"href":"https:\/\/www.arteflamenco.ee\/en\/wp-json\/wp\/v2\/types\/page"}],"author":[{"embeddable":true,"href":"https:\/\/www.arteflamenco.ee\/en\/wp-json\/wp\/v2\/users\/1"}],"replies":[{"embeddable":true,"href":"https:\/\/www.arteflamenco.ee\/en\/wp-json\/wp\/v2\/comments?post=1456"}],"version-history":[{"count":9,"href":"https:\/\/www.arteflamenco.ee\/en\/wp-json\/wp\/v2\/pages\/1456\/revisions"}],"predecessor-version":[{"id":2226,"href":"https:\/\/www.arteflamenco.ee\/en\/wp-json\/wp\/v2\/pages\/1456\/revisions\/2226"}],"up":[{"embeddable":true,"href":"https:\/\/www.arteflamenco.ee\/en\/wp-json\/wp\/v2\/pages\/1452"}],"wp:attachment":[{"href":"https:\/\/www.arteflamenco.ee\/en\/wp-json\/wp\/v2\/media?parent=1456"}],"curies":[{"name":"wp","href":"https:\/\/api.w.org\/{rel}","templated":true}]}}