{"id":1459,"date":"2018-01-12T00:56:18","date_gmt":"2018-01-11T22:56:18","guid":{"rendered":"http:\/\/www.arteflamenco.ee\/tunniplaan\/kursused\/"},"modified":"2019-10-05T22:10:35","modified_gmt":"2019-10-05T19:10:35","slug":"kursused","status":"publish","type":"page","link":"https:\/\/www.arteflamenco.ee\/en\/tunniplaan\/kursused\/","title":{"rendered":"COURSES"},"content":{"rendered":"\n<style type=\"text\/css\" data-created_by=\"avia_inline_auto\" id=\"style-css-av-av_heading-e63111bfb79f0f8d8afe62956c865362\">\n#top .av-special-heading.av-av_heading-e63111bfb79f0f8d8afe62956c865362{\npadding-bottom:10px;\n}\nbody .av-special-heading.av-av_heading-e63111bfb79f0f8d8afe62956c865362 .av-special-heading-tag .heading-char{\nfont-size:25px;\n}\n.av-special-heading.av-av_heading-e63111bfb79f0f8d8afe62956c865362 .av-subheading{\nfont-size:15px;\n}\n<\/style>\n<div  class='av-special-heading av-av_heading-e63111bfb79f0f8d8afe62956c865362 av-special-heading-h1 blockquote modern-quote  avia-builder-el-0  el_before_av_one_half  avia-builder-el-first '><h1 class='av-special-heading-tag '  itemprop=\"headline\"  >COURSES<\/h1><div class=\"special-heading-border\"><div class=\"special-heading-inner-border\"><\/div><\/div><\/div>\n\n<style type=\"text\/css\" data-created_by=\"avia_inline_auto\" id=\"style-css-av-av_one_half-563a9127efd4b71efca0620cc1caa088\">\n.flex_column.av-av_one_half-563a9127efd4b71efca0620cc1caa088{\nborder-radius:0px 0px 0px 0px;\npadding:0px 0px 0px 0px;\n}\n<\/style>\n<div  class='flex_column av-av_one_half-563a9127efd4b71efca0620cc1caa088 av_one_half  avia-builder-el-1  el_after_av_heading  el_before_av_one_half  first av-break-at-tablet flex_column_div av-zero-column-padding  '     ><section  class='av_textblock_section av-av_textblock-2de302bf1aa3cf4c9157dbe6f50ac7eb '   itemscope=\"itemscope\" itemtype=\"https:\/\/schema.org\/CreativeWork\" ><div class='avia_textblock'  itemprop=\"text\" ><p>We invite men and women of any age to join flamenco courses.<\/p>\n<p>Flamenco dance gives you an ideal poise, helps to develop coordination and sense of rhythm and at the same time it is challenging and emotional. This dance course has no age or weight restrictions; however, it requires some consistency and commitment. It is possible to dance flamenco solo, in pair or group. In can be studied for years to perfect the abilities and gives a possibility to go to a higher level and learn new dances.<\/p>\n<p>During the starting course we are learning the basic movements and rhythms along with the Spanish folk dance Sevillanas.<\/p>\n<p><strong><a href=\"http:\/\/www.arteflamenco.ee\/en\/contact\/\">Register<\/a> for a free flamenco class!<\/strong><\/p>\n<\/div><\/section><\/div>\n\n<style type=\"text\/css\" data-created_by=\"avia_inline_auto\" id=\"style-css-av-av_one_half-cec70c55ab5422a5a5af58e3f87bd87b\">\n.flex_column.av-av_one_half-cec70c55ab5422a5a5af58e3f87bd87b{\nborder-radius:0px 0px 0px 0px;\npadding:0px 0px 0px 0px;\n}\n<\/style>\n<div  class='flex_column av-av_one_half-cec70c55ab5422a5a5af58e3f87bd87b av_one_half  avia-builder-el-3  el_after_av_one_half  el_before_av_one_fifth  av-break-at-tablet flex_column_div av-zero-column-padding  '     ><p>\n<style type=\"text\/css\" data-created_by=\"avia_inline_auto\" id=\"style-css-av-av_hr-fe5979aa96bf9dfc2fdf2ff9ff3ede8d\">\n#top .hr.hr-invisible.av-av_hr-fe5979aa96bf9dfc2fdf2ff9ff3ede8d{\nmargin-top:-50px;\nheight:1px;\n}\n<\/style>\n<div  class='hr av-av_hr-fe5979aa96bf9dfc2fdf2ff9ff3ede8d hr-invisible  avia-builder-el-4  el_before_av_image  avia-builder-el-first  av-medium-hide av-small-hide av-mini-hide'><span class='hr-inner '><span class=\"hr-inner-style\"><\/span><\/span><\/div><br \/>\n\n<style type=\"text\/css\" data-created_by=\"avia_inline_auto\" id=\"style-css-av-av_image-2b2994d80cea3e52deee10799fd93187\">\n.avia-image-container.av-av_image-2b2994d80cea3e52deee10799fd93187 img.avia_image{\nbox-shadow:none;\n}\n.avia-image-container.av-av_image-2b2994d80cea3e52deee10799fd93187 .av-image-caption-overlay-center{\ncolor:#ffffff;\n}\n<\/style>\n<div  class='avia-image-container av-av_image-2b2994d80cea3e52deee10799fd93187 av-styling-no-styling av-hover-grow avia-align-center  avia-builder-el-5  el_after_av_hr  el_before_av_hr  av-mini-hide'   itemprop=\"image\" itemscope=\"itemscope\" itemtype=\"https:\/\/schema.org\/ImageObject\" ><div class=\"avia-image-container-inner\"><div class=\"avia-image-overlay-wrap\"><img decoding=\"async\" fetchpriority=\"high\" class='wp-image-519 avia-img-lazy-loading-not-519 avia_image ' src=\"https:\/\/www.arteflamenco.ee\/wp-content\/uploads\/stuudio-kursus-copy.jpg\" alt='\u00d5pilased koos Maria ja Ivan Gallegoga' title='Arteflamenco stuudio kursus'  height=\"632\" width=\"1122\"  itemprop=\"thumbnailUrl\" srcset=\"https:\/\/www.arteflamenco.ee\/wp-content\/uploads\/stuudio-kursus-copy.jpg 1122w, https:\/\/www.arteflamenco.ee\/wp-content\/uploads\/stuudio-kursus-copy-400x225.jpg 400w, https:\/\/www.arteflamenco.ee\/wp-content\/uploads\/stuudio-kursus-copy-768x433.jpg 768w, https:\/\/www.arteflamenco.ee\/wp-content\/uploads\/stuudio-kursus-copy-705x397.jpg 705w, https:\/\/www.arteflamenco.ee\/wp-content\/uploads\/stuudio-kursus-copy-450x253.jpg 450w\" sizes=\"(max-width: 1122px) 100vw, 1122px\" \/><\/div><\/div><\/div><br \/>\n\n<style type=\"text\/css\" data-created_by=\"avia_inline_auto\" id=\"style-css-av-av_hr-8e8b8aadb2719f19e77685d7fe07fb33\">\n#top .hr.hr-invisible.av-av_hr-8e8b8aadb2719f19e77685d7fe07fb33{\nheight:20px;\n}\n<\/style>\n<div  class='hr av-av_hr-8e8b8aadb2719f19e77685d7fe07fb33 hr-invisible  avia-builder-el-6  el_after_av_image  avia-builder-el-last  av-medium-hide av-small-hide av-mini-hide'><span class='hr-inner '><span class=\"hr-inner-style\"><\/span><\/span><\/div><\/p><\/div>\n\n<style type=\"text\/css\" data-created_by=\"avia_inline_auto\" id=\"style-css-av-av_one_fifth-15d750bd1b332b34c6e70b077ebbccdf\">\n.flex_column.av-av_one_fifth-15d750bd1b332b34c6e70b077ebbccdf{\nborder-radius:0px 0px 0px 0px;\npadding:0px 0px 0px 0px;\n}\n<\/style>\n<div  class='flex_column av-av_one_fifth-15d750bd1b332b34c6e70b077ebbccdf av_one_fifth  avia-builder-el-7  el_after_av_one_half  el_before_av_one_fifth  first flex_column_div av-zero-column-padding  column-top-margin'     ><\/div>\n\n<style type=\"text\/css\" data-created_by=\"avia_inline_auto\" id=\"style-css-av-av_one_fifth-c8fc129dc35fd1ae2a1e410224d39ea8\">\n.flex_column.av-av_one_fifth-c8fc129dc35fd1ae2a1e410224d39ea8{\nborder-radius:0px 0px 0px 0px;\npadding:0px 0px 0px 0px;\n}\n<\/style>\n<div  class='flex_column av-av_one_fifth-c8fc129dc35fd1ae2a1e410224d39ea8 av_one_fifth  avia-builder-el-8  el_after_av_one_fifth  el_before_av_one_fifth  flex_column_div av-zero-column-padding  column-top-margin'     ><p><div  class='avia-button-wrap av-av_button-59928739708cc3f67b43cf38cb369ae8-wrap avia-button-center  avia-builder-el-9  el_before_av_hr  avia-builder-el-first '><a href='https:\/\/www.facebook.com\/Stuudio.ArteFlamenco\/videos\/1999329646749290\/' class='avia-button av-av_button-59928739708cc3f67b43cf38cb369ae8 av-link-btn avia-icon_select-no avia-size-large avia-position-center avia-color-theme-color-highlight' target=\"_blank\" rel=\"noopener noreferrer\" aria-label=\"Class video\"><span class='avia_iconbox_title' >Class video<\/span><\/a><\/div><br \/>\n\n<style type=\"text\/css\" data-created_by=\"avia_inline_auto\" id=\"style-css-av-av_hr-373523e22f0366b13a549278f1ad345e\">\n#top .hr.hr-invisible.av-av_hr-373523e22f0366b13a549278f1ad345e{\nheight:10px;\n}\n<\/style>\n<div  class='hr av-av_hr-373523e22f0366b13a549278f1ad345e hr-invisible  avia-builder-el-10  el_after_av_button  avia-builder-el-last '><span class='hr-inner '><span class=\"hr-inner-style\"><\/span><\/span><\/div><\/p><\/div>\n<style type=\"text\/css\" data-created_by=\"avia_inline_auto\" id=\"style-css-av-av_one_fifth-c8fc129dc35fd1ae2a1e410224d39ea8\">\n.flex_column.av-av_one_fifth-c8fc129dc35fd1ae2a1e410224d39ea8{\nborder-radius:0px 0px 0px 0px;\npadding:0px 0px 0px 0px;\n}\n<\/style>\n<div  class='flex_column av-av_one_fifth-c8fc129dc35fd1ae2a1e410224d39ea8 av_one_fifth  avia-builder-el-11  el_after_av_one_fifth  el_before_av_one_fifth  flex_column_div av-zero-column-padding  column-top-margin'     ><p><div  class='avia-button-wrap av-av_button-5006463e056ef0df6f15d1fd44d0a4e6-wrap avia-button-center  avia-builder-el-12  el_before_av_hr  avia-builder-el-first '><a href='https:\/\/www.arteflamenco.ee\/en\/kontakt\/'  class='avia-button av-av_button-5006463e056ef0df6f15d1fd44d0a4e6 av-link-btn avia-icon_select-no avia-size-large avia-position-center avia-color-theme-color-highlight'   aria-label=\"Contact Us\"><span class='avia_iconbox_title' >Contact Us<\/span><\/a><\/div><br \/>\n\n<style type=\"text\/css\" data-created_by=\"avia_inline_auto\" id=\"style-css-av-av_hr-373523e22f0366b13a549278f1ad345e\">\n#top .hr.hr-invisible.av-av_hr-373523e22f0366b13a549278f1ad345e{\nheight:10px;\n}\n<\/style>\n<div  class='hr av-av_hr-373523e22f0366b13a549278f1ad345e hr-invisible  avia-builder-el-13  el_after_av_button  avia-builder-el-last '><span class='hr-inner '><span class=\"hr-inner-style\"><\/span><\/span><\/div><\/p><\/div><\/p>\n\n<style type=\"text\/css\" data-created_by=\"avia_inline_auto\" id=\"style-css-av-av_one_fifth-c8fc129dc35fd1ae2a1e410224d39ea8\">\n.flex_column.av-av_one_fifth-c8fc129dc35fd1ae2a1e410224d39ea8{\nborder-radius:0px 0px 0px 0px;\npadding:0px 0px 0px 0px;\n}\n<\/style>\n<div  class='flex_column av-av_one_fifth-c8fc129dc35fd1ae2a1e410224d39ea8 av_one_fifth  avia-builder-el-14  el_after_av_one_fifth  el_before_av_hr  flex_column_div av-zero-column-padding  column-top-margin'     ><p><div  class='avia-button-wrap av-av_button-33cd6072f730074f187b8671f6a62298-wrap avia-button-center  avia-builder-el-15  el_before_av_hr  avia-builder-el-first '><a href='https:\/\/www.arteflamenco.ee\/tunniplaan\/'  class='avia-button av-av_button-33cd6072f730074f187b8671f6a62298 av-link-btn avia-icon_select-no avia-size-large avia-position-center avia-color-theme-color-highlight'   aria-label=\"Timetable\"><span class='avia_iconbox_title' >Timetable<\/span><\/a><\/div><br \/>\n\n<style type=\"text\/css\" data-created_by=\"avia_inline_auto\" id=\"style-css-av-av_hr-373523e22f0366b13a549278f1ad345e\">\n#top .hr.hr-invisible.av-av_hr-373523e22f0366b13a549278f1ad345e{\nheight:10px;\n}\n<\/style>\n<div  class='hr av-av_hr-373523e22f0366b13a549278f1ad345e hr-invisible  avia-builder-el-16  el_after_av_button  avia-builder-el-last '><span class='hr-inner '><span class=\"hr-inner-style\"><\/span><\/span><\/div><\/p><\/div>\n\n<style type=\"text\/css\" data-created_by=\"avia_inline_auto\" id=\"style-css-av-av_hr-e51f6258d6b52ff5dc673cbd0df88b0f\">\n#top .hr.hr-invisible.av-av_hr-e51f6258d6b52ff5dc673cbd0df88b0f{\nheight:60px;\n}\n<\/style>\n<div  class='hr av-av_hr-e51f6258d6b52ff5dc673cbd0df88b0f hr-invisible  avia-builder-el-17  el_after_av_one_fifth  el_before_av_one_half '><span class='hr-inner '><span class=\"hr-inner-style\"><\/span><\/span><\/div>\n\n<style type=\"text\/css\" data-created_by=\"avia_inline_auto\" id=\"style-css-av-av_one_half-563a9127efd4b71efca0620cc1caa088\">\n.flex_column.av-av_one_half-563a9127efd4b71efca0620cc1caa088{\nborder-radius:0px 0px 0px 0px;\npadding:0px 0px 0px 0px;\n}\n<\/style>\n<div  class='flex_column av-av_one_half-563a9127efd4b71efca0620cc1caa088 av_one_half  avia-builder-el-18  el_after_av_hr  el_before_av_one_half  first av-break-at-tablet flex_column_div av-zero-column-padding  '     ><section  class='av_textblock_section av-av_textblock-2de302bf1aa3cf4c9157dbe6f50ac7eb '   itemscope=\"itemscope\" itemtype=\"https:\/\/schema.org\/CreativeWork\" ><div class='avia_textblock'  itemprop=\"text\" ><h3>BEGINNERS (Level I)<\/h3>\n<p>This course is for beginners with no flamenco dance experience. In this class we get to know basic movements and flamenco rhythms along with a Spanish folk dance Sevillanas.<\/p>\n<h3>Level II<\/h3>\n<p>Students of this course should have flamenco dance experience of min. 1-2 years. In September-December 2019 we are learning to dance Tangos de Malaga.<\/p>\n<h3>Level III<\/h3>\n<p>Students of this course should have flamenco dance experience of min. 2-3 years. In September-December 2019 we are learning to dance Zorongo.<\/p>\n<h3>Level IV<\/h3>\n<p>Students of this class should have dance experience of 3-4 years. In September-December 2019 we are learning to dance Tangos de Triana.<\/p>\n<h3>Level V<\/h3>\n<p>Students of this course should have flamenco dance experience of min. 5-6 years. In September-December 2019 we are learning to dance Bambera.<\/p>\n<h3>Level VI<\/h3>\n<p>Students of this course should have flamenco dance experience of min. 6-7 years. In September-December 2019 we are learning to dance Solea por bulerias.<\/p>\n<\/div><\/section><\/div>\n\n<style type=\"text\/css\" data-created_by=\"avia_inline_auto\" id=\"style-css-av-av_one_half-5512ca073b63e151513736238fc56324\">\n.flex_column.av-av_one_half-5512ca073b63e151513736238fc56324{\nborder-radius:0px 0px 0px 0px;\npadding:0px 0px 0px 0px;\n}\n<\/style>\n<div  class='flex_column av-av_one_half-5512ca073b63e151513736238fc56324 av_one_half  avia-builder-el-20  el_after_av_one_half  el_before_av_hr  av-break-at-tablet flex_column_div av-zero-column-padding  '     ><section  class='av_textblock_section av-av_textblock-2de302bf1aa3cf4c9157dbe6f50ac7eb '   itemscope=\"itemscope\" itemtype=\"https:\/\/schema.org\/CreativeWork\" ><div class='avia_textblock'  itemprop=\"text\" ><h3>Castanets<\/h3>\n<p>In this class we start to learn playing castanets and some easier rhythms. After gaining some skills students may learn how to dance with castanets.<\/p>\n<h3>YOUTH GROUP<\/h3>\n<p>This class is for students 10-13 years of age, who have already been studying Flamenco for min. 2 years. In September-December 2019 we are learning to dance Rumba flamenco and Guajira.<\/p>\n<h3>FLAMENCO TECHNIQUE<\/h3>\n<p>This is an open level class. Here we do not study any choreography, thus it is possible to take separate classes. We are refining the dance technique (hands, arms and upper body movements, basic steps, turns, feet technique, rhythms). This technique class gives a considerable exercise load.<\/p>\n<\/div><\/section><\/div>\n\n<style type=\"text\/css\" data-created_by=\"avia_inline_auto\" id=\"style-css-av-av_hr-fbebcb4fe7f7f93a621d8b6783460008\">\n#top .hr.hr-invisible.av-av_hr-fbebcb4fe7f7f93a621d8b6783460008{\nheight:30px;\n}\n<\/style>\n<div  class='hr av-av_hr-fbebcb4fe7f7f93a621d8b6783460008 hr-invisible  avia-builder-el-22  el_after_av_one_half  el_before_av_image '><span class='hr-inner '><span class=\"hr-inner-style\"><\/span><\/span><\/div>\n\n<style type=\"text\/css\" data-created_by=\"avia_inline_auto\" id=\"style-css-av-av_image-a70cdb18c7e2b65db7d64088a7c92e04\">\n.avia-image-container.av-av_image-a70cdb18c7e2b65db7d64088a7c92e04 img.avia_image{\nbox-shadow:none;\n}\n.avia-image-container.av-av_image-a70cdb18c7e2b65db7d64088a7c92e04 .av-image-caption-overlay-center{\ncolor:#ffffff;\n}\n<\/style>\n<div  class='avia-image-container av-av_image-a70cdb18c7e2b65db7d64088a7c92e04 av-styling-no-styling av-hover-grow avia-align-center  avia-builder-el-23  el_after_av_hr  avia-builder-el-last '   itemprop=\"image\" itemscope=\"itemscope\" itemtype=\"https:\/\/schema.org\/ImageObject\" ><div class=\"avia-image-container-inner\"><div class=\"avia-image-overlay-wrap\"><img decoding=\"async\" fetchpriority=\"high\" class='wp-image-690 avia-img-lazy-loading-not-690 avia_image ' src=\"https:\/\/www.arteflamenco.ee\/wp-content\/uploads\/arteflamenco_ka\u0308ed-1-1500x334.jpg\" alt='' title='arteflamenco_ka\u0308ed'  height=\"334\" width=\"1500\"  itemprop=\"thumbnailUrl\" srcset=\"https:\/\/www.arteflamenco.ee\/wp-content\/uploads\/arteflamenco_ka\u0308ed-1-1500x334.jpg 1500w, https:\/\/www.arteflamenco.ee\/wp-content\/uploads\/arteflamenco_ka\u0308ed-1-400x89.jpg 400w, https:\/\/www.arteflamenco.ee\/wp-content\/uploads\/arteflamenco_ka\u0308ed-1-768x171.jpg 768w, https:\/\/www.arteflamenco.ee\/wp-content\/uploads\/arteflamenco_ka\u0308ed-1-1200x267.jpg 1200w, https:\/\/www.arteflamenco.ee\/wp-content\/uploads\/arteflamenco_ka\u0308ed-1-705x157.jpg 705w, https:\/\/www.arteflamenco.ee\/wp-content\/uploads\/arteflamenco_ka\u0308ed-1-450x100.jpg 450w, https:\/\/www.arteflamenco.ee\/wp-content\/uploads\/arteflamenco_ka\u0308ed-1.jpg 1754w\" sizes=\"(max-width: 1500px) 100vw, 1500px\" \/><\/div><\/div><\/div>\n","protected":false},"excerpt":{"rendered":"","protected":false},"author":1,"featured_media":0,"parent":1452,"menu_order":0,"comment_status":"closed","ping_status":"closed","template":"","meta":{"footnotes":""},"yoast_head":"<!-- This site is optimized with the Yoast SEO plugin v23.5 - https:\/\/yoast.com\/wordpress\/plugins\/seo\/ -->\n<title>ArteFlamenco stuudio kursuste tutvustus<\/title>\n<meta name=\"description\" content=\"Flamenkokursused on meestele ja naistele igas vanuses. Flamenko tantsimine annab suurp\u00e4rase r\u00fchi, arendab koordinatsiooni ja r\u00fctmitunnet ning on emotsionaalne treening. Flamenko algkursusel \u00f5pime p\u00f5hiliikumisi ja -r\u00fctme ning alustame hispaania rahvatantsu sevillanas`ega. Registreeru tasuta flamenko proovitundi!\" \/>\n<meta name=\"robots\" content=\"index, follow, max-snippet:-1, max-image-preview:large, max-video-preview:-1\" \/>\n<link rel=\"canonical\" href=\"https:\/\/www.arteflamenco.ee\/tunniplaan\/kursused\/\" \/>\n<meta property=\"og:locale\" content=\"en_US\" \/>\n<meta property=\"og:type\" content=\"article\" \/>\n<meta property=\"og:title\" content=\"ArteFlamenco stuudio kursuste tutvustus\" \/>\n<meta property=\"og:description\" content=\"Flamenkokursused on meestele ja naistele igas vanuses. Flamenko tantsimine annab suurp\u00e4rase r\u00fchi, arendab koordinatsiooni ja r\u00fctmitunnet ning on emotsionaalne treening. Flamenko algkursusel \u00f5pime p\u00f5hiliikumisi ja -r\u00fctme ning alustame hispaania rahvatantsu sevillanas`ega. Registreeru tasuta flamenko proovitundi!\" \/>\n<meta property=\"og:url\" content=\"https:\/\/www.arteflamenco.ee\/tunniplaan\/kursused\/\" \/>\n<meta property=\"og:site_name\" content=\"arteflamenco\" \/>\n<meta property=\"article:modified_time\" content=\"2019-10-05T19:10:35+00:00\" \/>\n<meta name=\"twitter:card\" content=\"summary_large_image\" \/>\n<meta name=\"twitter:label1\" content=\"Est. reading time\" \/>\n\t<meta name=\"twitter:data1\" content=\"8 minutes\" \/>\n<script type=\"application\/ld+json\" class=\"yoast-schema-graph\">{\"@context\":\"https:\/\/schema.org\",\"@graph\":[{\"@type\":\"WebPage\",\"@id\":\"https:\/\/www.arteflamenco.ee\/tunniplaan\/kursused\/\",\"url\":\"https:\/\/www.arteflamenco.ee\/tunniplaan\/kursused\/\",\"name\":\"ArteFlamenco stuudio kursuste tutvustus\",\"isPartOf\":{\"@id\":\"https:\/\/www.arteflamenco.ee\/#website\"},\"datePublished\":\"2018-01-11T22:56:18+00:00\",\"dateModified\":\"2019-10-05T19:10:35+00:00\",\"description\":\"Flamenkokursused on meestele ja naistele igas vanuses. Flamenko tantsimine annab suurp\u00e4rase r\u00fchi, arendab koordinatsiooni ja r\u00fctmitunnet ning on emotsionaalne treening. Flamenko algkursusel \u00f5pime p\u00f5hiliikumisi ja -r\u00fctme ning alustame hispaania rahvatantsu sevillanas`ega. Registreeru tasuta flamenko proovitundi!\",\"breadcrumb\":{\"@id\":\"https:\/\/www.arteflamenco.ee\/tunniplaan\/kursused\/#breadcrumb\"},\"inLanguage\":\"en-US\",\"potentialAction\":[{\"@type\":\"ReadAction\",\"target\":[\"https:\/\/www.arteflamenco.ee\/tunniplaan\/kursused\/\"]}]},{\"@type\":\"BreadcrumbList\",\"@id\":\"https:\/\/www.arteflamenco.ee\/tunniplaan\/kursused\/#breadcrumb\",\"itemListElement\":[{\"@type\":\"ListItem\",\"position\":1,\"name\":\"Home\",\"item\":\"https:\/\/www.arteflamenco.ee\/en\/\"},{\"@type\":\"ListItem\",\"position\":2,\"name\":\"TIMETABLE\",\"item\":\"https:\/\/www.arteflamenco.ee\/tunniplaan\/\"},{\"@type\":\"ListItem\",\"position\":3,\"name\":\"COURSES\"}]},{\"@type\":\"WebSite\",\"@id\":\"https:\/\/www.arteflamenco.ee\/#website\",\"url\":\"https:\/\/www.arteflamenco.ee\/\",\"name\":\"arteflamenco\",\"description\":\"Stuudio Arteflamenco koduleht\",\"potentialAction\":[{\"@type\":\"SearchAction\",\"target\":{\"@type\":\"EntryPoint\",\"urlTemplate\":\"https:\/\/www.arteflamenco.ee\/?s={search_term_string}\"},\"query-input\":{\"@type\":\"PropertyValueSpecification\",\"valueRequired\":true,\"valueName\":\"search_term_string\"}}],\"inLanguage\":\"en-US\"}]}<\/script>\n<!-- \/ Yoast SEO plugin. -->","yoast_head_json":{"title":"ArteFlamenco stuudio kursuste tutvustus","description":"Flamenkokursused on meestele ja naistele igas vanuses. Flamenko tantsimine annab suurp\u00e4rase r\u00fchi, arendab koordinatsiooni ja r\u00fctmitunnet ning on emotsionaalne treening. Flamenko algkursusel \u00f5pime p\u00f5hiliikumisi ja -r\u00fctme ning alustame hispaania rahvatantsu sevillanas`ega. Registreeru tasuta flamenko proovitundi!","robots":{"index":"index","follow":"follow","max-snippet":"max-snippet:-1","max-image-preview":"max-image-preview:large","max-video-preview":"max-video-preview:-1"},"canonical":"https:\/\/www.arteflamenco.ee\/tunniplaan\/kursused\/","og_locale":"en_US","og_type":"article","og_title":"ArteFlamenco stuudio kursuste tutvustus","og_description":"Flamenkokursused on meestele ja naistele igas vanuses. Flamenko tantsimine annab suurp\u00e4rase r\u00fchi, arendab koordinatsiooni ja r\u00fctmitunnet ning on emotsionaalne treening. Flamenko algkursusel \u00f5pime p\u00f5hiliikumisi ja -r\u00fctme ning alustame hispaania rahvatantsu sevillanas`ega. Registreeru tasuta flamenko proovitundi!","og_url":"https:\/\/www.arteflamenco.ee\/tunniplaan\/kursused\/","og_site_name":"arteflamenco","article_modified_time":"2019-10-05T19:10:35+00:00","twitter_card":"summary_large_image","twitter_misc":{"Est. reading time":"8 minutes"},"schema":{"@context":"https:\/\/schema.org","@graph":[{"@type":"WebPage","@id":"https:\/\/www.arteflamenco.ee\/tunniplaan\/kursused\/","url":"https:\/\/www.arteflamenco.ee\/tunniplaan\/kursused\/","name":"ArteFlamenco stuudio kursuste tutvustus","isPartOf":{"@id":"https:\/\/www.arteflamenco.ee\/#website"},"datePublished":"2018-01-11T22:56:18+00:00","dateModified":"2019-10-05T19:10:35+00:00","description":"Flamenkokursused on meestele ja naistele igas vanuses. Flamenko tantsimine annab suurp\u00e4rase r\u00fchi, arendab koordinatsiooni ja r\u00fctmitunnet ning on emotsionaalne treening. Flamenko algkursusel \u00f5pime p\u00f5hiliikumisi ja -r\u00fctme ning alustame hispaania rahvatantsu sevillanas`ega. Registreeru tasuta flamenko proovitundi!","breadcrumb":{"@id":"https:\/\/www.arteflamenco.ee\/tunniplaan\/kursused\/#breadcrumb"},"inLanguage":"en-US","potentialAction":[{"@type":"ReadAction","target":["https:\/\/www.arteflamenco.ee\/tunniplaan\/kursused\/"]}]},{"@type":"BreadcrumbList","@id":"https:\/\/www.arteflamenco.ee\/tunniplaan\/kursused\/#breadcrumb","itemListElement":[{"@type":"ListItem","position":1,"name":"Home","item":"https:\/\/www.arteflamenco.ee\/en\/"},{"@type":"ListItem","position":2,"name":"TIMETABLE","item":"https:\/\/www.arteflamenco.ee\/tunniplaan\/"},{"@type":"ListItem","position":3,"name":"COURSES"}]},{"@type":"WebSite","@id":"https:\/\/www.arteflamenco.ee\/#website","url":"https:\/\/www.arteflamenco.ee\/","name":"arteflamenco","description":"Stuudio Arteflamenco koduleht","potentialAction":[{"@type":"SearchAction","target":{"@type":"EntryPoint","urlTemplate":"https:\/\/www.arteflamenco.ee\/?s={search_term_string}"},"query-input":{"@type":"PropertyValueSpecification","valueRequired":true,"valueName":"search_term_string"}}],"inLanguage":"en-US"}]}},"_links":{"self":[{"href":"https:\/\/www.arteflamenco.ee\/en\/wp-json\/wp\/v2\/pages\/1459"}],"collection":[{"href":"https:\/\/www.arteflamenco.ee\/en\/wp-json\/wp\/v2\/pages"}],"about":[{"href":"https:\/\/www.arteflamenco.ee\/en\/wp-json\/wp\/v2\/types\/page"}],"author":[{"embeddable":true,"href":"https:\/\/www.arteflamenco.ee\/en\/wp-json\/wp\/v2\/users\/1"}],"replies":[{"embeddable":true,"href":"https:\/\/www.arteflamenco.ee\/en\/wp-json\/wp\/v2\/comments?post=1459"}],"version-history":[{"count":9,"href":"https:\/\/www.arteflamenco.ee\/en\/wp-json\/wp\/v2\/pages\/1459\/revisions"}],"predecessor-version":[{"id":2219,"href":"https:\/\/www.arteflamenco.ee\/en\/wp-json\/wp\/v2\/pages\/1459\/revisions\/2219"}],"up":[{"embeddable":true,"href":"https:\/\/www.arteflamenco.ee\/en\/wp-json\/wp\/v2\/pages\/1452"}],"wp:attachment":[{"href":"https:\/\/www.arteflamenco.ee\/en\/wp-json\/wp\/v2\/media?parent=1459"}],"curies":[{"name":"wp","href":"https:\/\/api.w.org\/{rel}","templated":true}]}}