{"id":1462,"date":"2018-01-12T00:57:02","date_gmt":"2018-01-11T22:57:02","guid":{"rendered":"http:\/\/www.arteflamenco.ee\/uritused\/"},"modified":"2018-10-14T15:22:17","modified_gmt":"2018-10-14T12:22:17","slug":"uritused","status":"publish","type":"page","link":"https:\/\/www.arteflamenco.ee\/en\/uritused\/","title":{"rendered":"EVENTS"},"content":{"rendered":"\n<style type=\"text\/css\" data-created_by=\"avia_inline_auto\" id=\"style-css-av-av_heading-0421038d65c028c6e1b24918663a656f\">\n#top .av-special-heading.av-av_heading-0421038d65c028c6e1b24918663a656f{\npadding-bottom:10px;\n}\nbody .av-special-heading.av-av_heading-0421038d65c028c6e1b24918663a656f .av-special-heading-tag .heading-char{\nfont-size:25px;\n}\n.av-special-heading.av-av_heading-0421038d65c028c6e1b24918663a656f .av-subheading{\nfont-size:15px;\n}\n<\/style>\n<div  class='av-special-heading av-av_heading-0421038d65c028c6e1b24918663a656f av-special-heading-h1 blockquote modern-quote  avia-builder-el-0  el_before_av_one_half  avia-builder-el-first '><h1 class='av-special-heading-tag '  itemprop=\"headline\"  >EVENTS<\/h1><div class=\"special-heading-border\"><div class=\"special-heading-inner-border\"><\/div><\/div><\/div>\n\n<style type=\"text\/css\" data-created_by=\"avia_inline_auto\" id=\"style-css-av-av_one_half-15d750bd1b332b34c6e70b077ebbccdf\">\n.flex_column.av-av_one_half-15d750bd1b332b34c6e70b077ebbccdf{\nborder-radius:0px 0px 0px 0px;\npadding:0px 0px 0px 0px;\n}\n<\/style>\n<div  class='flex_column av-av_one_half-15d750bd1b332b34c6e70b077ebbccdf av_one_half  avia-builder-el-1  el_after_av_heading  el_before_av_one_half  first flex_column_div av-zero-column-padding  '     ><section  class='av_textblock_section av-av_textblock-2de302bf1aa3cf4c9157dbe6f50ac7eb '   itemscope=\"itemscope\" itemtype=\"https:\/\/schema.org\/CreativeWork\" ><div class='avia_textblock'  itemprop=\"text\" ><p class=\"p1\"><span class=\"s1\">We offer you a possibility to organize your Spanish-style event (children\u2019s birthday parties, hen parties, corporate parties etc.). Beside show program we can offer you entertaining dance lessons, presentations on Spanish culture, short language lessons and Spanish theme quizzes. You can also rent some dance costumes and accessories (castanets, fans) in our studio.<\/span><\/p>\n<p class=\"p1\"><span class=\"s1\"><a href=\"https:\/\/www.arteflamenco.ee\/en\/kontakt\/\"><strong>Contact us and<\/strong><\/a> we will compose the best program for you.<\/span><\/p>\n<\/div><\/section><br \/>\n\n<style type=\"text\/css\" data-created_by=\"avia_inline_auto\" id=\"style-css-av-av_hr-fbebcb4fe7f7f93a621d8b6783460008\">\n#top .hr.hr-invisible.av-av_hr-fbebcb4fe7f7f93a621d8b6783460008{\nheight:30px;\n}\n<\/style>\n<div  class='hr av-av_hr-fbebcb4fe7f7f93a621d8b6783460008 hr-invisible  avia-builder-el-3  el_after_av_textblock  el_before_av_button '><span class='hr-inner '><span class=\"hr-inner-style\"><\/span><\/span><\/div><br \/>\n<div  class='avia-button-wrap av-av_button-631a96df8cdf00edbd0d26d32b423847-wrap avia-button-left  avia-builder-el-4  el_after_av_hr  el_before_av_hr '><a href='https:\/\/www.arteflamenco.ee\/en\/kontakt\/'  class='avia-button av-av_button-631a96df8cdf00edbd0d26d32b423847 av-link-btn avia-icon_select-no avia-size-large avia-position-left avia-color-theme-color-highlight'   aria-label=\"Contact us!\"><span class='avia_iconbox_title' >Contact us!<\/span><\/a><\/div><br \/>\n\n<style type=\"text\/css\" data-created_by=\"avia_inline_auto\" id=\"style-css-av-av_hr-741ab06d0690c1111415ef58b6e9dc92\">\n#top .hr.hr-invisible.av-av_hr-741ab06d0690c1111415ef58b6e9dc92{\nheight:40px;\n}\n<\/style>\n<div  class='hr av-av_hr-741ab06d0690c1111415ef58b6e9dc92 hr-invisible  avia-builder-el-5  el_after_av_button  avia-builder-el-last '><span class='hr-inner '><span class=\"hr-inner-style\"><\/span><\/span><\/div><\/p><\/div>\n<style type=\"text\/css\" data-created_by=\"avia_inline_auto\" id=\"style-css-av-av_one_half-c8fc129dc35fd1ae2a1e410224d39ea8\">\n.flex_column.av-av_one_half-c8fc129dc35fd1ae2a1e410224d39ea8{\nborder-radius:0px 0px 0px 0px;\npadding:0px 0px 0px 0px;\n}\n<\/style>\n<div  class='flex_column av-av_one_half-c8fc129dc35fd1ae2a1e410224d39ea8 av_one_half  avia-builder-el-6  el_after_av_one_half  avia-builder-el-last  flex_column_div av-zero-column-padding  '     ><p>\n<style type=\"text\/css\" data-created_by=\"avia_inline_auto\" id=\"style-css-av-av_hr-3443ebe8bbb2f222755e17872d40c642\">\n#top .hr.hr-invisible.av-av_hr-3443ebe8bbb2f222755e17872d40c642{\nmargin-top:-110px;\nheight:1px;\n}\n<\/style>\n<div  class='hr av-av_hr-3443ebe8bbb2f222755e17872d40c642 hr-invisible  avia-builder-el-7  el_before_av_image  avia-builder-el-first  av-medium-hide av-small-hide av-mini-hide'><span class='hr-inner '><span class=\"hr-inner-style\"><\/span><\/span><\/div><br \/>\n\n<style type=\"text\/css\" data-created_by=\"avia_inline_auto\" id=\"style-css-av-av_image-ba5fd6a6b150634f2fa62bf40e959c77\">\n.avia-image-container.av-av_image-ba5fd6a6b150634f2fa62bf40e959c77 img.avia_image{\nbox-shadow:none;\n}\n.avia-image-container.av-av_image-ba5fd6a6b150634f2fa62bf40e959c77 .av-image-caption-overlay-center{\ncolor:#ffffff;\n}\n<\/style>\n<div  class='avia-image-container av-av_image-ba5fd6a6b150634f2fa62bf40e959c77 av-styling-no-styling av-hover-grow avia-align-center  avia-builder-el-8  el_after_av_hr  avia-builder-el-last '   itemprop=\"image\" itemscope=\"itemscope\" itemtype=\"https:\/\/schema.org\/ImageObject\" ><div class=\"avia-image-container-inner\"><div class=\"avia-image-overlay-wrap\"><img decoding=\"async\" fetchpriority=\"high\" class='wp-image-694 avia-img-lazy-loading-not-694 avia_image ' src=\"https:\/\/www.arteflamenco.ee\/wp-content\/uploads\/YRITUSED-foto.jpg\" alt='Arte Flamenco \u00fcritused' title='Flamenko \u00dcRITUSED'  height=\"425\" width=\"602\"  itemprop=\"thumbnailUrl\" srcset=\"https:\/\/www.arteflamenco.ee\/wp-content\/uploads\/YRITUSED-foto.jpg 602w, https:\/\/www.arteflamenco.ee\/wp-content\/uploads\/YRITUSED-foto-400x282.jpg 400w, https:\/\/www.arteflamenco.ee\/wp-content\/uploads\/YRITUSED-foto-260x185.jpg 260w, https:\/\/www.arteflamenco.ee\/wp-content\/uploads\/YRITUSED-foto-450x318.jpg 450w\" sizes=\"(max-width: 602px) 100vw, 602px\" \/><\/div><\/div><\/div><\/p><\/div><\/p>\n","protected":false},"excerpt":{"rendered":"","protected":false},"author":1,"featured_media":0,"parent":0,"menu_order":0,"comment_status":"closed","ping_status":"closed","template":"","meta":{"footnotes":""},"yoast_head":"<!-- This site is optimized with the Yoast SEO plugin v23.5 - https:\/\/yoast.com\/wordpress\/plugins\/seo\/ -->\n<title>Flamenko\u00fcritused - spetsiaalne programm Sinu \u00fcritustele!<\/title>\n<meta name=\"description\" content=\"Korraldada hispaania-stiilis laste s\u00fcnnip\u00e4evi, t\u00fcdrukute\u00f5htuid, firmapidusid. Pakume meelelahutuslikku tantsu\u00f5pet, hispaania kultuuri tutvustavaid loenguid, korraldame m\u00e4lum\u00e4ngu v\u00f5i l\u00fchikese keele\u00f5ppe. Meilt saab laenutada kost\u00fc\u00fcme ja rekvisiite (lehvikud, kastanjetid). Helista spetsiaalse programmi saamiseks 5146223.\" \/>\n<meta name=\"robots\" content=\"index, follow, max-snippet:-1, max-image-preview:large, max-video-preview:-1\" \/>\n<link rel=\"canonical\" href=\"https:\/\/www.arteflamenco.ee\/uritused\/\" \/>\n<meta property=\"og:locale\" content=\"en_US\" \/>\n<meta property=\"og:type\" content=\"article\" \/>\n<meta property=\"og:title\" content=\"Flamenko\u00fcritused - spetsiaalne programm Sinu \u00fcritustele!\" \/>\n<meta property=\"og:description\" content=\"Korraldada hispaania-stiilis laste s\u00fcnnip\u00e4evi, t\u00fcdrukute\u00f5htuid, firmapidusid. Pakume meelelahutuslikku tantsu\u00f5pet, hispaania kultuuri tutvustavaid loenguid, korraldame m\u00e4lum\u00e4ngu v\u00f5i l\u00fchikese keele\u00f5ppe. Meilt saab laenutada kost\u00fc\u00fcme ja rekvisiite (lehvikud, kastanjetid). Helista spetsiaalse programmi saamiseks 5146223.\" \/>\n<meta property=\"og:url\" content=\"https:\/\/www.arteflamenco.ee\/uritused\/\" \/>\n<meta property=\"og:site_name\" content=\"arteflamenco\" \/>\n<meta property=\"article:modified_time\" content=\"2018-10-14T12:22:17+00:00\" \/>\n<meta name=\"twitter:card\" content=\"summary_large_image\" \/>\n<meta name=\"twitter:label1\" content=\"Est. reading time\" \/>\n\t<meta name=\"twitter:data1\" content=\"2 minutes\" \/>\n<script type=\"application\/ld+json\" class=\"yoast-schema-graph\">{\"@context\":\"https:\/\/schema.org\",\"@graph\":[{\"@type\":\"WebPage\",\"@id\":\"https:\/\/www.arteflamenco.ee\/uritused\/\",\"url\":\"https:\/\/www.arteflamenco.ee\/uritused\/\",\"name\":\"Flamenko\u00fcritused - spetsiaalne programm Sinu \u00fcritustele!\",\"isPartOf\":{\"@id\":\"https:\/\/www.arteflamenco.ee\/#website\"},\"datePublished\":\"2018-01-11T22:57:02+00:00\",\"dateModified\":\"2018-10-14T12:22:17+00:00\",\"description\":\"Korraldada hispaania-stiilis laste s\u00fcnnip\u00e4evi, t\u00fcdrukute\u00f5htuid, firmapidusid. Pakume meelelahutuslikku tantsu\u00f5pet, hispaania kultuuri tutvustavaid loenguid, korraldame m\u00e4lum\u00e4ngu v\u00f5i l\u00fchikese keele\u00f5ppe. Meilt saab laenutada kost\u00fc\u00fcme ja rekvisiite (lehvikud, kastanjetid). Helista spetsiaalse programmi saamiseks 5146223.\",\"breadcrumb\":{\"@id\":\"https:\/\/www.arteflamenco.ee\/uritused\/#breadcrumb\"},\"inLanguage\":\"en-US\",\"potentialAction\":[{\"@type\":\"ReadAction\",\"target\":[\"https:\/\/www.arteflamenco.ee\/uritused\/\"]}]},{\"@type\":\"BreadcrumbList\",\"@id\":\"https:\/\/www.arteflamenco.ee\/uritused\/#breadcrumb\",\"itemListElement\":[{\"@type\":\"ListItem\",\"position\":1,\"name\":\"Home\",\"item\":\"https:\/\/www.arteflamenco.ee\/en\/\"},{\"@type\":\"ListItem\",\"position\":2,\"name\":\"EVENTS\"}]},{\"@type\":\"WebSite\",\"@id\":\"https:\/\/www.arteflamenco.ee\/#website\",\"url\":\"https:\/\/www.arteflamenco.ee\/\",\"name\":\"arteflamenco\",\"description\":\"Stuudio Arteflamenco koduleht\",\"potentialAction\":[{\"@type\":\"SearchAction\",\"target\":{\"@type\":\"EntryPoint\",\"urlTemplate\":\"https:\/\/www.arteflamenco.ee\/?s={search_term_string}\"},\"query-input\":{\"@type\":\"PropertyValueSpecification\",\"valueRequired\":true,\"valueName\":\"search_term_string\"}}],\"inLanguage\":\"en-US\"}]}<\/script>\n<!-- \/ Yoast SEO plugin. -->","yoast_head_json":{"title":"Flamenko\u00fcritused - spetsiaalne programm Sinu \u00fcritustele!","description":"Korraldada hispaania-stiilis laste s\u00fcnnip\u00e4evi, t\u00fcdrukute\u00f5htuid, firmapidusid. Pakume meelelahutuslikku tantsu\u00f5pet, hispaania kultuuri tutvustavaid loenguid, korraldame m\u00e4lum\u00e4ngu v\u00f5i l\u00fchikese keele\u00f5ppe. Meilt saab laenutada kost\u00fc\u00fcme ja rekvisiite (lehvikud, kastanjetid). Helista spetsiaalse programmi saamiseks 5146223.","robots":{"index":"index","follow":"follow","max-snippet":"max-snippet:-1","max-image-preview":"max-image-preview:large","max-video-preview":"max-video-preview:-1"},"canonical":"https:\/\/www.arteflamenco.ee\/uritused\/","og_locale":"en_US","og_type":"article","og_title":"Flamenko\u00fcritused - spetsiaalne programm Sinu \u00fcritustele!","og_description":"Korraldada hispaania-stiilis laste s\u00fcnnip\u00e4evi, t\u00fcdrukute\u00f5htuid, firmapidusid. Pakume meelelahutuslikku tantsu\u00f5pet, hispaania kultuuri tutvustavaid loenguid, korraldame m\u00e4lum\u00e4ngu v\u00f5i l\u00fchikese keele\u00f5ppe. Meilt saab laenutada kost\u00fc\u00fcme ja rekvisiite (lehvikud, kastanjetid). Helista spetsiaalse programmi saamiseks 5146223.","og_url":"https:\/\/www.arteflamenco.ee\/uritused\/","og_site_name":"arteflamenco","article_modified_time":"2018-10-14T12:22:17+00:00","twitter_card":"summary_large_image","twitter_misc":{"Est. reading time":"2 minutes"},"schema":{"@context":"https:\/\/schema.org","@graph":[{"@type":"WebPage","@id":"https:\/\/www.arteflamenco.ee\/uritused\/","url":"https:\/\/www.arteflamenco.ee\/uritused\/","name":"Flamenko\u00fcritused - spetsiaalne programm Sinu \u00fcritustele!","isPartOf":{"@id":"https:\/\/www.arteflamenco.ee\/#website"},"datePublished":"2018-01-11T22:57:02+00:00","dateModified":"2018-10-14T12:22:17+00:00","description":"Korraldada hispaania-stiilis laste s\u00fcnnip\u00e4evi, t\u00fcdrukute\u00f5htuid, firmapidusid. Pakume meelelahutuslikku tantsu\u00f5pet, hispaania kultuuri tutvustavaid loenguid, korraldame m\u00e4lum\u00e4ngu v\u00f5i l\u00fchikese keele\u00f5ppe. Meilt saab laenutada kost\u00fc\u00fcme ja rekvisiite (lehvikud, kastanjetid). Helista spetsiaalse programmi saamiseks 5146223.","breadcrumb":{"@id":"https:\/\/www.arteflamenco.ee\/uritused\/#breadcrumb"},"inLanguage":"en-US","potentialAction":[{"@type":"ReadAction","target":["https:\/\/www.arteflamenco.ee\/uritused\/"]}]},{"@type":"BreadcrumbList","@id":"https:\/\/www.arteflamenco.ee\/uritused\/#breadcrumb","itemListElement":[{"@type":"ListItem","position":1,"name":"Home","item":"https:\/\/www.arteflamenco.ee\/en\/"},{"@type":"ListItem","position":2,"name":"EVENTS"}]},{"@type":"WebSite","@id":"https:\/\/www.arteflamenco.ee\/#website","url":"https:\/\/www.arteflamenco.ee\/","name":"arteflamenco","description":"Stuudio Arteflamenco koduleht","potentialAction":[{"@type":"SearchAction","target":{"@type":"EntryPoint","urlTemplate":"https:\/\/www.arteflamenco.ee\/?s={search_term_string}"},"query-input":{"@type":"PropertyValueSpecification","valueRequired":true,"valueName":"search_term_string"}}],"inLanguage":"en-US"}]}},"_links":{"self":[{"href":"https:\/\/www.arteflamenco.ee\/en\/wp-json\/wp\/v2\/pages\/1462"}],"collection":[{"href":"https:\/\/www.arteflamenco.ee\/en\/wp-json\/wp\/v2\/pages"}],"about":[{"href":"https:\/\/www.arteflamenco.ee\/en\/wp-json\/wp\/v2\/types\/page"}],"author":[{"embeddable":true,"href":"https:\/\/www.arteflamenco.ee\/en\/wp-json\/wp\/v2\/users\/1"}],"replies":[{"embeddable":true,"href":"https:\/\/www.arteflamenco.ee\/en\/wp-json\/wp\/v2\/comments?post=1462"}],"version-history":[{"count":7,"href":"https:\/\/www.arteflamenco.ee\/en\/wp-json\/wp\/v2\/pages\/1462\/revisions"}],"predecessor-version":[{"id":1549,"href":"https:\/\/www.arteflamenco.ee\/en\/wp-json\/wp\/v2\/pages\/1462\/revisions\/1549"}],"wp:attachment":[{"href":"https:\/\/www.arteflamenco.ee\/en\/wp-json\/wp\/v2\/media?parent=1462"}],"curies":[{"name":"wp","href":"https:\/\/api.w.org\/{rel}","templated":true}]}}