{"id":1055,"date":"2018-01-12T00:52:19","date_gmt":"2018-01-11T22:52:19","guid":{"rendered":"http:\/\/www.arteflamenco.ee\/esinemisprogrammid\/"},"modified":"2024-02-14T16:21:23","modified_gmt":"2024-02-14T14:21:23","slug":"esinemisprogrammid","status":"publish","type":"page","link":"https:\/\/www.arteflamenco.ee\/ru\/esinemisprogrammid\/","title":{"rendered":"\u041a\u041e\u041d\u0426\u0415\u0420\u0422\u041d\u042b\u0415 \u041f\u0420\u041e\u0413\u0420\u0410\u041c\u041c\u042b"},"content":{"rendered":"\n<style type=\"text\/css\" data-created_by=\"avia_inline_auto\" id=\"style-css-av-av_heading-f3f639ad789b0c994a20c9f96740f310\">\n#top .av-special-heading.av-av_heading-f3f639ad789b0c994a20c9f96740f310{\npadding-bottom:10px;\n}\nbody .av-special-heading.av-av_heading-f3f639ad789b0c994a20c9f96740f310 .av-special-heading-tag .heading-char{\nfont-size:25px;\n}\n.av-special-heading.av-av_heading-f3f639ad789b0c994a20c9f96740f310 .av-subheading{\nfont-size:15px;\n}\n<\/style>\n<div  class='av-special-heading av-av_heading-f3f639ad789b0c994a20c9f96740f310 av-special-heading-h1 blockquote modern-quote  avia-builder-el-0  el_before_av_hr  avia-builder-el-first '><h1 class='av-special-heading-tag '  itemprop=\"headline\"  >\u041a\u041e\u041d\u0426\u0415\u0420\u0422\u041d\u042b\u0415 \u041f\u0420\u041e\u0413\u0420\u0410\u041c\u041c\u042b<\/h1><div class=\"special-heading-border\"><div class=\"special-heading-inner-border\"><\/div><\/div><\/div>\n\n<style type=\"text\/css\" data-created_by=\"avia_inline_auto\" id=\"style-css-av-av_hr-741ab06d0690c1111415ef58b6e9dc92\">\n#top .hr.hr-invisible.av-av_hr-741ab06d0690c1111415ef58b6e9dc92{\nheight:40px;\n}\n<\/style>\n<div  class='hr av-av_hr-741ab06d0690c1111415ef58b6e9dc92 hr-invisible  avia-builder-el-1  el_after_av_heading  el_before_av_one_full '><span class='hr-inner '><span class=\"hr-inner-style\"><\/span><\/span><\/div>\n\n<style type=\"text\/css\" data-created_by=\"avia_inline_auto\" id=\"style-css-av-av_one_full-15d750bd1b332b34c6e70b077ebbccdf\">\n.flex_column.av-av_one_full-15d750bd1b332b34c6e70b077ebbccdf{\nborder-radius:0px 0px 0px 0px;\npadding:0px 0px 0px 0px;\n}\n<\/style>\n<div  class='flex_column av-av_one_full-15d750bd1b332b34c6e70b077ebbccdf av_one_full  avia-builder-el-2  el_after_av_hr  avia-builder-el-last  first flex_column_div av-zero-column-padding  '     ><p><section  class='av_textblock_section av-av_textblock-2de302bf1aa3cf4c9157dbe6f50ac7eb '   itemscope=\"itemscope\" itemtype=\"https:\/\/schema.org\/CreativeWork\" ><div class='avia_textblock'  itemprop=\"text\" ><p>\u041f\u0440\u0438 \u0441\u0442\u0443\u0434\u0438\u0438 Arte Flamenco \u0434\u0435\u0439\u0441\u0442\u0432\u0443\u0435\u0442 \u0442\u0430\u043a\u0436\u0435 \u043f\u0440\u043e\u0444\u0435\u0441\u0441\u0438\u043e\u043d\u0430\u043b\u044c\u043d\u0430\u044f \u0448\u043e\u0443-\u0442\u0440\u0443\u043f\u043f\u0430, \u043a\u043e\u0442\u043e\u0440\u0443\u044e \u043c\u043e\u0436\u043d\u043e <a href=\"http:\/\/www.arteflamenco.ee\/ru\/kontakt\/\">\u043f\u0440\u0438\u0433\u043b\u0430\u0441\u0438\u0442\u044c \u0432\u044b\u0441\u0442\u0443\u043f\u0430\u0442\u044c<\/a> \u043d\u0430 \u043c\u0435\u0440\u043e\u043f\u0440\u0438\u044f\u0442\u0438\u044f. \u0412 \u0440\u0435\u043f\u0435\u0440\u0442\u0443\u0430\u0440\u0435 \u0442\u0440\u0443\u043f\u043f\u044b \u0435\u0441\u0442\u044c \u043a\u0430\u043a \u0442\u0440\u0430\u0434\u0438\u0446\u0438\u043e\u043d\u043d\u043e\u0435 \u0444\u043b\u0430\u043c\u0435\u043d\u043a\u043e, \u043a\u043b\u0430\u0441\u0441\u0438\u0447\u0435\u0441\u043a\u0438\u0439 \u0438\u0441\u043f\u0430\u043d\u0441\u043a\u0438\u0439 \u0442\u0430\u043d\u0435\u0446, \u0442\u0430\u043a \u0438 \u043e\u0447\u0435\u043d\u044c \u043f\u043e\u043f\u0443\u043b\u044f\u0440\u043d\u043e\u0435 \u0441\u0435\u0439\u0447\u0430\u0441 flamenco nuevo, \u0432 \u043a\u043e\u0442\u043e\u0440\u043e\u043c \u043c\u043e\u0436\u043d\u043e \u043e\u0442\u043c\u0435\u0442\u0438\u0442\u044c \u0432\u043b\u0438\u044f\u043d\u0438\u0435 \u0440\u0430\u0437\u043d\u044b\u0445 \u0442\u0430\u043d\u0446\u0435\u0432\u0430\u043b\u044c\u043d\u044b\u0445 \u0438 \u043c\u0443\u0437\u044b\u043a\u0430\u043b\u044c\u043d\u044b\u0445 \u0441\u0442\u0438\u043b\u0435\u0439.<\/p>\n<p>\u0412 \u0448\u043e\u0443-\u0442\u0440\u0443\u043f\u043f\u0435 Arte Flamenco \u0442\u0430\u043d\u0446\u0443\u044e\u0442:<strong> <a href=\"http:\/\/www.arteflamenco.ee\/ru\/meist\/maria-raak\/\">\u041c\u0430\u0440\u0438\u044f \u0420\u044f\u044f\u043a<\/a><\/strong>, <strong>\u042d\u043b\u0438\u0437\u0430 \u0420\u0438\u0446\u0438\u043d\u0433, \u041c\u0430\u0440\u0433\u043e \u0421\u0430\u043b\u044e\u043c\u0435\u0442\u0441, \u041a\u0430\u0440\u043c\u0435\u043d \u0424\u0440\u0435\u0439, \u042d\u0432\u0435\u043b\u0438\u043d\u0430 \u042d\u0441\u043e\u043b\u0430\u0439\u043d\u0435\u043d, \u041a\u0438\u0440\u043a\u0435 \u041a\u0430\u043b\u0434\u043e\u044f, \u041c\u0430\u0440\u0438\u043e\u043d \u041a\u0430\u043b\u0434\u043e\u044f, \u0421\u043e\u0444\u0438\u044f \u0411\u043e\u043b\u044c\u0441\u0430\u043a\u043e\u0432\u0430, \u0412\u0435\u0440\u043e\u043d\u0438\u043a\u0430 \u042d\u0441\u043e\u043b\u0430\u0439\u043d\u0435\u043d<\/strong>.<\/p>\n<p>\u0418\u0433\u0440\u0430\u044e\u0442<!-- \u0425\u043e\u0440\u0445\u0435 \u0410\u0440\u0435\u043d\u0430 (\u0433\u0438\u0442\u0430\u0440\u0430),--> <strong>\u0418\u043d\u0434\u0440\u0435\u043a \u041a\u0440\u0443\u0443\u0441\u0438\u043c\u0430\u0430<\/strong> (\u0433\u0438\u0442\u0430\u0440\u0430), <strong>\u0410\u0434\u0440\u0438\u0430\u043d \u0411\u0440\u0430\u0432\u043e<\/strong> (\u0441\u043a\u0440\u0438\u043f\u043a\u0430), <strong>\u0420\u0443\u0431\u0435\u0440 \u0412\u0435\u043b\u0438\u0437<\/strong> (\u0432\u043e\u043a\u0430\u043b), <strong>\u0420\u0435\u0439\u0433\u043e \u0410\u0445\u0432\u0435\u043d<\/strong> (\u043a\u0430\u0445\u043e\u043d), <strong>\u041c\u0430\u0440\u0438\u044f \u0420\u044f\u044f\u043a<\/strong> (\u0432\u043e\u043a\u0430\u043b, \u043a\u0430\u0441\u0442\u0430\u043d\u044c\u0435\u0442\u044b).<\/p>\n<p>\u041c\u043e\u0436\u043d\u043e \u0437\u0430\u043a\u0430\u0437\u0430\u0442\u044c \u043f\u0440\u043e\u0433\u0440\u0430\u043c\u043c\u0443 \u043f\u043e\u0434 \u0437\u0430\u043f\u0438\u0441\u0430\u043d\u043d\u0443\u044e \u043c\u0443\u0437\u044b\u043a\u0443 \u0438\u043b\u0438 \u043f\u043e\u0434 \u0436\u0438\u0432\u0443\u044e \u043c\u0443\u0437\u044b\u043a\u0443, \u0434\u043b\u0438\u0442\u0435\u043b\u044c\u043d\u043e\u0441\u0442\u044c \u043f\u0440\u043e\u0433\u0440\u0430\u043c\u043c\u044b \u0438 \u043a\u043e\u043b\u0438\u0447\u0435\u0441\u0442\u0432\u043e \u0442\u0430\u043d\u0446\u043e\u0440\u043e\u0432 \u0432 \u0441\u043e\u043e\u0442\u0432\u0435\u0442\u0441\u0442\u0432\u0438\u0438 \u0441 \u043f\u043e\u0436\u0435\u043b\u0430\u043d\u0438\u0435\u043c \u0437\u0430\u043a\u0430\u0437\u0447\u0438\u043a\u0430. \u0424\u043b\u0430\u043c\u0435\u043d\u043a\u043e \u043f\u043e\u0434\u0445\u043e\u0434\u0438\u0442 \u043a\u0430\u043a \u0434\u043b\u044f \u043a\u0430\u043c\u0435\u0440\u043d\u043e\u0433\u043e \u0432\u0435\u0447\u0435\u0440\u0430 (\u043d\u0430\u043f\u0440\u0438\u043c\u0435\u0440, \u0441\u0435\u043c\u0435\u0439\u043d\u044b\u0435 \u0441\u043e\u0431\u044b\u0442\u0438\u044f, \u043a\u043e\u0440\u043f\u043e\u0440\u0430\u0442\u0438\u0432\u044b), \u0442\u0430\u043a \u0438 \u0434\u043b\u044f \u043c\u0435\u0440\u043e\u043f\u0440\u0438\u044f\u0442\u0438\u044f \u0432 \u0442\u0435\u0430\u0442\u0440\u0430\u043b\u044c\u043d\u043e\u043c \u0438\u043b\u0438 \u043a\u043e\u043d\u0446\u0435\u0440\u0442\u043d\u043e\u043c \u0437\u0430\u043b\u0435 (\u043a\u043e\u043d\u0444\u0435\u0440\u0435\u043d\u0446\u0438\u0438, \u043f\u0440\u0435\u0437\u0435\u043d\u0442\u0430\u0446\u0438\u0438, \u044e\u0431\u0438\u043b\u0435\u0438).<\/p>\n<p>\u0421\u0442\u043e\u0438\u043c\u043e\u0441\u0442\u044c \u043f\u0440\u043e\u0433\u0440\u0430\u043c\u043c\u044b \u0434\u043e\u0433\u043e\u0432\u043e\u0440\u043d\u0430\u044f \u0438 \u0437\u0430\u0432\u0438\u0441\u0438\u0442 \u043e\u0442 \u043a\u043e\u043b\u0438\u0447\u0435\u0441\u0442\u0432\u0430 \u0432\u044b\u0441\u0442\u0443\u043f\u0430\u044e\u0449\u0438\u0445 \u0438 \u043e\u0442 \u0432\u0438\u0434\u0430 \u043c\u0443\u0437\u044b\u043a\u0430\u043b\u044c\u043d\u043e\u0433\u043e \u0441\u043e\u043f\u0440\u043e\u0432\u043e\u0436\u0434\u0435\u043d\u0438\u044f (\u0437\u0430\u043f\u0438\u0441\u0430\u043d\u043d\u0430\u044f \u0438\u043b\u0438 \u0436\u0438\u0432\u0430\u044f \u043c\u0443\u0437\u044b\u043a\u0430).<\/p>\n<p><a href=\"http:\/\/www.arteflamenco.ee\/ru\/kontakt\/\">\u0421\u0432\u044f\u0436\u0438\u0441\u044c \u0441 \u043d\u0430\u043c\u0438<\/a>, \u0438 \u043c\u044b \u0441\u043e\u0441\u0442\u0430\u0432\u0438\u043c \u043f\u043e\u0434\u0445\u043e\u0434\u044f\u0449\u0443\u044e \u043f\u0440\u043e\u0433\u0440\u0430\u043c\u043c\u0443!<\/p>\n<\/div><\/section><br \/>\n\n<style type=\"text\/css\" data-created_by=\"avia_inline_auto\" id=\"style-css-av-av_hr-616cd310f4c6bf63bbd1f033802c1165\">\n#top .hr.hr-invisible.av-av_hr-616cd310f4c6bf63bbd1f033802c1165{\nheight:20px;\n}\n<\/style>\n<div  class='hr av-av_hr-616cd310f4c6bf63bbd1f033802c1165 hr-invisible  avia-builder-el-4  el_after_av_textblock  el_before_av_button '><span class='hr-inner '><span class=\"hr-inner-style\"><\/span><\/span><\/div><br \/>\n<div  class='avia-button-wrap av-av_button-8ad5c78059b5e0e98c2c1c26031290c1-wrap avia-button-center  avia-builder-el-5  el_after_av_hr  el_before_av_hr '><a href='https:\/\/www.arteflamenco.ee\/ru\/kontakt\/'  class='avia-button av-av_button-8ad5c78059b5e0e98c2c1c26031290c1 av-link-btn avia-icon_select-no avia-size-large avia-position-center avia-color-theme-color-highlight'   aria-label=\"\u041f\u0440\u0438\u0433\u043b\u0430\u0441\u0438 \u0432\u044b\u0441\u0442\u0443\u043f\u0430\u0442\u044c\"><span class='avia_iconbox_title' >\u041f\u0440\u0438\u0433\u043b\u0430\u0441\u0438 \u0432\u044b\u0441\u0442\u0443\u043f\u0430\u0442\u044c<\/span><\/a><\/div><br \/>\n\n<style type=\"text\/css\" data-created_by=\"avia_inline_auto\" id=\"style-css-av-av_hr-741ab06d0690c1111415ef58b6e9dc92\">\n#top .hr.hr-invisible.av-av_hr-741ab06d0690c1111415ef58b6e9dc92{\nheight:40px;\n}\n<\/style>\n<div  class='hr av-av_hr-741ab06d0690c1111415ef58b6e9dc92 hr-invisible  avia-builder-el-6  el_after_av_button  el_before_av_image '><span class='hr-inner '><span class=\"hr-inner-style\"><\/span><\/span><\/div><br \/>\n\n<style type=\"text\/css\" data-created_by=\"avia_inline_auto\" id=\"style-css-av-av_image-b071cbbf667909ef0d9c8762f1e7d9bf\">\n.avia-image-container.av-av_image-b071cbbf667909ef0d9c8762f1e7d9bf img.avia_image{\nbox-shadow:none;\n}\n.avia-image-container.av-av_image-b071cbbf667909ef0d9c8762f1e7d9bf .av-image-caption-overlay-center{\ncolor:#ffffff;\n}\n<\/style>\n<div  class='avia-image-container av-av_image-b071cbbf667909ef0d9c8762f1e7d9bf av-styling-no-styling avia-align-center  avia-builder-el-7  el_after_av_hr  avia-builder-el-last '   itemprop=\"image\" itemscope=\"itemscope\" itemtype=\"https:\/\/schema.org\/ImageObject\" ><div class=\"avia-image-container-inner\"><div class=\"avia-image-overlay-wrap\"><img decoding=\"async\" fetchpriority=\"high\" class='wp-image-1057 avia-img-lazy-loading-not-1057 avia_image ' src=\"https:\/\/www.arteflamenco.ee\/wp-content\/uploads\/DSC_6003_\u00a9indrek-arula-1500x994.jpg\" alt='' title='Arteflamenco esinemisr\u00fchm'  height=\"994\" width=\"1500\"  itemprop=\"thumbnailUrl\" srcset=\"https:\/\/www.arteflamenco.ee\/wp-content\/uploads\/DSC_6003_\u00a9indrek-arula-1500x994.jpg 1500w, https:\/\/www.arteflamenco.ee\/wp-content\/uploads\/DSC_6003_\u00a9indrek-arula-400x265.jpg 400w, https:\/\/www.arteflamenco.ee\/wp-content\/uploads\/DSC_6003_\u00a9indrek-arula-768x509.jpg 768w, https:\/\/www.arteflamenco.ee\/wp-content\/uploads\/DSC_6003_\u00a9indrek-arula-1200x795.jpg 1200w, https:\/\/www.arteflamenco.ee\/wp-content\/uploads\/DSC_6003_\u00a9indrek-arula-705x467.jpg 705w, https:\/\/www.arteflamenco.ee\/wp-content\/uploads\/DSC_6003_\u00a9indrek-arula-450x298.jpg 450w\" sizes=\"(max-width: 1500px) 100vw, 1500px\" \/><\/div><\/div><\/div><\/p><\/div>\n","protected":false},"excerpt":{"rendered":"","protected":false},"author":1,"featured_media":0,"parent":0,"menu_order":0,"comment_status":"closed","ping_status":"closed","template":"","meta":{"footnotes":""},"yoast_head":"<!-- This site is optimized with the Yoast SEO plugin v23.5 - https:\/\/yoast.com\/wordpress\/plugins\/seo\/ -->\n<title>Arte Flameco Stuudio esinemisprogrammide tutvustus. Kutsu esinema!<\/title>\n<meta name=\"description\" content=\"Stuudio professionaalset tantsutruppi on v\u00f5imalik oma \u00fcritustele esinema kutsuda. V\u00f5imalik on tellida eeskava salvestatud muusikaga v\u00f5i elava muusikaga, programmi pikkus ja trupi suurus vastavalt tellija soovile. V\u00f5ta meiega \u00fchendust - loome just Sinu \u00fcritusele sobiva eeskava! info +372 51 46 223, maria@arteflamenco.ee\" \/>\n<meta name=\"robots\" content=\"index, follow, max-snippet:-1, max-image-preview:large, max-video-preview:-1\" \/>\n<link rel=\"canonical\" href=\"https:\/\/www.arteflamenco.ee\/ru\/esinemisprogrammid\/\" \/>\n<meta property=\"og:locale\" content=\"ru_RU\" \/>\n<meta property=\"og:type\" content=\"article\" \/>\n<meta property=\"og:title\" content=\"Arte Flameco Stuudio esinemisprogrammide tutvustus. Kutsu esinema!\" \/>\n<meta property=\"og:description\" content=\"Stuudio professionaalset tantsutruppi on v\u00f5imalik oma \u00fcritustele esinema kutsuda. V\u00f5imalik on tellida eeskava salvestatud muusikaga v\u00f5i elava muusikaga, programmi pikkus ja trupi suurus vastavalt tellija soovile. V\u00f5ta meiega \u00fchendust - loome just Sinu \u00fcritusele sobiva eeskava! info +372 51 46 223, maria@arteflamenco.ee\" \/>\n<meta property=\"og:url\" content=\"https:\/\/www.arteflamenco.ee\/ru\/esinemisprogrammid\/\" \/>\n<meta property=\"og:site_name\" content=\"arteflamenco\" \/>\n<meta property=\"article:modified_time\" content=\"2024-02-14T14:21:23+00:00\" \/>\n<meta name=\"twitter:card\" content=\"summary_large_image\" \/>\n<meta name=\"twitter:label1\" content=\"\u041f\u0440\u0438\u043c\u0435\u0440\u043d\u043e\u0435 \u0432\u0440\u0435\u043c\u044f \u0434\u043b\u044f \u0447\u0442\u0435\u043d\u0438\u044f\" \/>\n\t<meta name=\"twitter:data1\" content=\"2 \u043c\u0438\u043d\u0443\u0442\u044b\" \/>\n<script type=\"application\/ld+json\" class=\"yoast-schema-graph\">{\"@context\":\"https:\/\/schema.org\",\"@graph\":[{\"@type\":\"WebPage\",\"@id\":\"https:\/\/www.arteflamenco.ee\/ru\/esinemisprogrammid\/\",\"url\":\"https:\/\/www.arteflamenco.ee\/ru\/esinemisprogrammid\/\",\"name\":\"Arte Flameco Stuudio esinemisprogrammide tutvustus. Kutsu esinema!\",\"isPartOf\":{\"@id\":\"https:\/\/www.arteflamenco.ee\/#website\"},\"datePublished\":\"2018-01-11T22:52:19+00:00\",\"dateModified\":\"2024-02-14T14:21:23+00:00\",\"description\":\"Stuudio professionaalset tantsutruppi on v\u00f5imalik oma \u00fcritustele esinema kutsuda. V\u00f5imalik on tellida eeskava salvestatud muusikaga v\u00f5i elava muusikaga, programmi pikkus ja trupi suurus vastavalt tellija soovile. V\u00f5ta meiega \u00fchendust - loome just Sinu \u00fcritusele sobiva eeskava! info +372 51 46 223, maria@arteflamenco.ee\",\"breadcrumb\":{\"@id\":\"https:\/\/www.arteflamenco.ee\/ru\/esinemisprogrammid\/#breadcrumb\"},\"inLanguage\":\"ru-RU\",\"potentialAction\":[{\"@type\":\"ReadAction\",\"target\":[\"https:\/\/www.arteflamenco.ee\/ru\/esinemisprogrammid\/\"]}]},{\"@type\":\"BreadcrumbList\",\"@id\":\"https:\/\/www.arteflamenco.ee\/ru\/esinemisprogrammid\/#breadcrumb\",\"itemListElement\":[{\"@type\":\"ListItem\",\"position\":1,\"name\":\"Home\",\"item\":\"https:\/\/www.arteflamenco.ee\/\"},{\"@type\":\"ListItem\",\"position\":2,\"name\":\"\u041a\u041e\u041d\u0426\u0415\u0420\u0422\u041d\u042b\u0415 \u041f\u0420\u041e\u0413\u0420\u0410\u041c\u041c\u042b\"}]},{\"@type\":\"WebSite\",\"@id\":\"https:\/\/www.arteflamenco.ee\/#website\",\"url\":\"https:\/\/www.arteflamenco.ee\/\",\"name\":\"arteflamenco\",\"description\":\"Flamenko tantsustuudio\",\"potentialAction\":[{\"@type\":\"SearchAction\",\"target\":{\"@type\":\"EntryPoint\",\"urlTemplate\":\"https:\/\/www.arteflamenco.ee\/?s={search_term_string}\"},\"query-input\":{\"@type\":\"PropertyValueSpecification\",\"valueRequired\":true,\"valueName\":\"search_term_string\"}}],\"inLanguage\":\"ru-RU\"}]}<\/script>\n<!-- \/ Yoast SEO plugin. -->","yoast_head_json":{"title":"Arte Flameco Stuudio esinemisprogrammide tutvustus. Kutsu esinema!","description":"Stuudio professionaalset tantsutruppi on v\u00f5imalik oma \u00fcritustele esinema kutsuda. V\u00f5imalik on tellida eeskava salvestatud muusikaga v\u00f5i elava muusikaga, programmi pikkus ja trupi suurus vastavalt tellija soovile. V\u00f5ta meiega \u00fchendust - loome just Sinu \u00fcritusele sobiva eeskava! info +372 51 46 223, maria@arteflamenco.ee","robots":{"index":"index","follow":"follow","max-snippet":"max-snippet:-1","max-image-preview":"max-image-preview:large","max-video-preview":"max-video-preview:-1"},"canonical":"https:\/\/www.arteflamenco.ee\/ru\/esinemisprogrammid\/","og_locale":"ru_RU","og_type":"article","og_title":"Arte Flameco Stuudio esinemisprogrammide tutvustus. Kutsu esinema!","og_description":"Stuudio professionaalset tantsutruppi on v\u00f5imalik oma \u00fcritustele esinema kutsuda. V\u00f5imalik on tellida eeskava salvestatud muusikaga v\u00f5i elava muusikaga, programmi pikkus ja trupi suurus vastavalt tellija soovile. V\u00f5ta meiega \u00fchendust - loome just Sinu \u00fcritusele sobiva eeskava! info +372 51 46 223, maria@arteflamenco.ee","og_url":"https:\/\/www.arteflamenco.ee\/ru\/esinemisprogrammid\/","og_site_name":"arteflamenco","article_modified_time":"2024-02-14T14:21:23+00:00","twitter_card":"summary_large_image","twitter_misc":{"\u041f\u0440\u0438\u043c\u0435\u0440\u043d\u043e\u0435 \u0432\u0440\u0435\u043c\u044f \u0434\u043b\u044f \u0447\u0442\u0435\u043d\u0438\u044f":"2 \u043c\u0438\u043d\u0443\u0442\u044b"},"schema":{"@context":"https:\/\/schema.org","@graph":[{"@type":"WebPage","@id":"https:\/\/www.arteflamenco.ee\/ru\/esinemisprogrammid\/","url":"https:\/\/www.arteflamenco.ee\/ru\/esinemisprogrammid\/","name":"Arte Flameco Stuudio esinemisprogrammide tutvustus. Kutsu esinema!","isPartOf":{"@id":"https:\/\/www.arteflamenco.ee\/#website"},"datePublished":"2018-01-11T22:52:19+00:00","dateModified":"2024-02-14T14:21:23+00:00","description":"Stuudio professionaalset tantsutruppi on v\u00f5imalik oma \u00fcritustele esinema kutsuda. V\u00f5imalik on tellida eeskava salvestatud muusikaga v\u00f5i elava muusikaga, programmi pikkus ja trupi suurus vastavalt tellija soovile. V\u00f5ta meiega \u00fchendust - loome just Sinu \u00fcritusele sobiva eeskava! info +372 51 46 223, maria@arteflamenco.ee","breadcrumb":{"@id":"https:\/\/www.arteflamenco.ee\/ru\/esinemisprogrammid\/#breadcrumb"},"inLanguage":"ru-RU","potentialAction":[{"@type":"ReadAction","target":["https:\/\/www.arteflamenco.ee\/ru\/esinemisprogrammid\/"]}]},{"@type":"BreadcrumbList","@id":"https:\/\/www.arteflamenco.ee\/ru\/esinemisprogrammid\/#breadcrumb","itemListElement":[{"@type":"ListItem","position":1,"name":"Home","item":"https:\/\/www.arteflamenco.ee\/"},{"@type":"ListItem","position":2,"name":"\u041a\u041e\u041d\u0426\u0415\u0420\u0422\u041d\u042b\u0415 \u041f\u0420\u041e\u0413\u0420\u0410\u041c\u041c\u042b"}]},{"@type":"WebSite","@id":"https:\/\/www.arteflamenco.ee\/#website","url":"https:\/\/www.arteflamenco.ee\/","name":"arteflamenco","description":"Flamenko tantsustuudio","potentialAction":[{"@type":"SearchAction","target":{"@type":"EntryPoint","urlTemplate":"https:\/\/www.arteflamenco.ee\/?s={search_term_string}"},"query-input":{"@type":"PropertyValueSpecification","valueRequired":true,"valueName":"search_term_string"}}],"inLanguage":"ru-RU"}]}},"_links":{"self":[{"href":"https:\/\/www.arteflamenco.ee\/ru\/wp-json\/wp\/v2\/pages\/1055"}],"collection":[{"href":"https:\/\/www.arteflamenco.ee\/ru\/wp-json\/wp\/v2\/pages"}],"about":[{"href":"https:\/\/www.arteflamenco.ee\/ru\/wp-json\/wp\/v2\/types\/page"}],"author":[{"embeddable":true,"href":"https:\/\/www.arteflamenco.ee\/ru\/wp-json\/wp\/v2\/users\/1"}],"replies":[{"embeddable":true,"href":"https:\/\/www.arteflamenco.ee\/ru\/wp-json\/wp\/v2\/comments?post=1055"}],"version-history":[{"count":10,"href":"https:\/\/www.arteflamenco.ee\/ru\/wp-json\/wp\/v2\/pages\/1055\/revisions"}],"predecessor-version":[{"id":3346,"href":"https:\/\/www.arteflamenco.ee\/ru\/wp-json\/wp\/v2\/pages\/1055\/revisions\/3346"}],"wp:attachment":[{"href":"https:\/\/www.arteflamenco.ee\/ru\/wp-json\/wp\/v2\/media?parent=1055"}],"curies":[{"name":"wp","href":"https:\/\/api.w.org\/{rel}","templated":true}]}}