{"id":1062,"date":"2018-01-12T00:53:09","date_gmt":"2018-01-11T22:53:09","guid":{"rendered":"http:\/\/www.arteflamenco.ee\/kontakt\/"},"modified":"2020-02-25T18:22:42","modified_gmt":"2020-02-25T16:22:42","slug":"kontakt","status":"publish","type":"page","link":"https:\/\/www.arteflamenco.ee\/ru\/kontakt\/","title":{"rendered":"\u041a\u041e\u041d\u0422\u0410\u041a\u0422"},"content":{"rendered":"\n<style type=\"text\/css\" data-created_by=\"avia_inline_auto\" id=\"style-css-av-av_one_half-15d750bd1b332b34c6e70b077ebbccdf\">\n.flex_column.av-av_one_half-15d750bd1b332b34c6e70b077ebbccdf{\nborder-radius:0px 0px 0px 0px;\npadding:0px 0px 0px 0px;\n}\n<\/style>\n<div  class='flex_column av-av_one_half-15d750bd1b332b34c6e70b077ebbccdf av_one_half  avia-builder-el-0  el_before_av_one_half  avia-builder-el-first  first flex_column_div av-zero-column-padding  '     ><p><section  class='av_textblock_section av-av_textblock-2de302bf1aa3cf4c9157dbe6f50ac7eb '   itemscope=\"itemscope\" itemtype=\"https:\/\/schema.org\/CreativeWork\" ><div class='avia_textblock'  itemprop=\"text\" ><p>\u0421\u0442\u0443\u0434\u0438\u044f Arte Flamenco \u043d\u0430\u0445\u043e\u0434\u0438\u0442\u0441\u044f \u043f\u043e \u0430\u0434\u0440\u0435\u0441\u0443 <a href=\"https:\/\/www.google.ee\/maps\/place\/Tondi+8a,+11312+Tallinn\/data=!4m2!3m1!1s0x469294bfc8c4543b:0x50890761dcb67be9?sa=X&amp;ved=0ahUKEwj7kaeGi-DYAhXJ2CwKHQRTB1AQ8gEIJTAA\">\u0422\u043e\u043d\u0434\u0438 8\u0410<\/a>, 1-\u0439 \u044d\u0442\u0430\u0436<br \/>\n\u041f\u0435\u0440\u0435\u043a\u0440\u0435\u0441\u0442\u043e\u043a \u041f\u044f\u0440\u043d\u0443\u0441\u043a\u043e\u0433\u043e \u0448\u043e\u0441\u0441\u0435 \u0438 \u0443\u043b\u0438\u0446\u044b \u0422\u043e\u043d\u0434\u0438, \u043e\u0441\u0442\u0430\u043d\u043e\u0432\u043a\u0430 Tallinn-V\u00e4ike (\u0442\u0440\u0430\u043c\u0432\u0430\u0439 3, 4; \u0430\u0432\u0442\u043e\u0431\u0443\u0441 5, 18, 20, 28, 36), \u0436\u0435\u043b\u0442\u043e\u0435 \u0437\u0434\u0430\u043d\u0438\u0435 \u0437\u0430 \u0437\u0430\u043f\u0440\u0430\u0432\u043a\u043e\u0439 Olerex (\u0432\u0445\u043e\u0434 \u0441\u043e \u0434\u0432\u043e\u0440\u0430).<\/p>\n<p>\u0422\u0435\u043b\u0435\u0444\u043e\u043d \u0438\u043d\u0444\u043e\u0440\u043c\u0430\u0446\u0438\u0438\u00a0<a href=\"tel:+3725146223\">+372 51 46 223<\/a> \u041c\u0430\u0440\u0438\u044f \u0420\u044f\u044f\u043a<br \/>\n\u042d-\u043c\u0435\u0439\u043b:\u00a0<a href=\"mailto:maria@arteflamenco.ee\">maria@arteflamenco.ee<\/a><\/p>\n<p>\u0414\u0430\u043d\u043d\u044b\u0435 \u0444\u0438\u0440\u043c\u044b: Remolino O\u00dc | \u2116 \u0441\u0447\u0435\u0442\u0430 EE452200221018561161 Swedbank<\/p>\n<\/div><\/section><br \/>\n<div  class='av_gmaps_sc_main_wrap av_gmaps_main_wrap '><div id='av_gmap_0' class='avia-google-map-container avia-google-map-sc av_gmaps_show_unconditionally av-no-fallback-img ' data-mapid='av_gmap_0'  style='height: 600px;'><a class=\"av_gmaps_browser_disabled av_text_confirm_link av_text_confirm_link_visible\" href=\"https:\/\/www.google.com\/maps\/search\/?api=1&#038;query=Tondi%208A%20%20Tallinn%20%20Estonia\" target=\"_blank\" rel=\"noopener\">Maps were disabled by the visitor on this site. Click to open the map in a new window.<\/a><\/div><\/div><\/p><\/div>\n\n<style type=\"text\/css\" data-created_by=\"avia_inline_auto\" id=\"style-css-av-av_one_half-ecaf8cddd57777828b194e3f7635c3cc\">\n.flex_column.av-av_one_half-ecaf8cddd57777828b194e3f7635c3cc{\nborder-radius:0px 0px 0px 0px;\npadding:15px 15px 15px 15px;\nbackground-color:#ffffff;\n}\n<\/style>\n<div  class='flex_column av-av_one_half-ecaf8cddd57777828b194e3f7635c3cc av_one_half  avia-builder-el-3  el_after_av_one_half  avia-builder-el-last  flex_column_div  '     ><p>\n<style type=\"text\/css\" data-created_by=\"avia_inline_auto\" id=\"style-css-av-av_hr-6ec09fa25173fb98c0aabbac69f87068\">\n#top .hr.hr-invisible.av-av_hr-6ec09fa25173fb98c0aabbac69f87068{\nmargin-top:-20px;\nheight:1px;\n}\n<\/style>\n<div  class='hr av-av_hr-6ec09fa25173fb98c0aabbac69f87068 hr-invisible  avia-builder-el-4  el_before_av_heading  avia-builder-el-first '><span class='hr-inner '><span class=\"hr-inner-style\"><\/span><\/span><\/div><br \/>\n\n<style type=\"text\/css\" data-created_by=\"avia_inline_auto\" id=\"style-css-av-av_heading-e1b2451e2e2c0b09eb75b7f533f89531\">\n#top .av-special-heading.av-av_heading-e1b2451e2e2c0b09eb75b7f533f89531{\npadding-bottom:10px;\nfont-size:32px;\n}\nbody .av-special-heading.av-av_heading-e1b2451e2e2c0b09eb75b7f533f89531 .av-special-heading-tag .heading-char{\nfont-size:25px;\n}\n#top #wrap_all .av-special-heading.av-av_heading-e1b2451e2e2c0b09eb75b7f533f89531 .av-special-heading-tag{\nfont-size:32px;\n}\n.av-special-heading.av-av_heading-e1b2451e2e2c0b09eb75b7f533f89531 .av-subheading{\nfont-size:15px;\n}\n\n@media only screen and (min-width: 480px) and (max-width: 767px){ \n#top #wrap_all .av-special-heading.av-av_heading-e1b2451e2e2c0b09eb75b7f533f89531 .av-special-heading-tag{\nfont-size:0.8em;\n}\n}\n\n@media only screen and (max-width: 479px){ \n#top #wrap_all .av-special-heading.av-av_heading-e1b2451e2e2c0b09eb75b7f533f89531 .av-special-heading-tag{\nfont-size:0.8em;\n}\n}\n<\/style>\n<div  class='av-special-heading av-av_heading-e1b2451e2e2c0b09eb75b7f533f89531 av-special-heading-h1 blockquote modern-quote  avia-builder-el-5  el_after_av_hr  el_before_av_textblock  av-inherit-size'><h1 class='av-special-heading-tag '  itemprop=\"headline\"  >\u0421\u0412\u042f\u0416\u0418\u0421\u042c \u0421 \u041d\u0410\u041c\u0418 \u0421 \u041f\u041e\u041c\u041e\u0429\u042c\u042e \u0414\u0410\u041d\u041d\u041e\u0419 \u0424\u041e\u0420\u041c\u042b!<\/h1><div class=\"special-heading-border\"><div class=\"special-heading-inner-border\"><\/div><\/div><\/div><br \/>\n<section  class='av_textblock_section av-av_textblock-2de302bf1aa3cf4c9157dbe6f50ac7eb '   itemscope=\"itemscope\" itemtype=\"https:\/\/schema.org\/CreativeWork\" ><div class='avia_textblock'  itemprop=\"text\" >\n<div class=\"wpcf7 no-js\" id=\"wpcf7-f2402-o1\" lang=\"et\" dir=\"ltr\">\n<div class=\"screen-reader-response\"><p role=\"status\" aria-live=\"polite\" aria-atomic=\"true\"><\/p> <ul><\/ul><\/div>\n<form action=\"\/ru\/wp-json\/wp\/v2\/pages\/1062#wpcf7-f2402-o1\" method=\"post\" class=\"wpcf7-form init\" aria-label=\"Contact form\" novalidate=\"novalidate\" data-status=\"init\">\n<div style=\"display: none;\">\n<input type=\"hidden\" name=\"_wpcf7\" value=\"2402\" \/>\n<input type=\"hidden\" name=\"_wpcf7_version\" value=\"5.9.8\" \/>\n<input type=\"hidden\" name=\"_wpcf7_locale\" value=\"et\" \/>\n<input type=\"hidden\" name=\"_wpcf7_unit_tag\" value=\"wpcf7-f2402-o1\" \/>\n<input type=\"hidden\" name=\"_wpcf7_container_post\" value=\"0\" \/>\n<input type=\"hidden\" name=\"_wpcf7_posted_data_hash\" value=\"\" \/>\n<input type=\"hidden\" name=\"_wpcf7_recaptcha_response\" value=\"\" \/>\n<\/div>\n<p><label> \u0418\u043c\u044f *<br \/>\n<span class=\"wpcf7-form-control-wrap\" data-name=\"your-name\"><input size=\"40\" maxlength=\"400\" class=\"wpcf7-form-control wpcf7-text wpcf7-validates-as-required\" aria-required=\"true\" aria-invalid=\"false\" value=\"\" type=\"text\" name=\"your-name\" \/><\/span> <\/label>\n<\/p>\n<p><label> \u042d-\u043c\u0435\u0439\u043b *<br \/>\n<span class=\"wpcf7-form-control-wrap\" data-name=\"your-email\"><input size=\"40\" maxlength=\"400\" class=\"wpcf7-form-control wpcf7-email wpcf7-validates-as-required wpcf7-text wpcf7-validates-as-email\" aria-required=\"true\" aria-invalid=\"false\" value=\"\" type=\"email\" name=\"your-email\" \/><\/span> <\/label>\n<\/p>\n<p><label> T\u0435\u043b\u0435\u0444\u043e\u043d *<br \/>\n<span class=\"wpcf7-form-control-wrap\" data-name=\"tel-772\"><input size=\"40\" maxlength=\"400\" class=\"wpcf7-form-control wpcf7-tel wpcf7-validates-as-required wpcf7-text wpcf7-validates-as-tel\" aria-required=\"true\" aria-invalid=\"false\" value=\"\" type=\"tel\" name=\"tel-772\" \/><\/span><\/label>\n<\/p>\n<p><label> \u0422\u0435\u043c\u0430 | \u043a\u0443\u0440\u0441<br \/>\n<span class=\"wpcf7-form-control-wrap\" data-name=\"your-subject\"><input size=\"40\" maxlength=\"400\" class=\"wpcf7-form-control wpcf7-text\" aria-invalid=\"false\" value=\"\" type=\"text\" name=\"your-subject\" \/><\/span> <\/label>\n<\/p>\n<p><label> \u0421\u043e\u043e\u0431\u0449\u0435\u043d\u0438\u0435 *<br \/>\n<span class=\"wpcf7-form-control-wrap\" data-name=\"your-message\"><textarea cols=\"40\" rows=\"10\" maxlength=\"2000\" class=\"wpcf7-form-control wpcf7-textarea wpcf7-validates-as-required\" aria-required=\"true\" aria-invalid=\"false\" name=\"your-message\"><\/textarea><\/span> <\/label>\n<\/p>\n<p><label><br \/>\n\t<span class=\"wpcf7-form-control-wrap recaptcha\" data-name=\"recaptcha\"><span data-sitekey=\"6LcitVsUAAAAAO8EIbwDI2RmHnVTNydqqouy0Igx\" data-size=\"compact\" class=\"wpcf7-form-control wpcf7-recaptcha g-recaptcha\"><\/span>\r\n<noscript>\r\n\t<div class=\"grecaptcha-noscript\">\r\n\t\t<iframe loading=\"lazy\" src=\"https:\/\/www.recaptcha.net\/recaptcha\/api\/fallback?k=6LcitVsUAAAAAO8EIbwDI2RmHnVTNydqqouy0Igx\" frameborder=\"0\" scrolling=\"no\" width=\"310\" height=\"430\">\r\n\t\t<\/iframe>\r\n\t\t<textarea name=\"g-recaptcha-response\" rows=\"3\" cols=\"40\" placeholder=\"reCaptcha Response Here\">\r\n\t\t<\/textarea>\r\n\t<\/div>\r\n<\/noscript>\r\n<\/span> <\/label>\n<\/p>\n<p><input class=\"wpcf7-form-control wpcf7-submit has-spinner\" type=\"submit\" value=\"\u041e\u0442\u043f\u0440\u0430\u0432\u0438\u0442\u044c\" \/>\n<\/p><input type='hidden' class='wpcf7-pum' value='{\"closepopup\":false,\"closedelay\":0,\"openpopup\":false,\"openpopup_id\":0}' \/><div class=\"wpcf7-response-output\" aria-hidden=\"true\"><\/div>\n<\/form>\n<\/div>\n\n<\/div><\/section><\/p><\/div>\n","protected":false},"excerpt":{"rendered":"","protected":false},"author":1,"featured_media":0,"parent":0,"menu_order":0,"comment_status":"closed","ping_status":"closed","template":"","meta":{"footnotes":""},"yoast_head":"<!-- This site is optimized with the Yoast SEO plugin v23.5 - https:\/\/yoast.com\/wordpress\/plugins\/seo\/ -->\n<title>Arte Flamenco stuudio kontaktandmed, kohaletuleku juhis ja kaart<\/title>\n<meta name=\"description\" content=\"Stuudio ArteFlamenco tegutseb aadressil Tondi tn. 8A 1. korrus. P\u00e4rnu mnt ja Tondi tn ristmik, peatus Tallinn-V\u00e4ike (tramm 3, 4; buss 5, 18, 20, 28, 36), Olerex tankla taga kollane maja (sissep\u00e4\u00e4s hoovist). Info tel +372 51 46 223 Maria R\u00e4\u00e4k | e-post maria@arteflamenco.ee | Remolino O\u00dc\" \/>\n<meta name=\"robots\" content=\"index, follow, max-snippet:-1, max-image-preview:large, max-video-preview:-1\" \/>\n<link rel=\"canonical\" href=\"https:\/\/www.arteflamenco.ee\/kontakt\/\" \/>\n<meta property=\"og:locale\" content=\"ru_RU\" \/>\n<meta property=\"og:type\" content=\"article\" \/>\n<meta property=\"og:title\" content=\"Arte Flamenco stuudio kontaktandmed, kohaletuleku juhis ja kaart\" \/>\n<meta property=\"og:description\" content=\"Stuudio ArteFlamenco tegutseb aadressil Tondi tn. 8A 1. korrus. P\u00e4rnu mnt ja Tondi tn ristmik, peatus Tallinn-V\u00e4ike (tramm 3, 4; buss 5, 18, 20, 28, 36), Olerex tankla taga kollane maja (sissep\u00e4\u00e4s hoovist). Info tel +372 51 46 223 Maria R\u00e4\u00e4k | e-post maria@arteflamenco.ee | Remolino O\u00dc\" \/>\n<meta property=\"og:url\" content=\"https:\/\/www.arteflamenco.ee\/kontakt\/\" \/>\n<meta property=\"og:site_name\" content=\"arteflamenco\" \/>\n<meta property=\"article:modified_time\" content=\"2020-02-25T16:22:42+00:00\" \/>\n<meta name=\"twitter:card\" content=\"summary_large_image\" \/>\n<meta name=\"twitter:label1\" content=\"\u041f\u0440\u0438\u043c\u0435\u0440\u043d\u043e\u0435 \u0432\u0440\u0435\u043c\u044f \u0434\u043b\u044f \u0447\u0442\u0435\u043d\u0438\u044f\" \/>\n\t<meta name=\"twitter:data1\" content=\"2 \u043c\u0438\u043d\u0443\u0442\u044b\" \/>\n<script type=\"application\/ld+json\" class=\"yoast-schema-graph\">{\"@context\":\"https:\/\/schema.org\",\"@graph\":[{\"@type\":\"WebPage\",\"@id\":\"https:\/\/www.arteflamenco.ee\/kontakt\/\",\"url\":\"https:\/\/www.arteflamenco.ee\/kontakt\/\",\"name\":\"Arte Flamenco stuudio kontaktandmed, kohaletuleku juhis ja kaart\",\"isPartOf\":{\"@id\":\"https:\/\/www.arteflamenco.ee\/#website\"},\"datePublished\":\"2018-01-11T22:53:09+00:00\",\"dateModified\":\"2020-02-25T16:22:42+00:00\",\"description\":\"Stuudio ArteFlamenco tegutseb aadressil Tondi tn. 8A 1. korrus. P\u00e4rnu mnt ja Tondi tn ristmik, peatus Tallinn-V\u00e4ike (tramm 3, 4; buss 5, 18, 20, 28, 36), Olerex tankla taga kollane maja (sissep\u00e4\u00e4s hoovist). Info tel +372 51 46 223 Maria R\u00e4\u00e4k | e-post maria@arteflamenco.ee | Remolino O\u00dc\",\"breadcrumb\":{\"@id\":\"https:\/\/www.arteflamenco.ee\/kontakt\/#breadcrumb\"},\"inLanguage\":\"ru-RU\",\"potentialAction\":[{\"@type\":\"ReadAction\",\"target\":[\"https:\/\/www.arteflamenco.ee\/kontakt\/\"]}]},{\"@type\":\"BreadcrumbList\",\"@id\":\"https:\/\/www.arteflamenco.ee\/kontakt\/#breadcrumb\",\"itemListElement\":[{\"@type\":\"ListItem\",\"position\":1,\"name\":\"Home\",\"item\":\"https:\/\/www.arteflamenco.ee\/\"},{\"@type\":\"ListItem\",\"position\":2,\"name\":\"\u041a\u041e\u041d\u0422\u0410\u041a\u0422\"}]},{\"@type\":\"WebSite\",\"@id\":\"https:\/\/www.arteflamenco.ee\/#website\",\"url\":\"https:\/\/www.arteflamenco.ee\/\",\"name\":\"arteflamenco\",\"description\":\"Flamenko tantsustuudio\",\"potentialAction\":[{\"@type\":\"SearchAction\",\"target\":{\"@type\":\"EntryPoint\",\"urlTemplate\":\"https:\/\/www.arteflamenco.ee\/?s={search_term_string}\"},\"query-input\":{\"@type\":\"PropertyValueSpecification\",\"valueRequired\":true,\"valueName\":\"search_term_string\"}}],\"inLanguage\":\"ru-RU\"}]}<\/script>\n<!-- \/ Yoast SEO plugin. -->","yoast_head_json":{"title":"Arte Flamenco stuudio kontaktandmed, kohaletuleku juhis ja kaart","description":"Stuudio ArteFlamenco tegutseb aadressil Tondi tn. 8A 1. korrus. P\u00e4rnu mnt ja Tondi tn ristmik, peatus Tallinn-V\u00e4ike (tramm 3, 4; buss 5, 18, 20, 28, 36), Olerex tankla taga kollane maja (sissep\u00e4\u00e4s hoovist). Info tel +372 51 46 223 Maria R\u00e4\u00e4k | e-post maria@arteflamenco.ee | Remolino O\u00dc","robots":{"index":"index","follow":"follow","max-snippet":"max-snippet:-1","max-image-preview":"max-image-preview:large","max-video-preview":"max-video-preview:-1"},"canonical":"https:\/\/www.arteflamenco.ee\/kontakt\/","og_locale":"ru_RU","og_type":"article","og_title":"Arte Flamenco stuudio kontaktandmed, kohaletuleku juhis ja kaart","og_description":"Stuudio ArteFlamenco tegutseb aadressil Tondi tn. 8A 1. korrus. P\u00e4rnu mnt ja Tondi tn ristmik, peatus Tallinn-V\u00e4ike (tramm 3, 4; buss 5, 18, 20, 28, 36), Olerex tankla taga kollane maja (sissep\u00e4\u00e4s hoovist). Info tel +372 51 46 223 Maria R\u00e4\u00e4k | e-post maria@arteflamenco.ee | Remolino O\u00dc","og_url":"https:\/\/www.arteflamenco.ee\/kontakt\/","og_site_name":"arteflamenco","article_modified_time":"2020-02-25T16:22:42+00:00","twitter_card":"summary_large_image","twitter_misc":{"\u041f\u0440\u0438\u043c\u0435\u0440\u043d\u043e\u0435 \u0432\u0440\u0435\u043c\u044f \u0434\u043b\u044f \u0447\u0442\u0435\u043d\u0438\u044f":"2 \u043c\u0438\u043d\u0443\u0442\u044b"},"schema":{"@context":"https:\/\/schema.org","@graph":[{"@type":"WebPage","@id":"https:\/\/www.arteflamenco.ee\/kontakt\/","url":"https:\/\/www.arteflamenco.ee\/kontakt\/","name":"Arte Flamenco stuudio kontaktandmed, kohaletuleku juhis ja kaart","isPartOf":{"@id":"https:\/\/www.arteflamenco.ee\/#website"},"datePublished":"2018-01-11T22:53:09+00:00","dateModified":"2020-02-25T16:22:42+00:00","description":"Stuudio ArteFlamenco tegutseb aadressil Tondi tn. 8A 1. korrus. P\u00e4rnu mnt ja Tondi tn ristmik, peatus Tallinn-V\u00e4ike (tramm 3, 4; buss 5, 18, 20, 28, 36), Olerex tankla taga kollane maja (sissep\u00e4\u00e4s hoovist). Info tel +372 51 46 223 Maria R\u00e4\u00e4k | e-post maria@arteflamenco.ee | Remolino O\u00dc","breadcrumb":{"@id":"https:\/\/www.arteflamenco.ee\/kontakt\/#breadcrumb"},"inLanguage":"ru-RU","potentialAction":[{"@type":"ReadAction","target":["https:\/\/www.arteflamenco.ee\/kontakt\/"]}]},{"@type":"BreadcrumbList","@id":"https:\/\/www.arteflamenco.ee\/kontakt\/#breadcrumb","itemListElement":[{"@type":"ListItem","position":1,"name":"Home","item":"https:\/\/www.arteflamenco.ee\/"},{"@type":"ListItem","position":2,"name":"\u041a\u041e\u041d\u0422\u0410\u041a\u0422"}]},{"@type":"WebSite","@id":"https:\/\/www.arteflamenco.ee\/#website","url":"https:\/\/www.arteflamenco.ee\/","name":"arteflamenco","description":"Flamenko tantsustuudio","potentialAction":[{"@type":"SearchAction","target":{"@type":"EntryPoint","urlTemplate":"https:\/\/www.arteflamenco.ee\/?s={search_term_string}"},"query-input":{"@type":"PropertyValueSpecification","valueRequired":true,"valueName":"search_term_string"}}],"inLanguage":"ru-RU"}]}},"_links":{"self":[{"href":"https:\/\/www.arteflamenco.ee\/ru\/wp-json\/wp\/v2\/pages\/1062"}],"collection":[{"href":"https:\/\/www.arteflamenco.ee\/ru\/wp-json\/wp\/v2\/pages"}],"about":[{"href":"https:\/\/www.arteflamenco.ee\/ru\/wp-json\/wp\/v2\/types\/page"}],"author":[{"embeddable":true,"href":"https:\/\/www.arteflamenco.ee\/ru\/wp-json\/wp\/v2\/users\/1"}],"replies":[{"embeddable":true,"href":"https:\/\/www.arteflamenco.ee\/ru\/wp-json\/wp\/v2\/comments?post=1062"}],"version-history":[{"count":6,"href":"https:\/\/www.arteflamenco.ee\/ru\/wp-json\/wp\/v2\/pages\/1062\/revisions"}],"predecessor-version":[{"id":2403,"href":"https:\/\/www.arteflamenco.ee\/ru\/wp-json\/wp\/v2\/pages\/1062\/revisions\/2403"}],"wp:attachment":[{"href":"https:\/\/www.arteflamenco.ee\/ru\/wp-json\/wp\/v2\/media?parent=1062"}],"curies":[{"name":"wp","href":"https:\/\/api.w.org\/{rel}","templated":true}]}}