{"id":1070,"date":"2018-01-18T13:15:49","date_gmt":"2018-01-18T11:15:49","guid":{"rendered":"http:\/\/www.arteflamenco.ee\/hinnakiri\/"},"modified":"2023-09-14T17:56:40","modified_gmt":"2023-09-14T14:56:40","slug":"hinnakiri","status":"publish","type":"page","link":"https:\/\/www.arteflamenco.ee\/ru\/tunniplaan\/hinnakiri\/","title":{"rendered":"\u0426\u0415\u041d\u042b"},"content":{"rendered":"\n<style type=\"text\/css\" data-created_by=\"avia_inline_auto\" id=\"style-css-av-av_heading-c209540f9f27f51e3e28f78d9892b1a1\">\n#top .av-special-heading.av-av_heading-c209540f9f27f51e3e28f78d9892b1a1{\npadding-bottom:10px;\n}\nbody .av-special-heading.av-av_heading-c209540f9f27f51e3e28f78d9892b1a1 .av-special-heading-tag .heading-char{\nfont-size:25px;\n}\n.av-special-heading.av-av_heading-c209540f9f27f51e3e28f78d9892b1a1 .av-subheading{\nfont-size:15px;\n}\n\n@media only screen and (min-width: 768px) and (max-width: 989px){ \n#top #wrap_all .av-special-heading.av-av_heading-c209540f9f27f51e3e28f78d9892b1a1 .av-special-heading-tag{\nfont-size:30px;\n}\n}\n\n@media only screen and (min-width: 480px) and (max-width: 767px){ \n#top #wrap_all .av-special-heading.av-av_heading-c209540f9f27f51e3e28f78d9892b1a1 .av-special-heading-tag{\nfont-size:28px;\n}\n}\n\n@media only screen and (max-width: 479px){ \n#top #wrap_all .av-special-heading.av-av_heading-c209540f9f27f51e3e28f78d9892b1a1 .av-special-heading-tag{\nfont-size:24px;\n}\n}\n<\/style>\n<div  class='av-special-heading av-av_heading-c209540f9f27f51e3e28f78d9892b1a1 av-special-heading-h1 blockquote modern-quote  avia-builder-el-0  el_before_av_hr  avia-builder-el-first '><h1 class='av-special-heading-tag '  itemprop=\"headline\"  >\u0426\u0415\u041d\u042b<\/h1><div class=\"special-heading-border\"><div class=\"special-heading-inner-border\"><\/div><\/div><\/div>\n\n<style type=\"text\/css\" data-created_by=\"avia_inline_auto\" id=\"style-css-av-av_hr-741ab06d0690c1111415ef58b6e9dc92\">\n#top .hr.hr-invisible.av-av_hr-741ab06d0690c1111415ef58b6e9dc92{\nheight:40px;\n}\n<\/style>\n<div  class='hr av-av_hr-741ab06d0690c1111415ef58b6e9dc92 hr-invisible  avia-builder-el-1  el_after_av_heading  el_before_av_one_full '><span class='hr-inner '><span class=\"hr-inner-style\"><\/span><\/span><\/div>\n\n<style type=\"text\/css\" data-created_by=\"avia_inline_auto\" id=\"style-css-av-av_one_full-15d750bd1b332b34c6e70b077ebbccdf\">\n.flex_column.av-av_one_full-15d750bd1b332b34c6e70b077ebbccdf{\nborder-radius:0px 0px 0px 0px;\npadding:0px 0px 0px 0px;\n}\n<\/style>\n<div  class='flex_column av-av_one_full-15d750bd1b332b34c6e70b077ebbccdf av_one_full  avia-builder-el-2  el_after_av_hr  el_before_av_image  first flex_column_div av-zero-column-padding  '     ><p><div  class='togglecontainer av-av_toggle_container-8812a63cbc37bcd0d66199109d348345  avia-builder-el-3  el_before_av_hr  avia-builder-el-first ' >\n<section class='av_toggle_section av-av_toggle-a056c24c06a2769e471b9b25674433a2'  itemscope=\"itemscope\" itemtype=\"https:\/\/schema.org\/CreativeWork\" ><div role=\"tablist\" class=\"single_toggle\" data-tags=\"{\u0412\u0441\u0435} \"  ><p id='toggle-toggle-id-1' data-fake-id='#toggle-id-1' class='toggler  av-title-above '  itemprop=\"headline\"  role='tab' tabindex='0' aria-controls='toggle-id-1' data-slide-speed=\"200\" data-title=\"&lt;strong&gt; \u0414\u0435\u0442\u0438\/\u043f\u043e\u0434\u0440\u043e\u0441\u0442\u043a\u0438 &lt;\/strong&gt;\" data-title-open=\"\" data-aria_collapsed=\"Click to expand: &lt;strong&gt; \u0414\u0435\u0442\u0438\/\u043f\u043e\u0434\u0440\u043e\u0441\u0442\u043a\u0438 &lt;\/strong&gt;\" data-aria_expanded=\"Click to collapse: &lt;strong&gt; \u0414\u0435\u0442\u0438\/\u043f\u043e\u0434\u0440\u043e\u0441\u0442\u043a\u0438 &lt;\/strong&gt;\"><strong> \u0414\u0435\u0442\u0438\/\u043f\u043e\u0434\u0440\u043e\u0441\u0442\u043a\u0438 <\/strong><span class=\"toggle_icon\"><span class=\"vert_icon\"><\/span><span class=\"hor_icon\"><\/span><\/span><\/p><div id='toggle-id-1' aria-labelledby='toggle-toggle-id-1' role='region' class='toggle_wrap  av-title-above'  ><div class='toggle_content invers-color '  itemprop=\"text\" ><p><strong><span style=\"font-size: 14pt;\">\u041e\u0421\u041d\u041e\u0412\u041d\u041e\u0419 \u041a\u0423\u0420\u0421 2 \u0420\u0410\u0417\u0410 \u0412 \u041d\u0415\u0414\u0415\u041b\u042e<\/span><\/strong>\u00a0<strong><span style=\"color: #d70909;\">&#8212; 60 \u20ac\/\u043c\u0435\u0441\u044f\u0446<\/span><\/strong><\/p>\n<\/div><\/div><\/div><\/section>\n<section class='av_toggle_section av-av_toggle-7ac19d5b114d0395bcd26ae378ced42d'  itemscope=\"itemscope\" itemtype=\"https:\/\/schema.org\/CreativeWork\" ><div role=\"tablist\" class=\"single_toggle\" data-tags=\"{\u0412\u0441\u0435} \"  ><p id='toggle-toggle-id-2' data-fake-id='#toggle-id-2' class='toggler  av-title-above '  itemprop=\"headline\"  role='tab' tabindex='0' aria-controls='toggle-id-2' data-slide-speed=\"200\" data-title=\"&lt;strong&gt; \u041a\u0443\u0440\u0441\u044b \u0434\u043b\u044f \u0432\u0437\u0440\u043e\u0441\u043b\u044b\u0445&lt;\/strong&gt;\" data-title-open=\"\" data-aria_collapsed=\"Click to expand: &lt;strong&gt; \u041a\u0443\u0440\u0441\u044b \u0434\u043b\u044f \u0432\u0437\u0440\u043e\u0441\u043b\u044b\u0445&lt;\/strong&gt;\" data-aria_expanded=\"Click to collapse: &lt;strong&gt; \u041a\u0443\u0440\u0441\u044b \u0434\u043b\u044f \u0432\u0437\u0440\u043e\u0441\u043b\u044b\u0445&lt;\/strong&gt;\"><strong> \u041a\u0443\u0440\u0441\u044b \u0434\u043b\u044f \u0432\u0437\u0440\u043e\u0441\u043b\u044b\u0445<\/strong><span class=\"toggle_icon\"><span class=\"vert_icon\"><\/span><span class=\"hor_icon\"><\/span><\/span><\/p><div id='toggle-id-2' aria-labelledby='toggle-toggle-id-2' role='region' class='toggle_wrap  av-title-above'  ><div class='toggle_content invers-color '  itemprop=\"text\" ><p><strong><span style=\"font-size: 14pt;\">\u041e\u0441\u043d\u043e\u0432\u043d\u043e\u0439 \u043a\u0443\u0440\u0441 2 \u0440\u0430\u0437\u0430 \u0432 \u043d\u0435\u0434\u0435\u043b\u044e <\/span><\/strong>&#8212; <strong><span style=\"color: #d70909;\">65 \u20ac\/\u043c\u0435\u0441\u044f\u0446<\/span><\/strong><\/p>\n<p><!-- <strong><span style=\"font-size: 14pt;\">\u041a\u0423\u0420\u0421 \u0425\u041e\u0420\u0415\u041e\u0413\u0420\u0410\u0424\u0418\u0418 \u0424\u041b\u0410\u041c\u0415\u041d\u041a\u041e \u041f\u041e\u0414 \u0416\u0418\u0412\u0423\u042e \u041c\u0423\u0417\u042b\u041a\u0423<\/span><\/strong>\n\n\u042f\u043d\u0432\u0430\u0440\u044c-\u0438\u044e\u043d\u044c (48 \u0443\u0440\u043e\u043a\u043e\u0432 \u043f\u043e 60 \u043c\u0438\u043d.) 315 \u20ac\n\u041f\u0440\u0438 \u043e\u043f\u043b\u0430\u0442\u0435 6 \u0447\u0430\u0441\u0442\u044f\u043c\u0438 55 \u20ac\/\u043c\u0435\u0441\u044f\u0446 (8 \u0443\u0440\u043e\u043a\u043e\u0432 \u043f\u043e 60 \u043c\u0438\u043d.) --><\/p>\n<p><span style=\"font-size: 14pt;\"><strong>\u041a\u0443\u0440\u0441 \u0442\u0435\u0445\u043d\u0438\u043a\u0438 \u0444\u043b\u0430\u043c\u0435\u043d\u043a\u043e\u00a0<\/strong><\/span>&#8212; <span style=\"color: #d70909;\"><strong>50 \u20ac\/\u043c\u0435\u0441\u044f\u0446<\/strong><\/span><\/p>\n<p><span style=\"font-size: 14pt;\"><strong>\u041a\u0443\u0440\u0441 \u0438\u0433\u0440\u044b \u043d\u0430 \u043a\u0430\u0441\u0442\u0430\u043d\u044c\u0435\u0442\u0430\u0445*\u00a0<span style=\"font-size: 12pt;\">&#8212;\u00a0<\/span><\/strong><span style=\"color: #d70909; font-size: 12pt;\">40\u20ac\/\u043c\u0435\u0441\u044f\u0446\u00a0(4 \u0443\u0440\u043e\u043a\u0430 \u043f\u043e 45 \u043c\u0438\u043d.)<\/span><\/span><\/p>\n<p><span style=\"font-size: 14pt;\"><strong>\u0422\u0435\u0445\u043d\u0438\u043a\u0430 \u0441 \u0448\u0430\u0440\u0444\u043e\u043c \u0438 \u0445\u043e\u0440\u0435\u043e\u0433\u0440\u0430\u0444\u0438\u044f 1 \u0440\u0430\u0437 \u0432 \u043d\u0435\u0434\u0435\u043b\u044e 60 \u043c\u0438\u043d.\u00a0<span style=\"font-size: 12pt;\">&#8212;\u00a0<\/span><\/strong><span style=\"color: #d70909; font-size: 12pt;\">10\u20ac\u00a0<span style=\"color: #d70909;\">(\u043f\u0440\u0438\u043c. 30 \u043c\u0438\u043d.)<\/span><\/span><\/span><\/p>\n<p><strong><span style=\"font-size: 14pt;\">\u041e\u0434\u0438\u043d \u0443\u0440\u043e\u043a<\/span><\/strong>&#8212; <strong><span style=\"color: #d70909;\">15\u20ac (\u043f\u0440\u0438\u043c. 45 \u043c\u0438\u043d.)<\/span><\/strong><br \/>\n<strong><span style=\"font-size: 14pt;\">\u041e\u0434\u0438\u043d \u0443\u0440\u043e\u043a<\/span><\/strong>&#8212; <strong><span style=\"color: #d70909;\">20\u20ac (\u043f\u0440\u0438\u043c. 60 \u043c\u0438\u043d.)<\/span><\/strong><br \/>\n<strong><span style=\"font-size: 14pt;\">\u041e\u0434\u0438\u043d \u0443\u0440\u043e\u043a<\/span><\/strong>&#8212; <strong><span style=\"color: #d70909;\">25\u20ac (\u043f\u0440\u0438\u043c. 90 \u043c\u0438\u043d.)<\/span><\/strong><\/p>\n<p><strong><span style=\"font-size: 14pt;\">\u0418\u043d\u0434\u0438\u0432\u0438\u0434\u0443\u0430\u043b\u044c\u043d\u044b\u0439 \u0443\u0440\u043e\u043a <\/span><\/strong>&#8212; <span style=\"color: #d70909;\">50\u20ac (\u043f\u0440\u0438\u043c. 60 \u043c\u0438\u043d.)<\/span><\/p>\n<p><strong>*\u0412\u043d\u0438\u043c\u0430\u043d\u0438\u0435!<\/strong> \u0415\u0441\u043b\u0438 \u0443 \u0443\u0447\u0435\u043d\u0438\u043a\u0430 \u043d\u0435\u0442 \u0441\u0432\u043e\u0438\u0445 \u043a\u0430\u0441\u0442\u0430\u043d\u044c\u0435\u0442, \u0438\u0445 \u043c\u043e\u0436\u043d\u043e \u0432\u0437\u044f\u0442\u044c \u0432 \u0430\u0440\u0435\u043d\u0434\u0443 \u0432 \u0441\u0442\u0443\u0434\u0438\u0438 \u2013 <strong>2 \u20ac\/\u0443\u0440\u043e\u043a, 10 \u20ac\/\u043d\u0435\u0434\u0435\u043b\u044f, 25 \u20ac\/\u043c\u0435\u0441\u044f\u0446.<\/strong><\/p>\n<\/div><\/div><\/div><\/section>\n<section class='av_toggle_section av-av_toggle-418fa610df33a30101c924bf5f6d47d8'  itemscope=\"itemscope\" itemtype=\"https:\/\/schema.org\/CreativeWork\" ><div role=\"tablist\" class=\"single_toggle\" data-tags=\"{\u0412\u0441\u0435} \"  ><p id='toggle-toggle-id-3' data-fake-id='#toggle-id-3' class='toggler  av-title-above '  itemprop=\"headline\"  role='tab' tabindex='0' aria-controls='toggle-id-3' data-slide-speed=\"200\" data-title=\"&lt;strong&gt;\u0421\u043a\u0438\u0434\u043a\u0438&lt;\/strong&gt;\" data-title-open=\"\" data-aria_collapsed=\"Click to expand: &lt;strong&gt;\u0421\u043a\u0438\u0434\u043a\u0438&lt;\/strong&gt;\" data-aria_expanded=\"Click to collapse: &lt;strong&gt;\u0421\u043a\u0438\u0434\u043a\u0438&lt;\/strong&gt;\"><strong>\u0421\u043a\u0438\u0434\u043a\u0438<\/strong><span class=\"toggle_icon\"><span class=\"vert_icon\"><\/span><span class=\"hor_icon\"><\/span><\/span><\/p><div id='toggle-id-3' aria-labelledby='toggle-toggle-id-3' role='region' class='toggle_wrap  av-title-above'  ><div class='toggle_content invers-color '  itemprop=\"text\" ><p>\u041f\u0440\u0438 \u0443\u0447\u0430\u0441\u0442\u0438\u0438 \u0431\u043e\u043b\u0435\u0435 \u0447\u0435\u043c \u0432 1 \u043a\u0443\u0440\u0441\u0435 <strong>\u0441\u043a\u0438\u0434\u043a\u0430 5%<\/strong> \u043e\u0442 \u0441\u0442\u043e\u0438\u043c\u043e\u0441\u0442\u0438 \u0434\u043e\u043f\u043e\u043b\u043d\u0438\u0442\u0435\u043b\u044c\u043d\u043e\u0433\u043e \u043a\u0443\u0440\u0441\u0430.<\/p>\n<p><strong>\u0421\u043a\u0438\u0434\u043a\u0430 \u0440\u043e\u0434\u0438\u0442\u0435\u043b\u044c+\u0440\u0435\u0431\u0435\u043d\u043e\u043a.<\/strong> \u0415\u0441\u043b\u0438 \u0440\u043e\u0434\u0438\u0442\u0435\u043b\u044c \u043f\u043e\u0441\u0435\u0449\u0430\u0435\u0442 \u0437\u0430\u043d\u044f\u0442\u0438\u044f ArteFlamenco, <strong>\u0441\u043a\u0438\u0434\u043a\u0430 5%<\/strong> \u0440\u0430\u0441\u043f\u0440\u043e\u0441\u0442\u0440\u0430\u043d\u044f\u0435\u0442\u0441\u044f \u043d\u0430 \u0432\u0441\u0435 \u043a\u0443\u0440\u0441\u044b \u0434\u043b\u044f \u0435\u0433\u043e \u0434\u0435\u0442\u0435\u0439 \u0434\u043e 18 \u043b\u0435\u0442.<\/p>\n<p>\u0421\u043a\u0438\u0434\u043a\u0438 \u043d\u0435 \u0441\u0443\u043c\u043c\u0438\u0440\u0443\u044e\u0442\u0441\u044f.<\/p>\n<p><!-- <span style=\"font-size: 14pt;\"><strong>\u041a\u0423\u0420\u0421 \u0418\u0413\u0420\u042b \u041d\u0410 \u041a\u0410\u0421\u0422\u0410\u041d\u042c\u0415\u0422\u0410\u0425\u00a0<\/strong><\/span>- 20 \u20ac --><\/p>\n<\/div><\/div><\/div><\/section>\n<section class='av_toggle_section av-av_toggle-0888e47a70059d95277b06813fff8138'  itemscope=\"itemscope\" itemtype=\"https:\/\/schema.org\/CreativeWork\" ><div role=\"tablist\" class=\"single_toggle\" data-tags=\"{\u0412\u0441\u0435} \"  ><p id='toggle-toggle-id-4' data-fake-id='#toggle-id-4' class='toggler  av-title-above '  itemprop=\"headline\"  role='tab' tabindex='0' aria-controls='toggle-id-4' data-slide-speed=\"200\" data-title=\"&lt;strong&gt; \u041a\u0443\u0440\u0441\u044b \u0432\u043d\u0435 \u0441\u0442\u0443\u0434\u0438\u0438 Arte Flamenco&lt;\/strong&gt;\" data-title-open=\"\" data-aria_collapsed=\"Click to expand: &lt;strong&gt; \u041a\u0443\u0440\u0441\u044b \u0432\u043d\u0435 \u0441\u0442\u0443\u0434\u0438\u0438 Arte Flamenco&lt;\/strong&gt;\" data-aria_expanded=\"Click to collapse: &lt;strong&gt; \u041a\u0443\u0440\u0441\u044b \u0432\u043d\u0435 \u0441\u0442\u0443\u0434\u0438\u0438 Arte Flamenco&lt;\/strong&gt;\"><strong> \u041a\u0443\u0440\u0441\u044b \u0432\u043d\u0435 \u0441\u0442\u0443\u0434\u0438\u0438 Arte Flamenco<\/strong><span class=\"toggle_icon\"><span class=\"vert_icon\"><\/span><span class=\"hor_icon\"><\/span><\/span><\/p><div id='toggle-id-4' aria-labelledby='toggle-toggle-id-4' role='region' class='toggle_wrap  av-title-above'  ><div class='toggle_content invers-color '  itemprop=\"text\" ><p>\u0423 \u043d\u0430\u0441 \u043c\u043e\u0436\u043d\u043e \u0437\u0430\u043a\u0430\u0437\u0430\u0442\u044c <strong>\u043a\u0443\u0440\u0441\u044b \u0444\u043b\u0430\u043c\u0435\u043d\u043a\u043e<\/strong> (\u0431\u0430\u0437\u043e\u0432\u043e\u0435 \u043e\u0431\u0443\u0447\u0435\u043d\u0438\u0435 \u0442\u0430\u043d\u0446\u0443, \u0438\u0433\u0440\u0430 \u043d\u0430 \u043a\u0430\u0441\u0442\u0430\u043d\u044c\u0435\u0442\u0430\u0445, \u0445\u043b\u043e\u043f\u043a\u0438 \u0432 \u0440\u0438\u0442\u043c), \u043d\u0430\u043f\u0440\u0438\u043c\u0435\u0440, \u043d\u0430 \u043b\u0435\u0442\u043d\u0438\u0435 \u0434\u043d\u0438, \u0432 \u043b\u0430\u0433\u0435\u0440\u044c, \u043d\u0430 \u0442\u0435\u043c\u0430\u0442\u0438\u0447\u0435\u0441\u043a\u0438\u0435 \u043c\u0435\u0440\u043e\u043f\u0440\u0438\u044f\u0442\u0438\u044f \u0438 \u0442.\u043f.<\/p>\n<p><span style=\"font-size: 14pt;\"><strong>\u0421\u0422\u041e\u0418\u041c\u041e\u0421\u0422\u042c \u041a\u0423\u0420\u0421\u0410 <span style=\"color: #d70909;\">150 \u20ac\/\u0423\u0420\u041e\u041a<\/span><\/strong><\/span><\/p>\n<p>\u043d\u0430\u0447\u0438\u043d\u0430\u044f \u0441 2 \u0447\u0430\u0441\u043e\u0432 \u2013 <strong><span style=\"color: #d70909;\">\u0441\u043a\u0438\u0434\u043a\u0430 5%<\/span><\/strong><\/p>\n<\/div><\/div><\/div><\/section>\n<\/div><br \/>\n\n<style type=\"text\/css\" data-created_by=\"avia_inline_auto\" id=\"style-css-av-av_hr-e51f6258d6b52ff5dc673cbd0df88b0f\">\n#top .hr.hr-invisible.av-av_hr-e51f6258d6b52ff5dc673cbd0df88b0f{\nheight:60px;\n}\n<\/style>\n<div  class='hr av-av_hr-e51f6258d6b52ff5dc673cbd0df88b0f hr-invisible  avia-builder-el-4  el_after_av_toggle_container  el_before_av_button '><span class='hr-inner '><span class=\"hr-inner-style\"><\/span><\/span><\/div><br \/>\n<div  class='avia-button-wrap av-av_button-1998dd50dcedb74219f6ad5ee801e205-wrap avia-button-center  avia-builder-el-5  el_after_av_hr  el_before_av_hr '>\n<style type=\"text\/css\" data-created_by=\"avia_inline_auto\" id=\"style-css-av-av_button-1998dd50dcedb74219f6ad5ee801e205\">\n#top #wrap_all .avia-button.av-av_button-1998dd50dcedb74219f6ad5ee801e205{\nbackground-color:#d70909;\nborder-color:#d70909;\ncolor:#ffffff;\ntransition:all 0.4s ease-in-out;\n}\n<\/style>\n<a href='https:\/\/www.arteflamenco.ee\/ru\/kontakt\/'  class='avia-button av-av_button-1998dd50dcedb74219f6ad5ee801e205 av-link-btn avia-icon_select-no avia-size-large avia-position-center'   aria-label=\"\u0417\u0430\u0440\u0435\u0433\u0438\u0441\u0442\u0440\u0438\u0440\u043e\u0432\u0430\u0442\u044c\u0441\u044f \u043d\u0430 \u043a\u0443\u0440\u0441\"><span class='avia_iconbox_title' >\u0417\u0430\u0440\u0435\u0433\u0438\u0441\u0442\u0440\u0438\u0440\u043e\u0432\u0430\u0442\u044c\u0441\u044f \u043d\u0430 \u043a\u0443\u0440\u0441<\/span><\/a><\/div><br \/>\n\n<style type=\"text\/css\" data-created_by=\"avia_inline_auto\" id=\"style-css-av-av_hr-e51f6258d6b52ff5dc673cbd0df88b0f\">\n#top .hr.hr-invisible.av-av_hr-e51f6258d6b52ff5dc673cbd0df88b0f{\nheight:60px;\n}\n<\/style>\n<div  class='hr av-av_hr-e51f6258d6b52ff5dc673cbd0df88b0f hr-invisible  avia-builder-el-6  el_after_av_button  avia-builder-el-last '><span class='hr-inner '><span class=\"hr-inner-style\"><\/span><\/span><\/div><\/p><\/div>\n<style type=\"text\/css\" data-created_by=\"avia_inline_auto\" id=\"style-css-av-av_image-355042f7fb2d88f17b13c7454fa2305b\">\n.avia-image-container.av-av_image-355042f7fb2d88f17b13c7454fa2305b img.avia_image{\nbox-shadow:none;\n}\n.avia-image-container.av-av_image-355042f7fb2d88f17b13c7454fa2305b .av-image-caption-overlay-center{\ncolor:#ffffff;\n}\n<\/style>\n<div  class='avia-image-container av-av_image-355042f7fb2d88f17b13c7454fa2305b av-styling-no-styling av-hover-grow avia-align-center  avia-builder-el-7  el_after_av_one_full  avia-builder-el-last '   itemprop=\"image\" itemscope=\"itemscope\" itemtype=\"https:\/\/schema.org\/ImageObject\" ><div class=\"avia-image-container-inner\"><div class=\"avia-image-overlay-wrap\"><img decoding=\"async\" fetchpriority=\"high\" class='wp-image-669 avia-img-lazy-loading-not-669 avia_image ' src=\"https:\/\/www.arteflamenco.ee\/wp-content\/uploads\/HINNAKIRI-arteflameco-1.jpg\" alt='Arteflamenco-kitarrim\u00e4ng' title='HINNAKIRI-arteflameco'  height=\"377\" width=\"1754\"  itemprop=\"thumbnailUrl\" srcset=\"https:\/\/www.arteflamenco.ee\/wp-content\/uploads\/HINNAKIRI-arteflameco-1.jpg 1754w, https:\/\/www.arteflamenco.ee\/wp-content\/uploads\/HINNAKIRI-arteflameco-1-400x86.jpg 400w, https:\/\/www.arteflamenco.ee\/wp-content\/uploads\/HINNAKIRI-arteflameco-1-768x165.jpg 768w, https:\/\/www.arteflamenco.ee\/wp-content\/uploads\/HINNAKIRI-arteflameco-1-1200x258.jpg 1200w, https:\/\/www.arteflamenco.ee\/wp-content\/uploads\/HINNAKIRI-arteflameco-1-1500x322.jpg 1500w, https:\/\/www.arteflamenco.ee\/wp-content\/uploads\/HINNAKIRI-arteflameco-1-705x152.jpg 705w, https:\/\/www.arteflamenco.ee\/wp-content\/uploads\/HINNAKIRI-arteflameco-1-450x97.jpg 450w\" sizes=\"(max-width: 1754px) 100vw, 1754px\" \/><\/div><\/div><\/div><\/p>\n","protected":false},"excerpt":{"rendered":"","protected":false},"author":1,"featured_media":0,"parent":1113,"menu_order":0,"comment_status":"closed","ping_status":"closed","template":"","meta":{"footnotes":""},"yoast_head":"<!-- This site is optimized with the Yoast SEO plugin v23.5 - https:\/\/yoast.com\/wordpress\/plugins\/seo\/ -->\n<title>ArteFlamenco stuudio hinnakiri<\/title>\n<meta name=\"description\" content=\"Hinnakirjast leiate k\u00f5ikide kursuste kohta infot: kursused lastele ja t\u00e4iskasvanutele, ka tehnikakursustele. Samuti leiab hinnakirjast infot koolituste ja temaatiliste s\u00fcnnip\u00e4evade pidamise kohta v\u00e4ljaspool Arte Flamenco Stuudiot.\" \/>\n<meta name=\"robots\" content=\"index, follow, max-snippet:-1, max-image-preview:large, max-video-preview:-1\" \/>\n<link rel=\"canonical\" href=\"https:\/\/www.arteflamenco.ee\/tunniplaan\/hinnakiri\/\" \/>\n<meta property=\"og:locale\" content=\"ru_RU\" \/>\n<meta property=\"og:type\" content=\"article\" \/>\n<meta property=\"og:title\" content=\"ArteFlamenco stuudio hinnakiri\" \/>\n<meta property=\"og:description\" content=\"Hinnakirjast leiate k\u00f5ikide kursuste kohta infot: kursused lastele ja t\u00e4iskasvanutele, ka tehnikakursustele. Samuti leiab hinnakirjast infot koolituste ja temaatiliste s\u00fcnnip\u00e4evade pidamise kohta v\u00e4ljaspool Arte Flamenco Stuudiot.\" \/>\n<meta property=\"og:url\" content=\"https:\/\/www.arteflamenco.ee\/tunniplaan\/hinnakiri\/\" \/>\n<meta property=\"og:site_name\" content=\"arteflamenco\" \/>\n<meta property=\"article:modified_time\" content=\"2023-09-14T14:56:40+00:00\" \/>\n<meta name=\"twitter:card\" content=\"summary_large_image\" \/>\n<meta name=\"twitter:label1\" content=\"\u041f\u0440\u0438\u043c\u0435\u0440\u043d\u043e\u0435 \u0432\u0440\u0435\u043c\u044f \u0434\u043b\u044f \u0447\u0442\u0435\u043d\u0438\u044f\" \/>\n\t<meta name=\"twitter:data1\" content=\"2 \u043c\u0438\u043d\u0443\u0442\u044b\" \/>\n<script type=\"application\/ld+json\" class=\"yoast-schema-graph\">{\"@context\":\"https:\/\/schema.org\",\"@graph\":[{\"@type\":\"WebPage\",\"@id\":\"https:\/\/www.arteflamenco.ee\/tunniplaan\/hinnakiri\/\",\"url\":\"https:\/\/www.arteflamenco.ee\/tunniplaan\/hinnakiri\/\",\"name\":\"ArteFlamenco stuudio hinnakiri\",\"isPartOf\":{\"@id\":\"https:\/\/www.arteflamenco.ee\/#website\"},\"datePublished\":\"2018-01-18T11:15:49+00:00\",\"dateModified\":\"2023-09-14T14:56:40+00:00\",\"description\":\"Hinnakirjast leiate k\u00f5ikide kursuste kohta infot: kursused lastele ja t\u00e4iskasvanutele, ka tehnikakursustele. Samuti leiab hinnakirjast infot koolituste ja temaatiliste s\u00fcnnip\u00e4evade pidamise kohta v\u00e4ljaspool Arte Flamenco Stuudiot.\",\"breadcrumb\":{\"@id\":\"https:\/\/www.arteflamenco.ee\/tunniplaan\/hinnakiri\/#breadcrumb\"},\"inLanguage\":\"ru-RU\",\"potentialAction\":[{\"@type\":\"ReadAction\",\"target\":[\"https:\/\/www.arteflamenco.ee\/tunniplaan\/hinnakiri\/\"]}]},{\"@type\":\"BreadcrumbList\",\"@id\":\"https:\/\/www.arteflamenco.ee\/tunniplaan\/hinnakiri\/#breadcrumb\",\"itemListElement\":[{\"@type\":\"ListItem\",\"position\":1,\"name\":\"Home\",\"item\":\"https:\/\/www.arteflamenco.ee\/\"},{\"@type\":\"ListItem\",\"position\":2,\"name\":\"\u0420\u0410\u0421\u041f\u0418\u0421\u0410\u041d\u0418\u0415\",\"item\":\"https:\/\/www.arteflamenco.ee\/tunniplaan\/\"},{\"@type\":\"ListItem\",\"position\":3,\"name\":\"\u0426\u0415\u041d\u042b\"}]},{\"@type\":\"WebSite\",\"@id\":\"https:\/\/www.arteflamenco.ee\/#website\",\"url\":\"https:\/\/www.arteflamenco.ee\/\",\"name\":\"arteflamenco\",\"description\":\"Flamenko tantsustuudio\",\"potentialAction\":[{\"@type\":\"SearchAction\",\"target\":{\"@type\":\"EntryPoint\",\"urlTemplate\":\"https:\/\/www.arteflamenco.ee\/?s={search_term_string}\"},\"query-input\":{\"@type\":\"PropertyValueSpecification\",\"valueRequired\":true,\"valueName\":\"search_term_string\"}}],\"inLanguage\":\"ru-RU\"}]}<\/script>\n<!-- \/ Yoast SEO plugin. -->","yoast_head_json":{"title":"ArteFlamenco stuudio hinnakiri","description":"Hinnakirjast leiate k\u00f5ikide kursuste kohta infot: kursused lastele ja t\u00e4iskasvanutele, ka tehnikakursustele. Samuti leiab hinnakirjast infot koolituste ja temaatiliste s\u00fcnnip\u00e4evade pidamise kohta v\u00e4ljaspool Arte Flamenco Stuudiot.","robots":{"index":"index","follow":"follow","max-snippet":"max-snippet:-1","max-image-preview":"max-image-preview:large","max-video-preview":"max-video-preview:-1"},"canonical":"https:\/\/www.arteflamenco.ee\/tunniplaan\/hinnakiri\/","og_locale":"ru_RU","og_type":"article","og_title":"ArteFlamenco stuudio hinnakiri","og_description":"Hinnakirjast leiate k\u00f5ikide kursuste kohta infot: kursused lastele ja t\u00e4iskasvanutele, ka tehnikakursustele. Samuti leiab hinnakirjast infot koolituste ja temaatiliste s\u00fcnnip\u00e4evade pidamise kohta v\u00e4ljaspool Arte Flamenco Stuudiot.","og_url":"https:\/\/www.arteflamenco.ee\/tunniplaan\/hinnakiri\/","og_site_name":"arteflamenco","article_modified_time":"2023-09-14T14:56:40+00:00","twitter_card":"summary_large_image","twitter_misc":{"\u041f\u0440\u0438\u043c\u0435\u0440\u043d\u043e\u0435 \u0432\u0440\u0435\u043c\u044f \u0434\u043b\u044f \u0447\u0442\u0435\u043d\u0438\u044f":"2 \u043c\u0438\u043d\u0443\u0442\u044b"},"schema":{"@context":"https:\/\/schema.org","@graph":[{"@type":"WebPage","@id":"https:\/\/www.arteflamenco.ee\/tunniplaan\/hinnakiri\/","url":"https:\/\/www.arteflamenco.ee\/tunniplaan\/hinnakiri\/","name":"ArteFlamenco stuudio hinnakiri","isPartOf":{"@id":"https:\/\/www.arteflamenco.ee\/#website"},"datePublished":"2018-01-18T11:15:49+00:00","dateModified":"2023-09-14T14:56:40+00:00","description":"Hinnakirjast leiate k\u00f5ikide kursuste kohta infot: kursused lastele ja t\u00e4iskasvanutele, ka tehnikakursustele. Samuti leiab hinnakirjast infot koolituste ja temaatiliste s\u00fcnnip\u00e4evade pidamise kohta v\u00e4ljaspool Arte Flamenco Stuudiot.","breadcrumb":{"@id":"https:\/\/www.arteflamenco.ee\/tunniplaan\/hinnakiri\/#breadcrumb"},"inLanguage":"ru-RU","potentialAction":[{"@type":"ReadAction","target":["https:\/\/www.arteflamenco.ee\/tunniplaan\/hinnakiri\/"]}]},{"@type":"BreadcrumbList","@id":"https:\/\/www.arteflamenco.ee\/tunniplaan\/hinnakiri\/#breadcrumb","itemListElement":[{"@type":"ListItem","position":1,"name":"Home","item":"https:\/\/www.arteflamenco.ee\/"},{"@type":"ListItem","position":2,"name":"\u0420\u0410\u0421\u041f\u0418\u0421\u0410\u041d\u0418\u0415","item":"https:\/\/www.arteflamenco.ee\/tunniplaan\/"},{"@type":"ListItem","position":3,"name":"\u0426\u0415\u041d\u042b"}]},{"@type":"WebSite","@id":"https:\/\/www.arteflamenco.ee\/#website","url":"https:\/\/www.arteflamenco.ee\/","name":"arteflamenco","description":"Flamenko tantsustuudio","potentialAction":[{"@type":"SearchAction","target":{"@type":"EntryPoint","urlTemplate":"https:\/\/www.arteflamenco.ee\/?s={search_term_string}"},"query-input":{"@type":"PropertyValueSpecification","valueRequired":true,"valueName":"search_term_string"}}],"inLanguage":"ru-RU"}]}},"_links":{"self":[{"href":"https:\/\/www.arteflamenco.ee\/ru\/wp-json\/wp\/v2\/pages\/1070"}],"collection":[{"href":"https:\/\/www.arteflamenco.ee\/ru\/wp-json\/wp\/v2\/pages"}],"about":[{"href":"https:\/\/www.arteflamenco.ee\/ru\/wp-json\/wp\/v2\/types\/page"}],"author":[{"embeddable":true,"href":"https:\/\/www.arteflamenco.ee\/ru\/wp-json\/wp\/v2\/users\/1"}],"replies":[{"embeddable":true,"href":"https:\/\/www.arteflamenco.ee\/ru\/wp-json\/wp\/v2\/comments?post=1070"}],"version-history":[{"count":13,"href":"https:\/\/www.arteflamenco.ee\/ru\/wp-json\/wp\/v2\/pages\/1070\/revisions"}],"predecessor-version":[{"id":3298,"href":"https:\/\/www.arteflamenco.ee\/ru\/wp-json\/wp\/v2\/pages\/1070\/revisions\/3298"}],"up":[{"embeddable":true,"href":"https:\/\/www.arteflamenco.ee\/ru\/wp-json\/wp\/v2\/pages\/1113"}],"wp:attachment":[{"href":"https:\/\/www.arteflamenco.ee\/ru\/wp-json\/wp\/v2\/media?parent=1070"}],"curies":[{"name":"wp","href":"https:\/\/api.w.org\/{rel}","templated":true}]}}